{"id":19034,"date":"2019-04-09T23:00:45","date_gmt":"2019-04-09T23:00:45","guid":{"rendered":"https:\/\/octaedro.com\/producto\/aprenentatge-servei-i-responsabilitat-social-de-les-universitats\/"},"modified":"2023-04-25T11:20:38","modified_gmt":"2023-04-25T09:20:38","slug":"aprenentatge-servei-i-responsabilitat-social-de-les-universitats","status":"publish","type":"product","link":"https:\/\/wizardly-davinci.82-223-8-23.plesk.page\/en\/producto\/aprenentatge-servei-i-responsabilitat-social-de-les-universitats\/","title":{"rendered":"Aprenentatge servei i responsabilitat social de les universitats"},"content":{"rendered":"<p>&nbsp;<\/p>\n<p>Les universitats s\u00f3n cada vegada m\u00e9s conscients que la seva funci\u00f3 no es pot realitzar amb qualitat al marge de la responsabilitat social que, com a institucions, els \u00e9s exigible. S\u00f3n finan\u00e7ades per la societat i cal que preparin titulats per exercir en un context social, tecnol\u00f2gic i cultural m\u00e9s i m\u00e9s complex. Un context en qu\u00e8 la sostenibilitat nom\u00e9s ser\u00e0 posible si integrem l\u2019exercici de responsabilitat social en la formaci\u00f3.<br \/>\nAquesta integraci\u00f3 es podria assolir si el model formatiu de cada universitat promogu\u00e9s, en la seva pr\u00e1ctica i en els seus espais de convivencia i treball, situacions d\u2019implicaci\u00f3 amb la comunitat. Les propostes d\u2019aprenentatge servei introdueixen com a novetat que l\u2019aprenentatge de l\u2019estudiant es construeix dins el context de les necessitats reals de l\u2019entorn, tot procurant millorar-lo.<\/p>\n","protected":false},"excerpt":{"rendered":"<p>Les universitats s\u00f3n cada vegada m\u00e9s conscients que la seva funci\u00f3 no es pot realitzar amb qualitat al marge de la responsabilitat social que, com a institucions, els \u00e9s exigible. S\u00f3n finan\u00e7ades per la societat i cal que preparin titulats per exercir en un context social, tecnol\u00f2gic i cultural m\u00e9s i m\u00e9s complex. Un context en qu\u00e8 la sostenibilitat nom\u00e9s ser\u00e0 posible si integrem l\u2019exercici de responsabilitat social en la formaci\u00f3.<br \/>\nAquesta integraci\u00f3 es podria assolir si el model formatiu de cada universitat promogu\u00e9s, en la seva pr\u00e1ctica i en els seus espais de convivencia i treball, situacions d\u2019implicaci\u00f3 amb la comunitat. Les propostes d\u2019aprenentatge servei introdueixen com a novetat que l\u2019aprenentatge de l\u2019estudiant es construeix dins el context de les necessitats reals de l\u2019entorn, tot procurant millorar-lo.<\/p>\n","protected":false},"featured_media":19035,"comment_status":"open","ping_status":"closed","template":"","meta":{"_et_pb_use_builder":"","_et_pb_old_content":"","_et_gb_content_width":""},"product_cat":[1512,6675,1510],"product_tag":[2604],"edicion":[1085,1083],"editoriales":[1160],"tienda":[],"autor_id":[5922],"universidades_coeditoras":[],"palabras_clave":[],"listado_alfabetico":[],"acf":[],"_links":{"self":[{"href":"https:\/\/wizardly-davinci.82-223-8-23.plesk.page\/en\/wp-json\/wp\/v2\/product\/19034"}],"collection":[{"href":"https:\/\/wizardly-davinci.82-223-8-23.plesk.page\/en\/wp-json\/wp\/v2\/product"}],"about":[{"href":"https:\/\/wizardly-davinci.82-223-8-23.plesk.page\/en\/wp-json\/wp\/v2\/types\/product"}],"replies":[{"embeddable":true,"href":"https:\/\/wizardly-davinci.82-223-8-23.plesk.page\/en\/wp-json\/wp\/v2\/comments?post=19034"}],"wp:featuredmedia":[{"embeddable":true,"href":"https:\/\/wizardly-davinci.82-223-8-23.plesk.page\/en\/wp-json\/wp\/v2\/media\/19035"}],"wp:attachment":[{"href":"https:\/\/wizardly-davinci.82-223-8-23.plesk.page\/en\/wp-json\/wp\/v2\/media?parent=19034"}],"wp:term":[{"taxonomy":"product_cat","embeddable":true,"href":"https:\/\/wizardly-davinci.82-223-8-23.plesk.page\/en\/wp-json\/wp\/v2\/product_cat?post=19034"},{"taxonomy":"product_tag","embeddable":true,"href":"https:\/\/wizardly-davinci.82-223-8-23.plesk.page\/en\/wp-json\/wp\/v2\/product_tag?post=19034"},{"taxonomy":"edicion","embeddable":true,"href":"https:\/\/wizardly-davinci.82-223-8-23.plesk.page\/en\/wp-json\/wp\/v2\/edicion?post=19034"},{"taxonomy":"editoriales","embeddable":true,"href":"https:\/\/wizardly-davinci.82-223-8-23.plesk.page\/en\/wp-json\/wp\/v2\/editoriales?post=19034"},{"taxonomy":"tienda","embeddable":true,"href":"https:\/\/wizardly-davinci.82-223-8-23.plesk.page\/en\/wp-json\/wp\/v2\/tienda?post=19034"},{"taxonomy":"autor_id","embeddable":true,"href":"https:\/\/wizardly-davinci.82-223-8-23.plesk.page\/en\/wp-json\/wp\/v2\/autor_id?post=19034"},{"taxonomy":"universidades_coeditoras","embeddable":true,"href":"https:\/\/wizardly-davinci.82-223-8-23.plesk.page\/en\/wp-json\/wp\/v2\/universidades_coeditoras?post=19034"},{"taxonomy":"palabras_clave","embeddable":true,"href":"https:\/\/wizardly-davinci.82-223-8-23.plesk.page\/en\/wp-json\/wp\/v2\/palabras_clave?post=19034"},{"taxonomy":"listado_alfabetico","embeddable":true,"href":"https:\/\/wizardly-davinci.82-223-8-23.plesk.page\/en\/wp-json\/wp\/v2\/listado_alfabetico?post=19034"}],"curies":[{"name":"wp","href":"https:\/\/api.w.org\/{rel}","templated":true}]}}