{"id":19036,"date":"2009-01-01T10:20:45","date_gmt":"2009-01-01T10:20:45","guid":{"rendered":"https:\/\/octaedro.com\/producto\/una-historia-de-les-religions-tal-qual\/"},"modified":"2023-04-25T11:20:46","modified_gmt":"2023-04-25T09:20:46","slug":"una-historia-de-les-religions-tal-qual","status":"publish","type":"product","link":"https:\/\/wizardly-davinci.82-223-8-23.plesk.page\/en\/producto\/una-historia-de-les-religions-tal-qual\/","title":{"rendered":"Una hist\u00f2ria de les religions, tal qual"},"content":{"rendered":"<p>Milers de milions de persones es defineixen com a religioses&#8230; i moltes altres, no. Qu\u00e8 s\u00f3n les religions? Per qu\u00e8 tantes religions? Per qu\u00e8 tantes idees i opinions diferents? Quina relaci\u00f3 hi ha entre tot all\u00f2 que forma part d&#8217;una religi\u00f3? All\u00f2 que aporten \u00e9s d&#8217;inter\u00e8s exclusiu dels creients o d&#8217;inter\u00e8s general?&#8230;<\/p>\n<p>Una hist\u00f2ria de les religions, tal qual vol oferir eines que permetin construir respostes a preguntes com aquestes. Presenta recursos per poder interpretar una realitat que \u00e9s molt plural i multifac\u00e8tica; recull exemples de creences, dogmes i rituals; exemples de costums socials i tamb\u00e9 d&#8217;una recerca de la veritat que va m\u00e9s enll\u00e0 de qualsevol norma o pr\u00e0ctica social. Mostra les preocupacions i aportacions d&#8217;homes i dones de temps i llocs molt diversos, situats en el seu context, perqu\u00e8 les condicions de vida canvien i les societats tamb\u00e9. Els significats dels gestos i dels costums es transformen; les religions passen per diferents etapes.<\/p>\n","protected":false},"excerpt":{"rendered":"<p>Milers de milions de persones es defineixen com a religioses&#8230; i moltes altres, no. Qu\u00e8 s\u00f3n les religions? Per qu\u00e8 tantes religions? Per qu\u00e8 tantes idees i opinions diferents? Quina relaci\u00f3 hi ha entre tot all\u00f2 que forma part d&#8217;una religi\u00f3? All\u00f2 que aporten \u00e9s d&#8217;inter\u00e8s exclusiu dels creients o d&#8217;inter\u00e8s general?&#8230;<\/p>\n<p>Una hist\u00f2ria de les religions, tal qual vol oferir eines que permetin construir respostes a preguntes com aquestes. Presenta recursos per poder interpretar una realitat que \u00e9s molt plural i multifac\u00e8tica; recull exemples de creences, dogmes i rituals; exemples de costums socials i tamb\u00e9 d&#8217;una recerca de la veritat que va m\u00e9s enll\u00e0 de qualsevol norma o pr\u00e0ctica social. Mostra les preocupacions i aportacions d&#8217;homes i dones de temps i llocs molt diversos, situats en el seu context, perqu\u00e8 les condicions de vida canvien i les societats tamb\u00e9. Els significats dels gestos i dels costums es transformen; les religions passen per diferents etapes.<\/p>\n","protected":false},"featured_media":19037,"comment_status":"open","ping_status":"closed","template":"","meta":{"_et_pb_use_builder":"","_et_pb_old_content":"","_et_gb_content_width":""},"product_cat":[1512,1510],"product_tag":[2602],"edicion":[1083],"editoriales":[1160],"tienda":[],"autor_id":[5637,6190],"universidades_coeditoras":[],"palabras_clave":[],"listado_alfabetico":[],"acf":[],"_links":{"self":[{"href":"https:\/\/wizardly-davinci.82-223-8-23.plesk.page\/en\/wp-json\/wp\/v2\/product\/19036"}],"collection":[{"href":"https:\/\/wizardly-davinci.82-223-8-23.plesk.page\/en\/wp-json\/wp\/v2\/product"}],"about":[{"href":"https:\/\/wizardly-davinci.82-223-8-23.plesk.page\/en\/wp-json\/wp\/v2\/types\/product"}],"replies":[{"embeddable":true,"href":"https:\/\/wizardly-davinci.82-223-8-23.plesk.page\/en\/wp-json\/wp\/v2\/comments?post=19036"}],"wp:featuredmedia":[{"embeddable":true,"href":"https:\/\/wizardly-davinci.82-223-8-23.plesk.page\/en\/wp-json\/wp\/v2\/media\/19037"}],"wp:attachment":[{"href":"https:\/\/wizardly-davinci.82-223-8-23.plesk.page\/en\/wp-json\/wp\/v2\/media?parent=19036"}],"wp:term":[{"taxonomy":"product_cat","embeddable":true,"href":"https:\/\/wizardly-davinci.82-223-8-23.plesk.page\/en\/wp-json\/wp\/v2\/product_cat?post=19036"},{"taxonomy":"product_tag","embeddable":true,"href":"https:\/\/wizardly-davinci.82-223-8-23.plesk.page\/en\/wp-json\/wp\/v2\/product_tag?post=19036"},{"taxonomy":"edicion","embeddable":true,"href":"https:\/\/wizardly-davinci.82-223-8-23.plesk.page\/en\/wp-json\/wp\/v2\/edicion?post=19036"},{"taxonomy":"editoriales","embeddable":true,"href":"https:\/\/wizardly-davinci.82-223-8-23.plesk.page\/en\/wp-json\/wp\/v2\/editoriales?post=19036"},{"taxonomy":"tienda","embeddable":true,"href":"https:\/\/wizardly-davinci.82-223-8-23.plesk.page\/en\/wp-json\/wp\/v2\/tienda?post=19036"},{"taxonomy":"autor_id","embeddable":true,"href":"https:\/\/wizardly-davinci.82-223-8-23.plesk.page\/en\/wp-json\/wp\/v2\/autor_id?post=19036"},{"taxonomy":"universidades_coeditoras","embeddable":true,"href":"https:\/\/wizardly-davinci.82-223-8-23.plesk.page\/en\/wp-json\/wp\/v2\/universidades_coeditoras?post=19036"},{"taxonomy":"palabras_clave","embeddable":true,"href":"https:\/\/wizardly-davinci.82-223-8-23.plesk.page\/en\/wp-json\/wp\/v2\/palabras_clave?post=19036"},{"taxonomy":"listado_alfabetico","embeddable":true,"href":"https:\/\/wizardly-davinci.82-223-8-23.plesk.page\/en\/wp-json\/wp\/v2\/listado_alfabetico?post=19036"}],"curies":[{"name":"wp","href":"https:\/\/api.w.org\/{rel}","templated":true}]}}