{"id":19042,"date":"2019-04-09T23:00:46","date_gmt":"2019-04-09T23:00:46","guid":{"rendered":"https:\/\/octaedro.com\/producto\/sex-crets\/"},"modified":"2023-04-25T11:21:07","modified_gmt":"2023-04-25T09:21:07","slug":"sex-crets","status":"publish","type":"product","link":"https:\/\/wizardly-davinci.82-223-8-23.plesk.page\/en\/producto\/sex-crets\/","title":{"rendered":"Sex-crets"},"content":{"rendered":"<p><em>Sex-crets. Els secrets d\u2019un aprenentatge<\/em> \u00e9s un material adre\u00e7at a tots aquells professionals interessats a treballar amb adolescents i joves aspectes relacionats amb l\u2019afectivitat i la sexualitat. Es pret\u00e9n facilitar el di\u00e0leg per poder pensar, debatre i reflexionar sobre l\u2019amor i l\u2019enamorament, el desig, la import\u00e0ncia del grup, la relaci\u00f3 amb els pares, les primeres relacions, els m\u00e8todes anticonceptius, l\u2019embar\u00e0s, etc.<\/p>\n<p>La finalitat d\u2019aquest material did\u00e0ctic \u00e9s, d&#8217;una banda, contribuir a la viv\u00e8ncia d\u2019unes relacions afectives i sexuals positives i saludables per part dels nostres adolescents i, de l&#8217;altra, proporcionar als professionals una eina actual i din\u00e0mica que els ajudi en les seves intervencions.<\/p>\n<p>Els anys d\u2019experi\u00e8ncia en la realitzaci\u00f3 de tallers d\u2019educaci\u00f3 afectiva i sexual al Centre Jove d\u2019Anticoncepci\u00f3 i Sexualitat (CJAS) ens han fet veure la necessitat de renovar les din\u00e0miques que s\u2019utilitzen en les activitats educatives per apropar-les m\u00e9s a la realitat dels adolescents i joves. Hem tingut la sort de poder comptar, una vegada m\u00e9s, amb la creativitat i el talent de la il\u2022lustradora i amiga Mariel Soria, que ha sabut plasmar les nostres idees en divertides i originals il\u2022lustracions, que de ben segur faran que aquest material sigui m\u00e9s atractiu als ulls del jovent.<\/p>\n","protected":false},"excerpt":{"rendered":"<p><em>Sex-crets. Els secrets d\u2019un aprenentatge<\/em> \u00e9s un material adre\u00e7at a tots aquells professionals interessats a treballar amb adolescents i joves aspectes relacionats amb l\u2019afectivitat i la sexualitat. Es pret\u00e9n facilitar el di\u00e0leg per poder pensar, debatre i reflexionar sobre l\u2019amor i l\u2019enamorament, el desig, la import\u00e0ncia del grup, la relaci\u00f3 amb els pares, les primeres relacions, els m\u00e8todes anticonceptius, l\u2019embar\u00e0s, etc.<\/p>\n<p>La finalitat d\u2019aquest material did\u00e0ctic \u00e9s, d&#8217;una banda, contribuir a la viv\u00e8ncia d\u2019unes relacions afectives i sexuals positives i saludables per part dels nostres adolescents i, de l&#8217;altra, proporcionar als professionals una eina actual i din\u00e0mica que els ajudi en les seves intervencions.<\/p>\n<p>Els anys d\u2019experi\u00e8ncia en la realitzaci\u00f3 de tallers d\u2019educaci\u00f3 afectiva i sexual al Centre Jove d\u2019Anticoncepci\u00f3 i Sexualitat (CJAS) ens han fet veure la necessitat de renovar les din\u00e0miques que s\u2019utilitzen en les activitats educatives per apropar-les m\u00e9s a la realitat dels adolescents i joves. Hem tingut la sort de poder comptar, una vegada m\u00e9s, amb la creativitat i el talent de la il\u2022lustradora i amiga Mariel Soria, que ha sabut plasmar les nostres idees en divertides i originals il\u2022lustracions, que de ben segur faran que aquest material sigui m\u00e9s atractiu als ulls del jovent.<\/p>\n","protected":false},"featured_media":19043,"comment_status":"open","ping_status":"closed","template":"","meta":{"_et_pb_use_builder":"","_et_pb_old_content":"","_et_gb_content_width":""},"product_cat":[6675,1510],"product_tag":[2602],"edicion":[1083],"editoriales":[1160],"tienda":[],"autor_id":[5104,5651,6206],"universidades_coeditoras":[],"palabras_clave":[],"listado_alfabetico":[],"acf":[],"_links":{"self":[{"href":"https:\/\/wizardly-davinci.82-223-8-23.plesk.page\/en\/wp-json\/wp\/v2\/product\/19042"}],"collection":[{"href":"https:\/\/wizardly-davinci.82-223-8-23.plesk.page\/en\/wp-json\/wp\/v2\/product"}],"about":[{"href":"https:\/\/wizardly-davinci.82-223-8-23.plesk.page\/en\/wp-json\/wp\/v2\/types\/product"}],"replies":[{"embeddable":true,"href":"https:\/\/wizardly-davinci.82-223-8-23.plesk.page\/en\/wp-json\/wp\/v2\/comments?post=19042"}],"wp:featuredmedia":[{"embeddable":true,"href":"https:\/\/wizardly-davinci.82-223-8-23.plesk.page\/en\/wp-json\/wp\/v2\/media\/19043"}],"wp:attachment":[{"href":"https:\/\/wizardly-davinci.82-223-8-23.plesk.page\/en\/wp-json\/wp\/v2\/media?parent=19042"}],"wp:term":[{"taxonomy":"product_cat","embeddable":true,"href":"https:\/\/wizardly-davinci.82-223-8-23.plesk.page\/en\/wp-json\/wp\/v2\/product_cat?post=19042"},{"taxonomy":"product_tag","embeddable":true,"href":"https:\/\/wizardly-davinci.82-223-8-23.plesk.page\/en\/wp-json\/wp\/v2\/product_tag?post=19042"},{"taxonomy":"edicion","embeddable":true,"href":"https:\/\/wizardly-davinci.82-223-8-23.plesk.page\/en\/wp-json\/wp\/v2\/edicion?post=19042"},{"taxonomy":"editoriales","embeddable":true,"href":"https:\/\/wizardly-davinci.82-223-8-23.plesk.page\/en\/wp-json\/wp\/v2\/editoriales?post=19042"},{"taxonomy":"tienda","embeddable":true,"href":"https:\/\/wizardly-davinci.82-223-8-23.plesk.page\/en\/wp-json\/wp\/v2\/tienda?post=19042"},{"taxonomy":"autor_id","embeddable":true,"href":"https:\/\/wizardly-davinci.82-223-8-23.plesk.page\/en\/wp-json\/wp\/v2\/autor_id?post=19042"},{"taxonomy":"universidades_coeditoras","embeddable":true,"href":"https:\/\/wizardly-davinci.82-223-8-23.plesk.page\/en\/wp-json\/wp\/v2\/universidades_coeditoras?post=19042"},{"taxonomy":"palabras_clave","embeddable":true,"href":"https:\/\/wizardly-davinci.82-223-8-23.plesk.page\/en\/wp-json\/wp\/v2\/palabras_clave?post=19042"},{"taxonomy":"listado_alfabetico","embeddable":true,"href":"https:\/\/wizardly-davinci.82-223-8-23.plesk.page\/en\/wp-json\/wp\/v2\/listado_alfabetico?post=19042"}],"curies":[{"name":"wp","href":"https:\/\/api.w.org\/{rel}","templated":true}]}}