{"id":19048,"date":"2019-04-09T23:00:48","date_gmt":"2019-04-09T23:00:48","guid":{"rendered":"https:\/\/octaedro.com\/producto\/el-crac-energetic\/"},"modified":"2023-04-25T11:59:50","modified_gmt":"2023-04-25T09:59:50","slug":"el-crac-energetic","status":"publish","type":"product","link":"https:\/\/wizardly-davinci.82-223-8-23.plesk.page\/en\/producto\/el-crac-energetic\/","title":{"rendered":"El crac energ\u00e8tic"},"content":{"rendered":"<p>L\u2019esgotament dels recursos combustibles f\u00f2ssils \u00e9s una realitat avalada per totes les fonts oficials que en xifren les exist\u00e8ncies restants. El llibre recull tant l\u2019estat de les fonts energ\u00e8tiques que utilitzem arreu del m\u00f3n per tirar endavant el model econ\u00f2mic de creixement que hem propugnat els \u00faltims segles, com els elevad\u00edssims consums mundials i l\u2019an\u00e0lisi de les fal\u00b7l\u00e0cies que es divulguen per tranquil\u00b7litzar la poblaci\u00f3.<br \/>\nSi b\u00e9 les energies renovables podrien ser una part de la soluci\u00f3 al crac energ\u00e8tic, no s\u00f3n suficients si mantenim el consum actual. Anualment estem consumint all\u00f2 que el planeta va trigar milions d\u2019anys a crear. Aix\u00ed doncs, la clau no \u00e9s altra que canviar el paradigma econ\u00f2mic. El decreixement ha deixat de ser una opci\u00f3. Haurem de repensar com viatgem, com vivim, com ens alimentem, com treballem\u2026 En cadascuna de les nostres facetes de la vida podem aconseguir estalvi energ\u00e8tic.<br \/>\nAquest no \u00e9s el llibre de l\u2019apocalipsi, malgrat que el fet de contraposar les xifres del consum mundial a les exist\u00e8ncies energ\u00e8tiques ens revela un panorama no massa encoratjador. Al contrari, nom\u00e9s vol despertar la consci\u00e8ncia de totes i cadascuna de les persones que consumim energia perqu\u00e8 una a una comencem a canviar l\u2019\u00fas social que en fem i puguem incidir en les pol\u00edtiques energ\u00e8tiques col\u00b7lectives. Una bona part del problema es resoldria evitant els usos inadequats i analitzant els itineraris que segueix l\u2019energia.<br \/>\nTots tenim un paper en el canvi energ\u00e8tic. La responsabilitat per garantir un futur m\u00e9s enll\u00e0 de l\u2019esgotament dels combustibles f\u00f2ssils \u00e9s de tots.<\/p>\n","protected":false},"excerpt":{"rendered":"<p>L\u2019esgotament dels recursos combustibles f\u00f2ssils \u00e9s una realitat avalada per totes les fonts oficials que en xifren les exist\u00e8ncies restants. El llibre recull tant l\u2019estat de les fonts energ\u00e8tiques que utilitzem arreu del m\u00f3n per tirar endavant el model econ\u00f2mic de creixement que hem propugnat els \u00faltims segles, com els elevad\u00edssims consums mundials i l\u2019an\u00e0lisi de les fal\u00b7l\u00e0cies que es divulguen per tranquil\u00b7litzar la poblaci\u00f3.<br \/>\nSi b\u00e9 les energies renovables podrien ser una part de la soluci\u00f3 al crac energ\u00e8tic, no s\u00f3n suficients si mantenim el consum actual. Anualment estem consumint all\u00f2 que el planeta va trigar milions d\u2019anys a crear. Aix\u00ed doncs, la clau no \u00e9s altra que canviar el paradigma econ\u00f2mic. El decreixement ha deixat de ser una opci\u00f3. Haurem de repensar com viatgem, com vivim, com ens alimentem, com treballem\u2026 En cadascuna de les nostres facetes de la vida podem aconseguir estalvi energ\u00e8tic.<br \/>\nAquest no \u00e9s el llibre de l\u2019apocalipsi, malgrat que el fet de contraposar les xifres del consum mundial a les exist\u00e8ncies energ\u00e8tiques ens revela un panorama no massa encoratjador. Al contrari, nom\u00e9s vol despertar la consci\u00e8ncia de totes i cadascuna de les persones que consumim energia perqu\u00e8 una a una comencem a canviar l\u2019\u00fas social que en fem i puguem incidir en les pol\u00edtiques energ\u00e8tiques col\u00b7lectives. Una bona part del problema es resoldria evitant els usos inadequats i analitzant els itineraris que segueix l\u2019energia.<br \/>\nTots tenim un paper en el canvi energ\u00e8tic. La responsabilitat per garantir un futur m\u00e9s enll\u00e0 de l\u2019esgotament dels combustibles f\u00f2ssils \u00e9s de tots.<\/p>\n","protected":false},"featured_media":19049,"comment_status":"open","ping_status":"closed","template":"","meta":{"_et_pb_use_builder":"","_et_pb_old_content":"","_et_gb_content_width":""},"product_cat":[2606,1512,6674,6675,1510],"product_tag":[2608],"edicion":[1085,1083],"editoriales":[1160],"tienda":[],"autor_id":[6236,6364,6503],"universidades_coeditoras":[],"palabras_clave":[],"listado_alfabetico":[],"acf":[],"_links":{"self":[{"href":"https:\/\/wizardly-davinci.82-223-8-23.plesk.page\/en\/wp-json\/wp\/v2\/product\/19048"}],"collection":[{"href":"https:\/\/wizardly-davinci.82-223-8-23.plesk.page\/en\/wp-json\/wp\/v2\/product"}],"about":[{"href":"https:\/\/wizardly-davinci.82-223-8-23.plesk.page\/en\/wp-json\/wp\/v2\/types\/product"}],"replies":[{"embeddable":true,"href":"https:\/\/wizardly-davinci.82-223-8-23.plesk.page\/en\/wp-json\/wp\/v2\/comments?post=19048"}],"wp:featuredmedia":[{"embeddable":true,"href":"https:\/\/wizardly-davinci.82-223-8-23.plesk.page\/en\/wp-json\/wp\/v2\/media\/19049"}],"wp:attachment":[{"href":"https:\/\/wizardly-davinci.82-223-8-23.plesk.page\/en\/wp-json\/wp\/v2\/media?parent=19048"}],"wp:term":[{"taxonomy":"product_cat","embeddable":true,"href":"https:\/\/wizardly-davinci.82-223-8-23.plesk.page\/en\/wp-json\/wp\/v2\/product_cat?post=19048"},{"taxonomy":"product_tag","embeddable":true,"href":"https:\/\/wizardly-davinci.82-223-8-23.plesk.page\/en\/wp-json\/wp\/v2\/product_tag?post=19048"},{"taxonomy":"edicion","embeddable":true,"href":"https:\/\/wizardly-davinci.82-223-8-23.plesk.page\/en\/wp-json\/wp\/v2\/edicion?post=19048"},{"taxonomy":"editoriales","embeddable":true,"href":"https:\/\/wizardly-davinci.82-223-8-23.plesk.page\/en\/wp-json\/wp\/v2\/editoriales?post=19048"},{"taxonomy":"tienda","embeddable":true,"href":"https:\/\/wizardly-davinci.82-223-8-23.plesk.page\/en\/wp-json\/wp\/v2\/tienda?post=19048"},{"taxonomy":"autor_id","embeddable":true,"href":"https:\/\/wizardly-davinci.82-223-8-23.plesk.page\/en\/wp-json\/wp\/v2\/autor_id?post=19048"},{"taxonomy":"universidades_coeditoras","embeddable":true,"href":"https:\/\/wizardly-davinci.82-223-8-23.plesk.page\/en\/wp-json\/wp\/v2\/universidades_coeditoras?post=19048"},{"taxonomy":"palabras_clave","embeddable":true,"href":"https:\/\/wizardly-davinci.82-223-8-23.plesk.page\/en\/wp-json\/wp\/v2\/palabras_clave?post=19048"},{"taxonomy":"listado_alfabetico","embeddable":true,"href":"https:\/\/wizardly-davinci.82-223-8-23.plesk.page\/en\/wp-json\/wp\/v2\/listado_alfabetico?post=19048"}],"curies":[{"name":"wp","href":"https:\/\/api.w.org\/{rel}","templated":true}]}}