{"id":19052,"date":"2013-05-01T10:40:48","date_gmt":"2013-05-01T10:40:48","guid":{"rendered":"https:\/\/octaedro.com\/producto\/la-historia-de-sant-adria-llegida-des-de-la-mina\/"},"modified":"2023-04-25T12:00:05","modified_gmt":"2023-04-25T10:00:05","slug":"la-historia-de-sant-adria-llegida-des-de-la-mina","status":"publish","type":"product","link":"https:\/\/wizardly-davinci.82-223-8-23.plesk.page\/en\/producto\/la-historia-de-sant-adria-llegida-des-de-la-mina\/","title":{"rendered":"La hist\u00f2ria de Sant Adri\u00e0 llegida des de la Mina"},"content":{"rendered":"<p>Sant Adri\u00e0 de Bes\u00f2s t\u00e9 una llarga hist\u00f2ria com a lloc de pas entre Barcelona i Badalona, les dues antigues ciutats de la zona, i sempre ha estat un espai disputat per les grans forces que l\u2019envoltaven. En canvi, la seva hist\u00f2ria com a ciutat \u00e9s relativament curta.<br \/>\nLa zona del Pla de Bes\u00f2s, m\u00e9s coneguda com zona de la Mina o Font de la Mina, gaireb\u00e9 sempre ha estat una zona \u00abal marge\u00bb (per no dir marginal) dins aquestes hist\u00f2ries i conflictes.<br \/>\nEn les diferents publicacions que s\u2019han fet sobre la hist\u00f2ria de Sant Adri\u00e0, la Mina hi ha estat molt poc present. Com a molt, apareix \u00abanecd\u00f2ticament\u00bb i, malauradament, es presenta m\u00e9s com una \u00abzona conflictiva\u00bb que com cap altra cosa.<br \/>\nAquest llibre vol aportar una lectura de la hist\u00f2ria de Sant Adri\u00e0 llegida des de la Mina, una zona convertida en \u00abperif\u00e8ria de dues ciutats en permanent conflicte\u00bb. Un territori al qual mai s\u2019ha tingut gaire estimaci\u00f3, fora de convertir-lo en el rac\u00f3 dels malendre\u00e7os, i en qu\u00e8 s\u2019ha condemnat a molta gent al gueto i la marginaci\u00f3 social.<\/p>\n","protected":false},"excerpt":{"rendered":"<p>Sant Adri\u00e0 de Bes\u00f2s t\u00e9 una llarga hist\u00f2ria com a lloc de pas entre Barcelona i Badalona, les dues antigues ciutats de la zona, i sempre ha estat un espai disputat per les grans forces que l\u2019envoltaven. En canvi, la seva hist\u00f2ria com a ciutat \u00e9s relativament curta.<br \/>\nLa zona del Pla de Bes\u00f2s, m\u00e9s coneguda com zona de la Mina o Font de la Mina, gaireb\u00e9 sempre ha estat una zona \u00abal marge\u00bb (per no dir marginal) dins aquestes hist\u00f2ries i conflictes.<br \/>\nEn les diferents publicacions que s\u2019han fet sobre la hist\u00f2ria de Sant Adri\u00e0, la Mina hi ha estat molt poc present. Com a molt, apareix \u00abanecd\u00f2ticament\u00bb i, malauradament, es presenta m\u00e9s com una \u00abzona conflictiva\u00bb que com cap altra cosa.<br \/>\nAquest llibre vol aportar una lectura de la hist\u00f2ria de Sant Adri\u00e0 llegida des de la Mina, una zona convertida en \u00abperif\u00e8ria de dues ciutats en permanent conflicte\u00bb. Un territori al qual mai s\u2019ha tingut gaire estimaci\u00f3, fora de convertir-lo en el rac\u00f3 dels malendre\u00e7os, i en qu\u00e8 s\u2019ha condemnat a molta gent al gueto i la marginaci\u00f3 social.<\/p>\n","protected":false},"featured_media":19053,"comment_status":"open","ping_status":"closed","template":"","meta":{"_et_pb_use_builder":"","_et_pb_old_content":"","_et_gb_content_width":""},"product_cat":[1512,1510],"product_tag":[2602],"edicion":[1083],"editoriales":[1160],"tienda":[],"autor_id":[5988],"universidades_coeditoras":[],"palabras_clave":[],"listado_alfabetico":[],"acf":[],"_links":{"self":[{"href":"https:\/\/wizardly-davinci.82-223-8-23.plesk.page\/en\/wp-json\/wp\/v2\/product\/19052"}],"collection":[{"href":"https:\/\/wizardly-davinci.82-223-8-23.plesk.page\/en\/wp-json\/wp\/v2\/product"}],"about":[{"href":"https:\/\/wizardly-davinci.82-223-8-23.plesk.page\/en\/wp-json\/wp\/v2\/types\/product"}],"replies":[{"embeddable":true,"href":"https:\/\/wizardly-davinci.82-223-8-23.plesk.page\/en\/wp-json\/wp\/v2\/comments?post=19052"}],"wp:featuredmedia":[{"embeddable":true,"href":"https:\/\/wizardly-davinci.82-223-8-23.plesk.page\/en\/wp-json\/wp\/v2\/media\/19053"}],"wp:attachment":[{"href":"https:\/\/wizardly-davinci.82-223-8-23.plesk.page\/en\/wp-json\/wp\/v2\/media?parent=19052"}],"wp:term":[{"taxonomy":"product_cat","embeddable":true,"href":"https:\/\/wizardly-davinci.82-223-8-23.plesk.page\/en\/wp-json\/wp\/v2\/product_cat?post=19052"},{"taxonomy":"product_tag","embeddable":true,"href":"https:\/\/wizardly-davinci.82-223-8-23.plesk.page\/en\/wp-json\/wp\/v2\/product_tag?post=19052"},{"taxonomy":"edicion","embeddable":true,"href":"https:\/\/wizardly-davinci.82-223-8-23.plesk.page\/en\/wp-json\/wp\/v2\/edicion?post=19052"},{"taxonomy":"editoriales","embeddable":true,"href":"https:\/\/wizardly-davinci.82-223-8-23.plesk.page\/en\/wp-json\/wp\/v2\/editoriales?post=19052"},{"taxonomy":"tienda","embeddable":true,"href":"https:\/\/wizardly-davinci.82-223-8-23.plesk.page\/en\/wp-json\/wp\/v2\/tienda?post=19052"},{"taxonomy":"autor_id","embeddable":true,"href":"https:\/\/wizardly-davinci.82-223-8-23.plesk.page\/en\/wp-json\/wp\/v2\/autor_id?post=19052"},{"taxonomy":"universidades_coeditoras","embeddable":true,"href":"https:\/\/wizardly-davinci.82-223-8-23.plesk.page\/en\/wp-json\/wp\/v2\/universidades_coeditoras?post=19052"},{"taxonomy":"palabras_clave","embeddable":true,"href":"https:\/\/wizardly-davinci.82-223-8-23.plesk.page\/en\/wp-json\/wp\/v2\/palabras_clave?post=19052"},{"taxonomy":"listado_alfabetico","embeddable":true,"href":"https:\/\/wizardly-davinci.82-223-8-23.plesk.page\/en\/wp-json\/wp\/v2\/listado_alfabetico?post=19052"}],"curies":[{"name":"wp","href":"https:\/\/api.w.org\/{rel}","templated":true}]}}