{"id":19054,"date":"2019-04-09T23:00:49","date_gmt":"2019-04-09T23:00:49","guid":{"rendered":"https:\/\/octaedro.com\/producto\/quadern-de-dilluns\/"},"modified":"2023-04-25T12:00:12","modified_gmt":"2023-04-25T10:00:12","slug":"quadern-de-dilluns","status":"publish","type":"product","link":"https:\/\/wizardly-davinci.82-223-8-23.plesk.page\/en\/producto\/quadern-de-dilluns\/","title":{"rendered":"Quadern de dilluns"},"content":{"rendered":"<p>Aquest quadern comen\u00e7a el primer dia de l\u2019any 2012 i acaba el dia 31 de desembre. \u00c9s un quadern de notes que l\u2019autor ha escrit cada dilluns. El resultat \u00e9s com aquelles carpetes dels alumnes que s\u2019han d\u2019endre\u00e7ar a final de cada trimestre i que recullen el treball fet durant un curs.<br \/>\nHi trobareu refer\u00e8ncies a l\u2019actualitat que parlen del temps que ens toca viure. Un temps present, per\u00f2 que se sap condicionat pel passat, en forma de mem\u00f2ria, i que t\u00e9 la mirada al futur, a la utopia i a l\u2019esperan\u00e7a que sempre suposa un projecte educatiu.<\/p>\n<p>Al llarg de les setmanes apareixen an\u00e8cdotes, algunes categories, records, viv\u00e8ncies, persones, reflexions \u00e8tiques i est\u00e8tiques, preguntes, respostes i noves preguntes que, possiblement, mai no tindran una resposta definitiva. Per aix\u00f2 t\u00e9 sentit educar.<\/p>\n<p>Tamb\u00e9 s\u2019hi inclouen resums breus d\u2019alguns dels llibres i de les pel\u00b7l\u00edcules que l\u2019autor ha llegit o ha vist durant l\u2019any. Per a ell, l\u2019educaci\u00f3, el cine i la literatura formen un tot indestriable, a trav\u00e9s del qual ens explica com mira el m\u00f3n i com es veu en ell, en aquest m\u00f3n que intenta con\u00e8ixer, entendre i millorar.<\/p>\n","protected":false},"excerpt":{"rendered":"<p>Aquest quadern comen\u00e7a el primer dia de l\u2019any 2012 i acaba el dia 31 de desembre. \u00c9s un quadern de notes que l\u2019autor ha escrit cada dilluns. El resultat \u00e9s com aquelles carpetes dels alumnes que s\u2019han d\u2019endre\u00e7ar a final de cada trimestre i que recullen el treball fet durant un curs.<br \/>\nHi trobareu refer\u00e8ncies a l\u2019actualitat que parlen del temps que ens toca viure. Un temps present, per\u00f2 que se sap condicionat pel passat, en forma de mem\u00f2ria, i que t\u00e9 la mirada al futur, a la utopia i a l\u2019esperan\u00e7a que sempre suposa un projecte educatiu.<\/p>\n<p>Al llarg de les setmanes apareixen an\u00e8cdotes, algunes categories, records, viv\u00e8ncies, persones, reflexions \u00e8tiques i est\u00e8tiques, preguntes, respostes i noves preguntes que, possiblement, mai no tindran una resposta definitiva. Per aix\u00f2 t\u00e9 sentit educar.<\/p>\n<p>Tamb\u00e9 s\u2019hi inclouen resums breus d\u2019alguns dels llibres i de les pel\u00b7l\u00edcules que l\u2019autor ha llegit o ha vist durant l\u2019any. Per a ell, l\u2019educaci\u00f3, el cine i la literatura formen un tot indestriable, a trav\u00e9s del qual ens explica com mira el m\u00f3n i com es veu en ell, en aquest m\u00f3n que intenta con\u00e8ixer, entendre i millorar.<\/p>\n","protected":false},"featured_media":19055,"comment_status":"open","ping_status":"closed","template":"","meta":{"_et_pb_use_builder":"","_et_pb_old_content":"","_et_gb_content_width":""},"product_cat":[2606,6674,6675,1510],"product_tag":[2608],"edicion":[1085,1083],"editoriales":[1160],"tienda":[],"autor_id":[5273],"universidades_coeditoras":[],"palabras_clave":[],"listado_alfabetico":[],"acf":[],"_links":{"self":[{"href":"https:\/\/wizardly-davinci.82-223-8-23.plesk.page\/en\/wp-json\/wp\/v2\/product\/19054"}],"collection":[{"href":"https:\/\/wizardly-davinci.82-223-8-23.plesk.page\/en\/wp-json\/wp\/v2\/product"}],"about":[{"href":"https:\/\/wizardly-davinci.82-223-8-23.plesk.page\/en\/wp-json\/wp\/v2\/types\/product"}],"replies":[{"embeddable":true,"href":"https:\/\/wizardly-davinci.82-223-8-23.plesk.page\/en\/wp-json\/wp\/v2\/comments?post=19054"}],"wp:featuredmedia":[{"embeddable":true,"href":"https:\/\/wizardly-davinci.82-223-8-23.plesk.page\/en\/wp-json\/wp\/v2\/media\/19055"}],"wp:attachment":[{"href":"https:\/\/wizardly-davinci.82-223-8-23.plesk.page\/en\/wp-json\/wp\/v2\/media?parent=19054"}],"wp:term":[{"taxonomy":"product_cat","embeddable":true,"href":"https:\/\/wizardly-davinci.82-223-8-23.plesk.page\/en\/wp-json\/wp\/v2\/product_cat?post=19054"},{"taxonomy":"product_tag","embeddable":true,"href":"https:\/\/wizardly-davinci.82-223-8-23.plesk.page\/en\/wp-json\/wp\/v2\/product_tag?post=19054"},{"taxonomy":"edicion","embeddable":true,"href":"https:\/\/wizardly-davinci.82-223-8-23.plesk.page\/en\/wp-json\/wp\/v2\/edicion?post=19054"},{"taxonomy":"editoriales","embeddable":true,"href":"https:\/\/wizardly-davinci.82-223-8-23.plesk.page\/en\/wp-json\/wp\/v2\/editoriales?post=19054"},{"taxonomy":"tienda","embeddable":true,"href":"https:\/\/wizardly-davinci.82-223-8-23.plesk.page\/en\/wp-json\/wp\/v2\/tienda?post=19054"},{"taxonomy":"autor_id","embeddable":true,"href":"https:\/\/wizardly-davinci.82-223-8-23.plesk.page\/en\/wp-json\/wp\/v2\/autor_id?post=19054"},{"taxonomy":"universidades_coeditoras","embeddable":true,"href":"https:\/\/wizardly-davinci.82-223-8-23.plesk.page\/en\/wp-json\/wp\/v2\/universidades_coeditoras?post=19054"},{"taxonomy":"palabras_clave","embeddable":true,"href":"https:\/\/wizardly-davinci.82-223-8-23.plesk.page\/en\/wp-json\/wp\/v2\/palabras_clave?post=19054"},{"taxonomy":"listado_alfabetico","embeddable":true,"href":"https:\/\/wizardly-davinci.82-223-8-23.plesk.page\/en\/wp-json\/wp\/v2\/listado_alfabetico?post=19054"}],"curies":[{"name":"wp","href":"https:\/\/api.w.org\/{rel}","templated":true}]}}