{"id":19056,"date":"2019-04-09T23:00:49","date_gmt":"2019-04-09T23:00:49","guid":{"rendered":"https:\/\/octaedro.com\/producto\/perdues-i-dols\/"},"modified":"2023-04-25T12:00:19","modified_gmt":"2023-04-25T10:00:19","slug":"perdues-i-dols","status":"publish","type":"product","link":"https:\/\/wizardly-davinci.82-223-8-23.plesk.page\/en\/producto\/perdues-i-dols\/","title":{"rendered":"P\u00e8rdues i dols"},"content":{"rendered":"<p>Perdre no ens agrada gaire, per no dir gens. Admetre que hem d\u2019acceptar p\u00e8rdues i dols al llarg de la vida se\u2019ns fa feixuc.<br \/>\nDit aix\u00f2, cal recon\u00e8ixer que les p\u00e8rdues formen part de la nostra exist\u00e8ncia i que l\u2019educaci\u00f3 de grans i petits t\u00e9 com un dels seus primers objectius aprendre a transformar les p\u00e8rdues inevitables en quelcom valu\u00f3s i en font de guanys \u00e8tics.<br \/>\nDiuen que compartir els sentiments alleuja el dolor. Quan aquests s\u00f3n tristos o dolorosos es fa m\u00e9s dif\u00edcil fer-ho. I quan les p\u00e8rdues ens aclaparen, les podem negar, amagar, ens podem enfadar, rebel\u2022lar\u2026 o podem acceptar-les. I procurar que els nostres processos de dol siguin saludables.<br \/>\nL\u2019abs\u00e8ncia d\u2019una persona estimada \u00e9s la p\u00e8rdua m\u00e9s dif\u00edcil d\u2019acceptar. Per\u00f2 tamb\u00e9 n\u2019hi ha d\u2019altres que ens \u00abesperen\u00bb a l\u2019horitz\u00f3 de la nostra exist\u00e8ncia.<br \/>\nL\u2019autora es planteja algunes preguntes clau entorn de la varietat de p\u00e8rdues i dols que ens envolten i ens toca viure. Les respostes no seran mai un\u00edvoques. L\u2019experi\u00e8ncia humana de perdre (i de guanyar) \u00e9s personal, \u00fanica i irrepetible.<\/p>\n","protected":false},"excerpt":{"rendered":"<p>Perdre no ens agrada gaire, per no dir gens. Admetre que hem d\u2019acceptar p\u00e8rdues i dols al llarg de la vida se\u2019ns fa feixuc.<br \/>\nDit aix\u00f2, cal recon\u00e8ixer que les p\u00e8rdues formen part de la nostra exist\u00e8ncia i que l\u2019educaci\u00f3 de grans i petits t\u00e9 com un dels seus primers objectius aprendre a transformar les p\u00e8rdues inevitables en quelcom valu\u00f3s i en font de guanys \u00e8tics.<br \/>\nDiuen que compartir els sentiments alleuja el dolor. Quan aquests s\u00f3n tristos o dolorosos es fa m\u00e9s dif\u00edcil fer-ho. I quan les p\u00e8rdues ens aclaparen, les podem negar, amagar, ens podem enfadar, rebel\u2022lar\u2026 o podem acceptar-les. I procurar que els nostres processos de dol siguin saludables.<br \/>\nL\u2019abs\u00e8ncia d\u2019una persona estimada \u00e9s la p\u00e8rdua m\u00e9s dif\u00edcil d\u2019acceptar. Per\u00f2 tamb\u00e9 n\u2019hi ha d\u2019altres que ens \u00abesperen\u00bb a l\u2019horitz\u00f3 de la nostra exist\u00e8ncia.<br \/>\nL\u2019autora es planteja algunes preguntes clau entorn de la varietat de p\u00e8rdues i dols que ens envolten i ens toca viure. Les respostes no seran mai un\u00edvoques. L\u2019experi\u00e8ncia humana de perdre (i de guanyar) \u00e9s personal, \u00fanica i irrepetible.<\/p>\n","protected":false},"featured_media":19057,"comment_status":"open","ping_status":"closed","template":"","meta":{"_et_pb_use_builder":"","_et_pb_old_content":"","_et_gb_content_width":""},"product_cat":[2606,6674,6675,1510],"product_tag":[2608],"edicion":[1083],"editoriales":[1160],"tienda":[],"autor_id":[6164],"universidades_coeditoras":[],"palabras_clave":[],"listado_alfabetico":[],"acf":[],"_links":{"self":[{"href":"https:\/\/wizardly-davinci.82-223-8-23.plesk.page\/en\/wp-json\/wp\/v2\/product\/19056"}],"collection":[{"href":"https:\/\/wizardly-davinci.82-223-8-23.plesk.page\/en\/wp-json\/wp\/v2\/product"}],"about":[{"href":"https:\/\/wizardly-davinci.82-223-8-23.plesk.page\/en\/wp-json\/wp\/v2\/types\/product"}],"replies":[{"embeddable":true,"href":"https:\/\/wizardly-davinci.82-223-8-23.plesk.page\/en\/wp-json\/wp\/v2\/comments?post=19056"}],"wp:featuredmedia":[{"embeddable":true,"href":"https:\/\/wizardly-davinci.82-223-8-23.plesk.page\/en\/wp-json\/wp\/v2\/media\/19057"}],"wp:attachment":[{"href":"https:\/\/wizardly-davinci.82-223-8-23.plesk.page\/en\/wp-json\/wp\/v2\/media?parent=19056"}],"wp:term":[{"taxonomy":"product_cat","embeddable":true,"href":"https:\/\/wizardly-davinci.82-223-8-23.plesk.page\/en\/wp-json\/wp\/v2\/product_cat?post=19056"},{"taxonomy":"product_tag","embeddable":true,"href":"https:\/\/wizardly-davinci.82-223-8-23.plesk.page\/en\/wp-json\/wp\/v2\/product_tag?post=19056"},{"taxonomy":"edicion","embeddable":true,"href":"https:\/\/wizardly-davinci.82-223-8-23.plesk.page\/en\/wp-json\/wp\/v2\/edicion?post=19056"},{"taxonomy":"editoriales","embeddable":true,"href":"https:\/\/wizardly-davinci.82-223-8-23.plesk.page\/en\/wp-json\/wp\/v2\/editoriales?post=19056"},{"taxonomy":"tienda","embeddable":true,"href":"https:\/\/wizardly-davinci.82-223-8-23.plesk.page\/en\/wp-json\/wp\/v2\/tienda?post=19056"},{"taxonomy":"autor_id","embeddable":true,"href":"https:\/\/wizardly-davinci.82-223-8-23.plesk.page\/en\/wp-json\/wp\/v2\/autor_id?post=19056"},{"taxonomy":"universidades_coeditoras","embeddable":true,"href":"https:\/\/wizardly-davinci.82-223-8-23.plesk.page\/en\/wp-json\/wp\/v2\/universidades_coeditoras?post=19056"},{"taxonomy":"palabras_clave","embeddable":true,"href":"https:\/\/wizardly-davinci.82-223-8-23.plesk.page\/en\/wp-json\/wp\/v2\/palabras_clave?post=19056"},{"taxonomy":"listado_alfabetico","embeddable":true,"href":"https:\/\/wizardly-davinci.82-223-8-23.plesk.page\/en\/wp-json\/wp\/v2\/listado_alfabetico?post=19056"}],"curies":[{"name":"wp","href":"https:\/\/api.w.org\/{rel}","templated":true}]}}