{"id":19062,"date":"2014-02-01T11:00:50","date_gmt":"2014-02-01T11:00:50","guid":{"rendered":"https:\/\/octaedro.com\/producto\/lestat-del-benestar-i-els-seus-detractors\/"},"modified":"2023-04-25T12:00:41","modified_gmt":"2023-04-25T10:00:41","slug":"lestat-del-benestar-i-els-seus-detractors","status":"publish","type":"product","link":"https:\/\/wizardly-davinci.82-223-8-23.plesk.page\/en\/producto\/lestat-del-benestar-i-els-seus-detractors\/","title":{"rendered":"L&#8217;Estat del benestar i els seus detractors"},"content":{"rendered":"<p>Durant d\u00e8cades, l\u2019Estat del benestar i el model social europeu han fet possible la creaci\u00f3 de societats inclusives, for\u00e7a justes i equitatives, i amb bons nivells de seguretat col\u00b7lectiva. Un acord i un consens hist\u00f2ric en l\u2019\u00e0mbit pol\u00edtic i social, que descansava sobre una determinada noci\u00f3 de l\u2019economia, el keynesianisme, segons la qual el mercat i l\u2019acci\u00f3 correctora i equilibradora de la intervenci\u00f3 p\u00fablica limitaven la desigualtat i les inefici\u00e8ncies que podien portar al col\u00b7lapse. Un sistema que sempre tingu\u00e9 els seus detractors, els quals aprofitaren els efectes de les crisis petrolieres dels anys setanta per imposar una revoluci\u00f3 liberal conservadora que va establir el triomf absolut dels mercats desregularitzats, l\u2019individualisme extrem i l\u2019afany de lucre desmesurat. S\u2019apostava per una societat de guanyadors i perdedors.<br \/>\nAquest llibre tracta tant dels fonaments pol\u00edtics i econ\u00f2mics de l\u2019Estat del benestar com dels sup\u00f2sits en qu\u00e8 s\u2019ha basat el combat contra ell. De com el liberalconservadorisme triomfant ha desnaturalitzat i posat en escac el model social europeu i ens ha portat fins a la crisi i el desconcert actuals.<\/p>\n","protected":false},"excerpt":{"rendered":"<p>Durant d\u00e8cades, l\u2019Estat del benestar i el model social europeu han fet possible la creaci\u00f3 de societats inclusives, for\u00e7a justes i equitatives, i amb bons nivells de seguretat col\u00b7lectiva. Un acord i un consens hist\u00f2ric en l\u2019\u00e0mbit pol\u00edtic i social, que descansava sobre una determinada noci\u00f3 de l\u2019economia, el keynesianisme, segons la qual el mercat i l\u2019acci\u00f3 correctora i equilibradora de la intervenci\u00f3 p\u00fablica limitaven la desigualtat i les inefici\u00e8ncies que podien portar al col\u00b7lapse. Un sistema que sempre tingu\u00e9 els seus detractors, els quals aprofitaren els efectes de les crisis petrolieres dels anys setanta per imposar una revoluci\u00f3 liberal conservadora que va establir el triomf absolut dels mercats desregularitzats, l\u2019individualisme extrem i l\u2019afany de lucre desmesurat. S\u2019apostava per una societat de guanyadors i perdedors.<br \/>\nAquest llibre tracta tant dels fonaments pol\u00edtics i econ\u00f2mics de l\u2019Estat del benestar com dels sup\u00f2sits en qu\u00e8 s\u2019ha basat el combat contra ell. De com el liberalconservadorisme triomfant ha desnaturalitzat i posat en escac el model social europeu i ens ha portat fins a la crisi i el desconcert actuals.<\/p>\n","protected":false},"featured_media":19063,"comment_status":"open","ping_status":"closed","template":"","meta":{"_et_pb_use_builder":"","_et_pb_old_content":"","_et_gb_content_width":""},"product_cat":[1512,1510],"product_tag":[2602],"edicion":[1083],"editoriales":[1160],"tienda":[],"autor_id":[5194],"universidades_coeditoras":[],"palabras_clave":[],"listado_alfabetico":[],"acf":[],"_links":{"self":[{"href":"https:\/\/wizardly-davinci.82-223-8-23.plesk.page\/en\/wp-json\/wp\/v2\/product\/19062"}],"collection":[{"href":"https:\/\/wizardly-davinci.82-223-8-23.plesk.page\/en\/wp-json\/wp\/v2\/product"}],"about":[{"href":"https:\/\/wizardly-davinci.82-223-8-23.plesk.page\/en\/wp-json\/wp\/v2\/types\/product"}],"replies":[{"embeddable":true,"href":"https:\/\/wizardly-davinci.82-223-8-23.plesk.page\/en\/wp-json\/wp\/v2\/comments?post=19062"}],"wp:featuredmedia":[{"embeddable":true,"href":"https:\/\/wizardly-davinci.82-223-8-23.plesk.page\/en\/wp-json\/wp\/v2\/media\/19063"}],"wp:attachment":[{"href":"https:\/\/wizardly-davinci.82-223-8-23.plesk.page\/en\/wp-json\/wp\/v2\/media?parent=19062"}],"wp:term":[{"taxonomy":"product_cat","embeddable":true,"href":"https:\/\/wizardly-davinci.82-223-8-23.plesk.page\/en\/wp-json\/wp\/v2\/product_cat?post=19062"},{"taxonomy":"product_tag","embeddable":true,"href":"https:\/\/wizardly-davinci.82-223-8-23.plesk.page\/en\/wp-json\/wp\/v2\/product_tag?post=19062"},{"taxonomy":"edicion","embeddable":true,"href":"https:\/\/wizardly-davinci.82-223-8-23.plesk.page\/en\/wp-json\/wp\/v2\/edicion?post=19062"},{"taxonomy":"editoriales","embeddable":true,"href":"https:\/\/wizardly-davinci.82-223-8-23.plesk.page\/en\/wp-json\/wp\/v2\/editoriales?post=19062"},{"taxonomy":"tienda","embeddable":true,"href":"https:\/\/wizardly-davinci.82-223-8-23.plesk.page\/en\/wp-json\/wp\/v2\/tienda?post=19062"},{"taxonomy":"autor_id","embeddable":true,"href":"https:\/\/wizardly-davinci.82-223-8-23.plesk.page\/en\/wp-json\/wp\/v2\/autor_id?post=19062"},{"taxonomy":"universidades_coeditoras","embeddable":true,"href":"https:\/\/wizardly-davinci.82-223-8-23.plesk.page\/en\/wp-json\/wp\/v2\/universidades_coeditoras?post=19062"},{"taxonomy":"palabras_clave","embeddable":true,"href":"https:\/\/wizardly-davinci.82-223-8-23.plesk.page\/en\/wp-json\/wp\/v2\/palabras_clave?post=19062"},{"taxonomy":"listado_alfabetico","embeddable":true,"href":"https:\/\/wizardly-davinci.82-223-8-23.plesk.page\/en\/wp-json\/wp\/v2\/listado_alfabetico?post=19062"}],"curies":[{"name":"wp","href":"https:\/\/api.w.org\/{rel}","templated":true}]}}