{"id":19064,"date":"2019-04-09T23:00:50","date_gmt":"2019-04-09T23:00:50","guid":{"rendered":"https:\/\/octaedro.com\/producto\/pensar-amb-el-cor-sentir-amb-la-ment\/"},"modified":"2023-04-25T12:00:49","modified_gmt":"2023-04-25T10:00:49","slug":"pensar-amb-el-cor-sentir-amb-la-ment","status":"publish","type":"product","link":"https:\/\/wizardly-davinci.82-223-8-23.plesk.page\/en\/producto\/pensar-amb-el-cor-sentir-amb-la-ment\/","title":{"rendered":"Pensar amb el cor, sentir amb la ment"},"content":{"rendered":"<p>Merc\u00e8 Traveset, pionera en el desenvolupament de la pedagogia sist\u00e8mica a Catalunya i Espanya, autora del llibre Pedagog\u00eda sist\u00e9mica, fundamentos y pr\u00e1ctica, ens presenta ara una nova versi\u00f3 en catal\u00e0 del seu llibre Educaci\u00f3n emocional sist\u00e9mica (CUDEC, 2012).<br \/>\n<em>Pensar amb el cor, sentir amb la ment<\/em> \u00e9s el nostre gran repte com a esp\u00e8cie i cal ensenyar-ho a l\u2019escola, als instituts, i com m\u00e9s aviat millor. Ens cal una educaci\u00f3 que ofereixi eines per aprendre a descodificar la interioritat humana, saber qu\u00e8 passa a cada etapa de la vida, con\u00e8ixer el m\u00f3n intern \u2013dels impulsos, les emocions, els pensaments, els sentits i els significats\u2013 i aix\u00ed poder ser m\u00e9s conscients; una educaci\u00f3 la finalitat de la qual sigui aconseguir l\u2019harmonitzaci\u00f3 d\u2019homes i dones, la cooperaci\u00f3, la inclusi\u00f3 i la pau entre tots els pobles, una educaci\u00f3 que es proposi anar m\u00e9s enll\u00e0 d\u2019all\u00f2 racional, dels continguts acad\u00e8mics i doni lloc als contextos, al m\u00f3n emocional visible i invisible i als processos fenomenol\u00f2gics que succeeixen dia a dia. Les aportacions de Bert Hellinger, creador de les constel\u2022lacions familiars seran claus per aconseguir aquest objectiu.<br \/>\nAquest llibre t\u00e9 una intenci\u00f3 molt clara: mostrar la visi\u00f3 sist\u00e8mica i multidimensional del m\u00f3n emocional i donar eines als docents, pares i mares per ajudar els infants i joves a con\u00e8ixer-se millor i a enfortir-se emocionalment. El llibre ofereix recursos per afavorir la construcci\u00f3 de la pr\u00f2pia subjectivitat a partir del desenvolupament d\u2019una s\u00e8rie de compet\u00e8ncies que ajuden a con\u00e8ixer-se a si mateix, interpretar i transformar el m\u00f3n sist\u00e8mic i multidimensional en el qual vivim i digerir els canvis que sorgeixen. Ens ajudar\u00e0 a acompanyar l\u2019alumnat a gestionar i generar relacions emocionalment saludables amb un mateix, els altres, l\u2019entorn i el m\u00f3n.<\/p>\n","protected":false},"excerpt":{"rendered":"<p>Merc\u00e8 Traveset, pionera en el desenvolupament de la pedagogia sist\u00e8mica a Catalunya i Espanya, autora del llibre Pedagog\u00eda sist\u00e9mica, fundamentos y pr\u00e1ctica, ens presenta ara una nova versi\u00f3 en catal\u00e0 del seu llibre Educaci\u00f3n emocional sist\u00e9mica (CUDEC, 2012).<br \/>\n<em>Pensar amb el cor, sentir amb la ment<\/em> \u00e9s el nostre gran repte com a esp\u00e8cie i cal ensenyar-ho a l\u2019escola, als instituts, i com m\u00e9s aviat millor. Ens cal una educaci\u00f3 que ofereixi eines per aprendre a descodificar la interioritat humana, saber qu\u00e8 passa a cada etapa de la vida, con\u00e8ixer el m\u00f3n intern \u2013dels impulsos, les emocions, els pensaments, els sentits i els significats\u2013 i aix\u00ed poder ser m\u00e9s conscients; una educaci\u00f3 la finalitat de la qual sigui aconseguir l\u2019harmonitzaci\u00f3 d\u2019homes i dones, la cooperaci\u00f3, la inclusi\u00f3 i la pau entre tots els pobles, una educaci\u00f3 que es proposi anar m\u00e9s enll\u00e0 d\u2019all\u00f2 racional, dels continguts acad\u00e8mics i doni lloc als contextos, al m\u00f3n emocional visible i invisible i als processos fenomenol\u00f2gics que succeeixen dia a dia. Les aportacions de Bert Hellinger, creador de les constel\u2022lacions familiars seran claus per aconseguir aquest objectiu.<br \/>\nAquest llibre t\u00e9 una intenci\u00f3 molt clara: mostrar la visi\u00f3 sist\u00e8mica i multidimensional del m\u00f3n emocional i donar eines als docents, pares i mares per ajudar els infants i joves a con\u00e8ixer-se millor i a enfortir-se emocionalment. El llibre ofereix recursos per afavorir la construcci\u00f3 de la pr\u00f2pia subjectivitat a partir del desenvolupament d\u2019una s\u00e8rie de compet\u00e8ncies que ajuden a con\u00e8ixer-se a si mateix, interpretar i transformar el m\u00f3n sist\u00e8mic i multidimensional en el qual vivim i digerir els canvis que sorgeixen. Ens ajudar\u00e0 a acompanyar l\u2019alumnat a gestionar i generar relacions emocionalment saludables amb un mateix, els altres, l\u2019entorn i el m\u00f3n.<\/p>\n","protected":false},"featured_media":19065,"comment_status":"open","ping_status":"closed","template":"","meta":{"_et_pb_use_builder":"","_et_pb_old_content":"","_et_gb_content_width":""},"product_cat":[6675,1510],"product_tag":[2602],"edicion":[],"editoriales":[1160],"tienda":[],"autor_id":[6516],"universidades_coeditoras":[],"palabras_clave":[],"listado_alfabetico":[],"acf":[],"_links":{"self":[{"href":"https:\/\/wizardly-davinci.82-223-8-23.plesk.page\/en\/wp-json\/wp\/v2\/product\/19064"}],"collection":[{"href":"https:\/\/wizardly-davinci.82-223-8-23.plesk.page\/en\/wp-json\/wp\/v2\/product"}],"about":[{"href":"https:\/\/wizardly-davinci.82-223-8-23.plesk.page\/en\/wp-json\/wp\/v2\/types\/product"}],"replies":[{"embeddable":true,"href":"https:\/\/wizardly-davinci.82-223-8-23.plesk.page\/en\/wp-json\/wp\/v2\/comments?post=19064"}],"wp:featuredmedia":[{"embeddable":true,"href":"https:\/\/wizardly-davinci.82-223-8-23.plesk.page\/en\/wp-json\/wp\/v2\/media\/19065"}],"wp:attachment":[{"href":"https:\/\/wizardly-davinci.82-223-8-23.plesk.page\/en\/wp-json\/wp\/v2\/media?parent=19064"}],"wp:term":[{"taxonomy":"product_cat","embeddable":true,"href":"https:\/\/wizardly-davinci.82-223-8-23.plesk.page\/en\/wp-json\/wp\/v2\/product_cat?post=19064"},{"taxonomy":"product_tag","embeddable":true,"href":"https:\/\/wizardly-davinci.82-223-8-23.plesk.page\/en\/wp-json\/wp\/v2\/product_tag?post=19064"},{"taxonomy":"edicion","embeddable":true,"href":"https:\/\/wizardly-davinci.82-223-8-23.plesk.page\/en\/wp-json\/wp\/v2\/edicion?post=19064"},{"taxonomy":"editoriales","embeddable":true,"href":"https:\/\/wizardly-davinci.82-223-8-23.plesk.page\/en\/wp-json\/wp\/v2\/editoriales?post=19064"},{"taxonomy":"tienda","embeddable":true,"href":"https:\/\/wizardly-davinci.82-223-8-23.plesk.page\/en\/wp-json\/wp\/v2\/tienda?post=19064"},{"taxonomy":"autor_id","embeddable":true,"href":"https:\/\/wizardly-davinci.82-223-8-23.plesk.page\/en\/wp-json\/wp\/v2\/autor_id?post=19064"},{"taxonomy":"universidades_coeditoras","embeddable":true,"href":"https:\/\/wizardly-davinci.82-223-8-23.plesk.page\/en\/wp-json\/wp\/v2\/universidades_coeditoras?post=19064"},{"taxonomy":"palabras_clave","embeddable":true,"href":"https:\/\/wizardly-davinci.82-223-8-23.plesk.page\/en\/wp-json\/wp\/v2\/palabras_clave?post=19064"},{"taxonomy":"listado_alfabetico","embeddable":true,"href":"https:\/\/wizardly-davinci.82-223-8-23.plesk.page\/en\/wp-json\/wp\/v2\/listado_alfabetico?post=19064"}],"curies":[{"name":"wp","href":"https:\/\/api.w.org\/{rel}","templated":true}]}}