{"id":19066,"date":"2019-04-09T23:00:50","date_gmt":"2019-04-09T23:00:50","guid":{"rendered":"https:\/\/octaedro.com\/producto\/la-xarxa-amorosa-per-educar\/"},"modified":"2023-04-25T12:00:58","modified_gmt":"2023-04-25T10:00:58","slug":"la-xarxa-amorosa-per-educar","status":"publish","type":"product","link":"https:\/\/wizardly-davinci.82-223-8-23.plesk.page\/en\/producto\/la-xarxa-amorosa-per-educar\/","title":{"rendered":"La xarxa amorosa per educar"},"content":{"rendered":"<p>Els principis que aporta la pedagogia sist\u00e8mica multidimensional contribueixen a humanitzar l\u2019educaci\u00f3, a unir la ment i el cor, a dignificar les arrels i la identitat de totes les persones, a enfortir i ordenar la complexitat de vincles perqu\u00e8 cadasc\u00fa estigui en el seu lloc, i a fer possible que les noves generacions puguin desenvolupar al m\u00e0xim les seves potencialitats.<br \/>\nL\u2019aplicaci\u00f3 de les aportacions de la visi\u00f3 sist\u00e8mica al marc educatiu obre la porta a un nou paradigma pedag\u00f2gic que possibilita als docents mirar la realitat educativa com un tot, vinculant els sistemes familiars, socials, culturals i hist\u00f2rics, i espirituals, i d\u2019altra banda veure com aix\u00f2 influeix, repercuteix i est\u00e0 en la base dels processos d\u2019ensenyament-aprenentatge.<br \/>\nAra ja sabem que l\u2019\u00e9sser hum\u00e0 est\u00e0 constitu\u00eft per una xarxa immensa de complexitats neuronals, sensorials, ps\u00edquiques, socials i espirituals que s\u2019estan afectant cont\u00ednuament. Tant la f\u00edsica moderna com la neuroci\u00e8ncia i la biologia, per citar nom\u00e9s alguns camps de la ci\u00e8ncia, mostren descobertes que van en aquesta direcci\u00f3.<br \/>\nLa pedagogia sist\u00e8mica multidimensional posa la mirada en el desenvolupament de la consci\u00e8ncia, la interioritat i la complexitat de dimensions vinculars transgeneracionals, intergeneracionals, intrageneracionals i interpersonals, i en com la inclusi\u00f3 d\u2019aquesta informaci\u00f3 omple de sentit l\u2019aprenentatge i vincula el ser, el pensar, el sentir i el fer.<br \/>\nAquesta educaci\u00f3 inclou la ra\u00f3 i la intu\u00efci\u00f3, escolta el cos, les emocions, els sentits i significats de cada persona, \u00e9s creadora d\u2019una xarxa de nous sabers, i implica la comprensi\u00f3 d\u2019una realitat interconnectada i complexa. Visualitza un curr\u00edculum multidimensional i transdisciplinar significatiu, que ens ajuda a agrair el passat i all\u00f2 sagrat que porta a l\u2019\u00e0nima cada persona, per gaudir del present i obrir-nos al futur amb \u00e8xit.<br \/>\nEn aquest llibre es presenten els fonaments de tot plegat i algunes eines per portar-ho a la pr\u00e0ctica.<\/p>\n","protected":false},"excerpt":{"rendered":"<p>Els principis que aporta la pedagogia sist\u00e8mica multidimensional contribueixen a humanitzar l\u2019educaci\u00f3, a unir la ment i el cor, a dignificar les arrels i la identitat de totes les persones, a enfortir i ordenar la complexitat de vincles perqu\u00e8 cadasc\u00fa estigui en el seu lloc, i a fer possible que les noves generacions puguin desenvolupar al m\u00e0xim les seves potencialitats.<br \/>\nL\u2019aplicaci\u00f3 de les aportacions de la visi\u00f3 sist\u00e8mica al marc educatiu obre la porta a un nou paradigma pedag\u00f2gic que possibilita als docents mirar la realitat educativa com un tot, vinculant els sistemes familiars, socials, culturals i hist\u00f2rics, i espirituals, i d\u2019altra banda veure com aix\u00f2 influeix, repercuteix i est\u00e0 en la base dels processos d\u2019ensenyament-aprenentatge.<br \/>\nAra ja sabem que l\u2019\u00e9sser hum\u00e0 est\u00e0 constitu\u00eft per una xarxa immensa de complexitats neuronals, sensorials, ps\u00edquiques, socials i espirituals que s\u2019estan afectant cont\u00ednuament. Tant la f\u00edsica moderna com la neuroci\u00e8ncia i la biologia, per citar nom\u00e9s alguns camps de la ci\u00e8ncia, mostren descobertes que van en aquesta direcci\u00f3.<br \/>\nLa pedagogia sist\u00e8mica multidimensional posa la mirada en el desenvolupament de la consci\u00e8ncia, la interioritat i la complexitat de dimensions vinculars transgeneracionals, intergeneracionals, intrageneracionals i interpersonals, i en com la inclusi\u00f3 d\u2019aquesta informaci\u00f3 omple de sentit l\u2019aprenentatge i vincula el ser, el pensar, el sentir i el fer.<br \/>\nAquesta educaci\u00f3 inclou la ra\u00f3 i la intu\u00efci\u00f3, escolta el cos, les emocions, els sentits i significats de cada persona, \u00e9s creadora d\u2019una xarxa de nous sabers, i implica la comprensi\u00f3 d\u2019una realitat interconnectada i complexa. Visualitza un curr\u00edculum multidimensional i transdisciplinar significatiu, que ens ajuda a agrair el passat i all\u00f2 sagrat que porta a l\u2019\u00e0nima cada persona, per gaudir del present i obrir-nos al futur amb \u00e8xit.<br \/>\nEn aquest llibre es presenten els fonaments de tot plegat i algunes eines per portar-ho a la pr\u00e0ctica.<\/p>\n","protected":false},"featured_media":19067,"comment_status":"open","ping_status":"closed","template":"","meta":{"_et_pb_use_builder":"","_et_pb_old_content":"","_et_gb_content_width":""},"product_cat":[6675,1510],"product_tag":[2602],"edicion":[],"editoriales":[1160],"tienda":[],"autor_id":[6122,6516],"universidades_coeditoras":[],"palabras_clave":[],"listado_alfabetico":[],"acf":[],"_links":{"self":[{"href":"https:\/\/wizardly-davinci.82-223-8-23.plesk.page\/en\/wp-json\/wp\/v2\/product\/19066"}],"collection":[{"href":"https:\/\/wizardly-davinci.82-223-8-23.plesk.page\/en\/wp-json\/wp\/v2\/product"}],"about":[{"href":"https:\/\/wizardly-davinci.82-223-8-23.plesk.page\/en\/wp-json\/wp\/v2\/types\/product"}],"replies":[{"embeddable":true,"href":"https:\/\/wizardly-davinci.82-223-8-23.plesk.page\/en\/wp-json\/wp\/v2\/comments?post=19066"}],"wp:featuredmedia":[{"embeddable":true,"href":"https:\/\/wizardly-davinci.82-223-8-23.plesk.page\/en\/wp-json\/wp\/v2\/media\/19067"}],"wp:attachment":[{"href":"https:\/\/wizardly-davinci.82-223-8-23.plesk.page\/en\/wp-json\/wp\/v2\/media?parent=19066"}],"wp:term":[{"taxonomy":"product_cat","embeddable":true,"href":"https:\/\/wizardly-davinci.82-223-8-23.plesk.page\/en\/wp-json\/wp\/v2\/product_cat?post=19066"},{"taxonomy":"product_tag","embeddable":true,"href":"https:\/\/wizardly-davinci.82-223-8-23.plesk.page\/en\/wp-json\/wp\/v2\/product_tag?post=19066"},{"taxonomy":"edicion","embeddable":true,"href":"https:\/\/wizardly-davinci.82-223-8-23.plesk.page\/en\/wp-json\/wp\/v2\/edicion?post=19066"},{"taxonomy":"editoriales","embeddable":true,"href":"https:\/\/wizardly-davinci.82-223-8-23.plesk.page\/en\/wp-json\/wp\/v2\/editoriales?post=19066"},{"taxonomy":"tienda","embeddable":true,"href":"https:\/\/wizardly-davinci.82-223-8-23.plesk.page\/en\/wp-json\/wp\/v2\/tienda?post=19066"},{"taxonomy":"autor_id","embeddable":true,"href":"https:\/\/wizardly-davinci.82-223-8-23.plesk.page\/en\/wp-json\/wp\/v2\/autor_id?post=19066"},{"taxonomy":"universidades_coeditoras","embeddable":true,"href":"https:\/\/wizardly-davinci.82-223-8-23.plesk.page\/en\/wp-json\/wp\/v2\/universidades_coeditoras?post=19066"},{"taxonomy":"palabras_clave","embeddable":true,"href":"https:\/\/wizardly-davinci.82-223-8-23.plesk.page\/en\/wp-json\/wp\/v2\/palabras_clave?post=19066"},{"taxonomy":"listado_alfabetico","embeddable":true,"href":"https:\/\/wizardly-davinci.82-223-8-23.plesk.page\/en\/wp-json\/wp\/v2\/listado_alfabetico?post=19066"}],"curies":[{"name":"wp","href":"https:\/\/api.w.org\/{rel}","templated":true}]}}