{"id":19068,"date":"2019-04-09T23:00:50","date_gmt":"2019-04-09T23:00:50","guid":{"rendered":"https:\/\/octaedro.com\/producto\/r-evolucio-del-sistema-educatiu\/"},"modified":"2023-04-25T12:01:06","modified_gmt":"2023-04-25T10:01:06","slug":"r-evolucio-del-sistema-educatiu","status":"publish","type":"product","link":"https:\/\/wizardly-davinci.82-223-8-23.plesk.page\/en\/producto\/r-evolucio-del-sistema-educatiu\/","title":{"rendered":"R-Evoluci\u00f3 del sistema educatiu"},"content":{"rendered":"<p>Res es pot entendre si no \u00e9s a la llum de l&#8217;evoluci\u00f3; no som una esp\u00e8cie acabada, estem devenint dia a dia. Evoluciona la cultura, les societats, la tecnologia; evolucionen els valors, evoluciona la consci\u00e8ncia\u2026 Ens podem preguntar de qu\u00e8 depenen els canvis evolutius, qui o qu\u00e8 els genera i com podem afavorir algun canvi en l&#8217;educaci\u00f3, que \u00e9s l&#8217;\u00e0mbit que ens ocupa. Quin tipus d&#8217;evoluci\u00f3 necessitem?<br \/>\nHoward Gardner, pare de la teoria de les intel\u00b7lig\u00e8ncies m\u00faltiples, s&#8217;est\u00e0 q\u00fcestionant moltes coses de la seva pr\u00f2pia tesi. Es planteja el fet que els pol\u00edtics que han ocasionat grans barbaritats, com la guerra d&#8217;Iraq o altres massacres, poden tenir molt desenvolupades les intel\u00b7lig\u00e8ncies m\u00faltiples, per\u00f2 no han tingut escr\u00fapols a l&#8217;hora de fer-ho. Ell i els seus col\u00b7legues ara investiguen on radica la intel\u00b7lig\u00e8ncia del b\u00e9 com\u00fa.<br \/>\nEl t\u00edtol del nostre llibre, <span class=\"destacat\">R-Evoluci\u00f3 del sistema educatiu<\/span>, \u00e9s un joc de paraules que en si mateix amaga la soluci\u00f3.<br \/>\nLa paraula revoluci\u00f3 ens posa en contacte amb quelcom que explota, un trencament de motllos, forces reprimides es posen en acci\u00f3 per produir els canvis esperats.<br \/>\nLa R representaria tot all\u00f2 reprimit, excl\u00f2s de l&#8217;educaci\u00f3 i de la vida de les persones, la vessant profunda i sagrada de la vida, que comen\u00e7a amb all\u00f2 m\u00e9s biol\u00f2gic. Ens cal incloure el cos, els impulsos, les emocions\u2026 Els hem anomenat els sense papers, at\u00e8s que no consten mai enlloc i s\u00f3n m\u00e9s del 90% del que som.<br \/>\nNecessitem una Revoluci\u00f3 cap a un pensament integrat, que potenci\u00ef tot el que som i ho abraci sense excloure&#8217;n res; nom\u00e9s aix\u00ed podrem avan\u00e7ar cap a una civilitzaci\u00f3 m\u00e9s humana que tingui cura del b\u00e9 com\u00fa de tots, no nom\u00e9s d&#8217;uns quants, i podrem efectuar un salt evolutiu que ens faci m\u00e9s feli\u00e7os i adaptables a les circumst\u00e0ncies que ens toca viure. Aquest \u00e9s el millor regal que podem fer a les noves generacions.<br \/>\nLa R obre la porta de l&#8217;evoluci\u00f3 de l&#8217;educaci\u00f3 cap a un paradigma sist\u00e8mic, multdimensional i complex, que abra\u00e7a totes les dimensions i totes les realitats. Cal aventurar-se m\u00e9s enll\u00e0 dels camins coneguts: la creativitat, la intu\u00efci\u00f3 i les emocions seran ara les aliades per establir un estat de coher\u00e8ncia entre el cor i la ment.<\/p>\n","protected":false},"excerpt":{"rendered":"<p>Res es pot entendre si no \u00e9s a la llum de l&#8217;evoluci\u00f3; no som una esp\u00e8cie acabada, estem devenint dia a dia. Evoluciona la cultura, les societats, la tecnologia; evolucionen els valors, evoluciona la consci\u00e8ncia\u2026 Ens podem preguntar de qu\u00e8 depenen els canvis evolutius, qui o qu\u00e8 els genera i com podem afavorir algun canvi en l&#8217;educaci\u00f3, que \u00e9s l&#8217;\u00e0mbit que ens ocupa. Quin tipus d&#8217;evoluci\u00f3 necessitem?<br \/>\nHoward Gardner, pare de la teoria de les intel\u00b7lig\u00e8ncies m\u00faltiples, s&#8217;est\u00e0 q\u00fcestionant moltes coses de la seva pr\u00f2pia tesi. Es planteja el fet que els pol\u00edtics que han ocasionat grans barbaritats, com la guerra d&#8217;Iraq o altres massacres, poden tenir molt desenvolupades les intel\u00b7lig\u00e8ncies m\u00faltiples, per\u00f2 no han tingut escr\u00fapols a l&#8217;hora de fer-ho. Ell i els seus col\u00b7legues ara investiguen on radica la intel\u00b7lig\u00e8ncia del b\u00e9 com\u00fa.<br \/>\nEl t\u00edtol del nostre llibre, <span class=\"destacat\">R-Evoluci\u00f3 del sistema educatiu<\/span>, \u00e9s un joc de paraules que en si mateix amaga la soluci\u00f3.<br \/>\nLa paraula revoluci\u00f3 ens posa en contacte amb quelcom que explota, un trencament de motllos, forces reprimides es posen en acci\u00f3 per produir els canvis esperats.<br \/>\nLa R representaria tot all\u00f2 reprimit, excl\u00f2s de l&#8217;educaci\u00f3 i de la vida de les persones, la vessant profunda i sagrada de la vida, que comen\u00e7a amb all\u00f2 m\u00e9s biol\u00f2gic. Ens cal incloure el cos, els impulsos, les emocions\u2026 Els hem anomenat els sense papers, at\u00e8s que no consten mai enlloc i s\u00f3n m\u00e9s del 90% del que som.<br \/>\nNecessitem una Revoluci\u00f3 cap a un pensament integrat, que potenci\u00ef tot el que som i ho abraci sense excloure&#8217;n res; nom\u00e9s aix\u00ed podrem avan\u00e7ar cap a una civilitzaci\u00f3 m\u00e9s humana que tingui cura del b\u00e9 com\u00fa de tots, no nom\u00e9s d&#8217;uns quants, i podrem efectuar un salt evolutiu que ens faci m\u00e9s feli\u00e7os i adaptables a les circumst\u00e0ncies que ens toca viure. Aquest \u00e9s el millor regal que podem fer a les noves generacions.<br \/>\nLa R obre la porta de l&#8217;evoluci\u00f3 de l&#8217;educaci\u00f3 cap a un paradigma sist\u00e8mic, multdimensional i complex, que abra\u00e7a totes les dimensions i totes les realitats. Cal aventurar-se m\u00e9s enll\u00e0 dels camins coneguts: la creativitat, la intu\u00efci\u00f3 i les emocions seran ara les aliades per establir un estat de coher\u00e8ncia entre el cor i la ment.<\/p>\n","protected":false},"featured_media":19069,"comment_status":"open","ping_status":"closed","template":"","meta":{"_et_pb_use_builder":"","_et_pb_old_content":"","_et_gb_content_width":""},"product_cat":[1512,6675,1510],"product_tag":[2602],"edicion":[1083],"editoriales":[1160],"tienda":[],"autor_id":[6122,6516],"universidades_coeditoras":[],"palabras_clave":[],"listado_alfabetico":[],"acf":[],"_links":{"self":[{"href":"https:\/\/wizardly-davinci.82-223-8-23.plesk.page\/en\/wp-json\/wp\/v2\/product\/19068"}],"collection":[{"href":"https:\/\/wizardly-davinci.82-223-8-23.plesk.page\/en\/wp-json\/wp\/v2\/product"}],"about":[{"href":"https:\/\/wizardly-davinci.82-223-8-23.plesk.page\/en\/wp-json\/wp\/v2\/types\/product"}],"replies":[{"embeddable":true,"href":"https:\/\/wizardly-davinci.82-223-8-23.plesk.page\/en\/wp-json\/wp\/v2\/comments?post=19068"}],"wp:featuredmedia":[{"embeddable":true,"href":"https:\/\/wizardly-davinci.82-223-8-23.plesk.page\/en\/wp-json\/wp\/v2\/media\/19069"}],"wp:attachment":[{"href":"https:\/\/wizardly-davinci.82-223-8-23.plesk.page\/en\/wp-json\/wp\/v2\/media?parent=19068"}],"wp:term":[{"taxonomy":"product_cat","embeddable":true,"href":"https:\/\/wizardly-davinci.82-223-8-23.plesk.page\/en\/wp-json\/wp\/v2\/product_cat?post=19068"},{"taxonomy":"product_tag","embeddable":true,"href":"https:\/\/wizardly-davinci.82-223-8-23.plesk.page\/en\/wp-json\/wp\/v2\/product_tag?post=19068"},{"taxonomy":"edicion","embeddable":true,"href":"https:\/\/wizardly-davinci.82-223-8-23.plesk.page\/en\/wp-json\/wp\/v2\/edicion?post=19068"},{"taxonomy":"editoriales","embeddable":true,"href":"https:\/\/wizardly-davinci.82-223-8-23.plesk.page\/en\/wp-json\/wp\/v2\/editoriales?post=19068"},{"taxonomy":"tienda","embeddable":true,"href":"https:\/\/wizardly-davinci.82-223-8-23.plesk.page\/en\/wp-json\/wp\/v2\/tienda?post=19068"},{"taxonomy":"autor_id","embeddable":true,"href":"https:\/\/wizardly-davinci.82-223-8-23.plesk.page\/en\/wp-json\/wp\/v2\/autor_id?post=19068"},{"taxonomy":"universidades_coeditoras","embeddable":true,"href":"https:\/\/wizardly-davinci.82-223-8-23.plesk.page\/en\/wp-json\/wp\/v2\/universidades_coeditoras?post=19068"},{"taxonomy":"palabras_clave","embeddable":true,"href":"https:\/\/wizardly-davinci.82-223-8-23.plesk.page\/en\/wp-json\/wp\/v2\/palabras_clave?post=19068"},{"taxonomy":"listado_alfabetico","embeddable":true,"href":"https:\/\/wizardly-davinci.82-223-8-23.plesk.page\/en\/wp-json\/wp\/v2\/listado_alfabetico?post=19068"}],"curies":[{"name":"wp","href":"https:\/\/api.w.org\/{rel}","templated":true}]}}