{"id":19070,"date":"2019-04-09T23:00:50","date_gmt":"2019-04-09T23:00:50","guid":{"rendered":"https:\/\/octaedro.com\/producto\/la-connexio-emocional-de-la-parella\/"},"modified":"2023-04-25T12:01:13","modified_gmt":"2023-04-25T10:01:13","slug":"la-connexio-emocional-de-la-parella","status":"publish","type":"product","link":"https:\/\/wizardly-davinci.82-223-8-23.plesk.page\/en\/producto\/la-connexio-emocional-de-la-parella\/","title":{"rendered":"La connexi\u00f3 emocional de la parella"},"content":{"rendered":"<p>Aquesta obra es basa en l\u2019experi\u00e8ncia professional i en la literatura especialitzada sobre la parella, per\u00f2 est\u00e0 escrita en llenguatge entenedor, evitant, sempre que sigui possible, els tecnicismes. Es dirigeix, doncs, tant<br \/>\nal lector professional com al general, tot i que no \u00e9s pr\u00f2piament divulgatiu o d\u2019autoajuda.<br \/>\nT\u00e9 un car\u00e0cter pioner, ja que els estudis dedicats a la psicoan\u00e0lisi de la parella s\u00f3n molt escassos i perqu\u00e8 aplica en aquest camp conceptes de la psicoan\u00e0lisi relacional, un corrent que, si b\u00e9 no \u00e9s nou, actualment est\u00e0 protagonitzant un gran desenvolupament.<br \/>\nD\u00f3na una visi\u00f3 de conjunt de la parella seguint el fil de la connexi\u00f3 emocional. Aix\u00ed, analitza les seves fases: les fantasies inicials, l\u2019enamorament, la formaci\u00f3 i el seu desenvolupament a llarg termini, i tamb\u00e9 els seus vessants cultural i biol\u00f2gic. Finalment tracta del diagn\u00f2stic i el tractament dels seus conflictes.<br \/>\nAl llarg d\u2019aquest recorregut va introduint, all\u00e0 on aporten m\u00e9s comprensi\u00f3, els conceptes psicoanal\u00edtics, especialment els del corrent relacional, idees filos\u00f2fiques i sociol\u00f2giques, aix\u00ed com les aportacions recents de les neuroci\u00e8ncies.<\/p>\n","protected":false},"excerpt":{"rendered":"<p>Aquesta obra es basa en l\u2019experi\u00e8ncia professional i en la literatura especialitzada sobre la parella, per\u00f2 est\u00e0 escrita en llenguatge entenedor, evitant, sempre que sigui possible, els tecnicismes. Es dirigeix, doncs, tant<br \/>\nal lector professional com al general, tot i que no \u00e9s pr\u00f2piament divulgatiu o d\u2019autoajuda.<br \/>\nT\u00e9 un car\u00e0cter pioner, ja que els estudis dedicats a la psicoan\u00e0lisi de la parella s\u00f3n molt escassos i perqu\u00e8 aplica en aquest camp conceptes de la psicoan\u00e0lisi relacional, un corrent que, si b\u00e9 no \u00e9s nou, actualment est\u00e0 protagonitzant un gran desenvolupament.<br \/>\nD\u00f3na una visi\u00f3 de conjunt de la parella seguint el fil de la connexi\u00f3 emocional. Aix\u00ed, analitza les seves fases: les fantasies inicials, l\u2019enamorament, la formaci\u00f3 i el seu desenvolupament a llarg termini, i tamb\u00e9 els seus vessants cultural i biol\u00f2gic. Finalment tracta del diagn\u00f2stic i el tractament dels seus conflictes.<br \/>\nAl llarg d\u2019aquest recorregut va introduint, all\u00e0 on aporten m\u00e9s comprensi\u00f3, els conceptes psicoanal\u00edtics, especialment els del corrent relacional, idees filos\u00f2fiques i sociol\u00f2giques, aix\u00ed com les aportacions recents de les neuroci\u00e8ncies.<\/p>\n","protected":false},"featured_media":19071,"comment_status":"open","ping_status":"closed","template":"","meta":{"_et_pb_use_builder":"","_et_pb_old_content":"","_et_gb_content_width":""},"product_cat":[6675,1510],"product_tag":[2602],"edicion":[1083],"editoriales":[1160],"tienda":[],"autor_id":[5827],"universidades_coeditoras":[],"palabras_clave":[],"listado_alfabetico":[],"acf":[],"_links":{"self":[{"href":"https:\/\/wizardly-davinci.82-223-8-23.plesk.page\/en\/wp-json\/wp\/v2\/product\/19070"}],"collection":[{"href":"https:\/\/wizardly-davinci.82-223-8-23.plesk.page\/en\/wp-json\/wp\/v2\/product"}],"about":[{"href":"https:\/\/wizardly-davinci.82-223-8-23.plesk.page\/en\/wp-json\/wp\/v2\/types\/product"}],"replies":[{"embeddable":true,"href":"https:\/\/wizardly-davinci.82-223-8-23.plesk.page\/en\/wp-json\/wp\/v2\/comments?post=19070"}],"wp:featuredmedia":[{"embeddable":true,"href":"https:\/\/wizardly-davinci.82-223-8-23.plesk.page\/en\/wp-json\/wp\/v2\/media\/19071"}],"wp:attachment":[{"href":"https:\/\/wizardly-davinci.82-223-8-23.plesk.page\/en\/wp-json\/wp\/v2\/media?parent=19070"}],"wp:term":[{"taxonomy":"product_cat","embeddable":true,"href":"https:\/\/wizardly-davinci.82-223-8-23.plesk.page\/en\/wp-json\/wp\/v2\/product_cat?post=19070"},{"taxonomy":"product_tag","embeddable":true,"href":"https:\/\/wizardly-davinci.82-223-8-23.plesk.page\/en\/wp-json\/wp\/v2\/product_tag?post=19070"},{"taxonomy":"edicion","embeddable":true,"href":"https:\/\/wizardly-davinci.82-223-8-23.plesk.page\/en\/wp-json\/wp\/v2\/edicion?post=19070"},{"taxonomy":"editoriales","embeddable":true,"href":"https:\/\/wizardly-davinci.82-223-8-23.plesk.page\/en\/wp-json\/wp\/v2\/editoriales?post=19070"},{"taxonomy":"tienda","embeddable":true,"href":"https:\/\/wizardly-davinci.82-223-8-23.plesk.page\/en\/wp-json\/wp\/v2\/tienda?post=19070"},{"taxonomy":"autor_id","embeddable":true,"href":"https:\/\/wizardly-davinci.82-223-8-23.plesk.page\/en\/wp-json\/wp\/v2\/autor_id?post=19070"},{"taxonomy":"universidades_coeditoras","embeddable":true,"href":"https:\/\/wizardly-davinci.82-223-8-23.plesk.page\/en\/wp-json\/wp\/v2\/universidades_coeditoras?post=19070"},{"taxonomy":"palabras_clave","embeddable":true,"href":"https:\/\/wizardly-davinci.82-223-8-23.plesk.page\/en\/wp-json\/wp\/v2\/palabras_clave?post=19070"},{"taxonomy":"listado_alfabetico","embeddable":true,"href":"https:\/\/wizardly-davinci.82-223-8-23.plesk.page\/en\/wp-json\/wp\/v2\/listado_alfabetico?post=19070"}],"curies":[{"name":"wp","href":"https:\/\/api.w.org\/{rel}","templated":true}]}}