{"id":19072,"date":"2014-10-01T11:11:51","date_gmt":"2014-10-01T11:11:51","guid":{"rendered":"https:\/\/octaedro.com\/producto\/viatge-enlloc\/"},"modified":"2023-04-25T12:01:21","modified_gmt":"2023-04-25T10:01:21","slug":"viatge-enlloc","status":"publish","type":"product","link":"https:\/\/wizardly-davinci.82-223-8-23.plesk.page\/en\/producto\/viatge-enlloc\/","title":{"rendered":"Viatge enlloc"},"content":{"rendered":"<p>2014. Un any memorable en la hist\u00f2ria de Tur, ciutat on viu la protagonista. Un dia, en tornar de la feina, el m\u00f3n de la Laia Puig es capgira, marcant l\u2019inici d\u2019un viatge que la dur\u00e0 a visitar espais estranys on l\u2019esperen situacions ins\u00f2lites que haur\u00e0 de saber gestionar.<br \/>\nQuan tot trontolla queda l\u2019individu, aquest \u00e9sser solitari que treu la for\u00e7a del seu magatzem interior. \u00c9s el moment de rescatar-ne els valors, la curiositat, el car\u00e0cter emprenedor i optimista, els ideals i tots els bens que s\u2019han anat adquirint al llarg dels anys.<br \/>\nMalgrat la seva filosofia de fons, <span class=\"destacat\">Viatge enlloc<\/span> \u00e9s una obra entretinguda i sovint divertida, que indueix el somriure i estimula l\u2019inter\u00e8s pel coneixement d\u2019un mateix.<br \/>\nQu\u00e8 hauria fet vost\u00e8 si fos la Laia Puig?<\/p>\n","protected":false},"excerpt":{"rendered":"<p>2014. Un any memorable en la hist\u00f2ria de Tur, ciutat on viu la protagonista. Un dia, en tornar de la feina, el m\u00f3n de la Laia Puig es capgira, marcant l\u2019inici d\u2019un viatge que la dur\u00e0 a visitar espais estranys on l\u2019esperen situacions ins\u00f2lites que haur\u00e0 de saber gestionar.<br \/>\nQuan tot trontolla queda l\u2019individu, aquest \u00e9sser solitari que treu la for\u00e7a del seu magatzem interior. \u00c9s el moment de rescatar-ne els valors, la curiositat, el car\u00e0cter emprenedor i optimista, els ideals i tots els bens que s\u2019han anat adquirint al llarg dels anys.<br \/>\nMalgrat la seva filosofia de fons, <span class=\"destacat\">Viatge enlloc<\/span> \u00e9s una obra entretinguda i sovint divertida, que indueix el somriure i estimula l\u2019inter\u00e8s pel coneixement d\u2019un mateix.<br \/>\nQu\u00e8 hauria fet vost\u00e8 si fos la Laia Puig?<\/p>\n","protected":false},"featured_media":19073,"comment_status":"open","ping_status":"closed","template":"","meta":{"_et_pb_use_builder":"","_et_pb_old_content":"","_et_gb_content_width":""},"product_cat":[1512,1510],"product_tag":[2602],"edicion":[1083],"editoriales":[1160],"tienda":[],"autor_id":[5782],"universidades_coeditoras":[],"palabras_clave":[],"listado_alfabetico":[],"acf":[],"_links":{"self":[{"href":"https:\/\/wizardly-davinci.82-223-8-23.plesk.page\/en\/wp-json\/wp\/v2\/product\/19072"}],"collection":[{"href":"https:\/\/wizardly-davinci.82-223-8-23.plesk.page\/en\/wp-json\/wp\/v2\/product"}],"about":[{"href":"https:\/\/wizardly-davinci.82-223-8-23.plesk.page\/en\/wp-json\/wp\/v2\/types\/product"}],"replies":[{"embeddable":true,"href":"https:\/\/wizardly-davinci.82-223-8-23.plesk.page\/en\/wp-json\/wp\/v2\/comments?post=19072"}],"wp:featuredmedia":[{"embeddable":true,"href":"https:\/\/wizardly-davinci.82-223-8-23.plesk.page\/en\/wp-json\/wp\/v2\/media\/19073"}],"wp:attachment":[{"href":"https:\/\/wizardly-davinci.82-223-8-23.plesk.page\/en\/wp-json\/wp\/v2\/media?parent=19072"}],"wp:term":[{"taxonomy":"product_cat","embeddable":true,"href":"https:\/\/wizardly-davinci.82-223-8-23.plesk.page\/en\/wp-json\/wp\/v2\/product_cat?post=19072"},{"taxonomy":"product_tag","embeddable":true,"href":"https:\/\/wizardly-davinci.82-223-8-23.plesk.page\/en\/wp-json\/wp\/v2\/product_tag?post=19072"},{"taxonomy":"edicion","embeddable":true,"href":"https:\/\/wizardly-davinci.82-223-8-23.plesk.page\/en\/wp-json\/wp\/v2\/edicion?post=19072"},{"taxonomy":"editoriales","embeddable":true,"href":"https:\/\/wizardly-davinci.82-223-8-23.plesk.page\/en\/wp-json\/wp\/v2\/editoriales?post=19072"},{"taxonomy":"tienda","embeddable":true,"href":"https:\/\/wizardly-davinci.82-223-8-23.plesk.page\/en\/wp-json\/wp\/v2\/tienda?post=19072"},{"taxonomy":"autor_id","embeddable":true,"href":"https:\/\/wizardly-davinci.82-223-8-23.plesk.page\/en\/wp-json\/wp\/v2\/autor_id?post=19072"},{"taxonomy":"universidades_coeditoras","embeddable":true,"href":"https:\/\/wizardly-davinci.82-223-8-23.plesk.page\/en\/wp-json\/wp\/v2\/universidades_coeditoras?post=19072"},{"taxonomy":"palabras_clave","embeddable":true,"href":"https:\/\/wizardly-davinci.82-223-8-23.plesk.page\/en\/wp-json\/wp\/v2\/palabras_clave?post=19072"},{"taxonomy":"listado_alfabetico","embeddable":true,"href":"https:\/\/wizardly-davinci.82-223-8-23.plesk.page\/en\/wp-json\/wp\/v2\/listado_alfabetico?post=19072"}],"curies":[{"name":"wp","href":"https:\/\/api.w.org\/{rel}","templated":true}]}}