{"id":19074,"date":"2019-04-09T22:25:51","date_gmt":"2019-04-09T22:25:51","guid":{"rendered":"https:\/\/octaedro.com\/producto\/lexpansio-del-coneixement-en-obert-els-mooc\/"},"modified":"2023-04-25T12:01:28","modified_gmt":"2023-04-25T10:01:28","slug":"lexpansio-del-coneixement-en-obert-els-mooc","status":"publish","type":"product","link":"https:\/\/wizardly-davinci.82-223-8-23.plesk.page\/en\/producto\/lexpansio-del-coneixement-en-obert-els-mooc\/","title":{"rendered":"L&#8217;expansi\u00f3 del coneixement en obert: els MOOC"},"content":{"rendered":"<p>Des dels inicis dels cursos massius en obert (MOOC) l\u2019any 2008, han passat set anys engrescadors en el m\u00f3n de la formaci\u00f3. El panorama ja est\u00e0 iniciat i sembla relativament consolidat, per la qual cosa seria pertinent abordar-ne les caracter\u00edstiques definit\u00f2ries m\u00e9s rellevants fins al moment.<\/p>\n<p>Presentem en aquest llibre unes claus senzilles per a la comprensi\u00f3 del moviment MOOC i pretenem fornir un marc contextual clar i prec\u00eds on es pugui ubicar la formaci\u00f3 i difusi\u00f3 del coneixement en obert. No hem volgut presentar un panorama idealitzat i adjectivat de \u00abbonisme\u00bb del moviment; com qualsevol altra innovaci\u00f3 que ha captat l\u2019atenci\u00f3 del m\u00f3n formatiu i universitari mundial i passat ja el \u00abxarampi\u00f3 inicial\u00bb, ha generat controv\u00e8rsies que no hem volgut obviar. Per tant, el lector trobar\u00e0 els pros i els contres del moviment de manera que es pugui formar una opini\u00f3 pr\u00f2pia i fonamentada sobre els principis de massivitat i gratu\u00eftat aplicats a la formaci\u00f3 general i universit\u00e0ria.<\/p>\n","protected":false},"excerpt":{"rendered":"<p>Des dels inicis dels cursos massius en obert (MOOC) l\u2019any 2008, han passat set anys engrescadors en el m\u00f3n de la formaci\u00f3. El panorama ja est\u00e0 iniciat i sembla relativament consolidat, per la qual cosa seria pertinent abordar-ne les caracter\u00edstiques definit\u00f2ries m\u00e9s rellevants fins al moment.<\/p>\n<p>Presentem en aquest llibre unes claus senzilles per a la comprensi\u00f3 del moviment MOOC i pretenem fornir un marc contextual clar i prec\u00eds on es pugui ubicar la formaci\u00f3 i difusi\u00f3 del coneixement en obert. No hem volgut presentar un panorama idealitzat i adjectivat de \u00abbonisme\u00bb del moviment; com qualsevol altra innovaci\u00f3 que ha captat l\u2019atenci\u00f3 del m\u00f3n formatiu i universitari mundial i passat ja el \u00abxarampi\u00f3 inicial\u00bb, ha generat controv\u00e8rsies que no hem volgut obviar. Per tant, el lector trobar\u00e0 els pros i els contres del moviment de manera que es pugui formar una opini\u00f3 pr\u00f2pia i fonamentada sobre els principis de massivitat i gratu\u00eftat aplicats a la formaci\u00f3 general i universit\u00e0ria.<\/p>\n","protected":false},"featured_media":19075,"comment_status":"open","ping_status":"closed","template":"","meta":{"_et_pb_use_builder":"","_et_pb_old_content":"","_et_gb_content_width":""},"product_cat":[6936,6940,6675,1510],"product_tag":[2604],"edicion":[],"editoriales":[1160],"tienda":[],"autor_id":[5853,6372,6593],"universidades_coeditoras":[],"palabras_clave":[],"listado_alfabetico":[],"acf":[],"_links":{"self":[{"href":"https:\/\/wizardly-davinci.82-223-8-23.plesk.page\/en\/wp-json\/wp\/v2\/product\/19074"}],"collection":[{"href":"https:\/\/wizardly-davinci.82-223-8-23.plesk.page\/en\/wp-json\/wp\/v2\/product"}],"about":[{"href":"https:\/\/wizardly-davinci.82-223-8-23.plesk.page\/en\/wp-json\/wp\/v2\/types\/product"}],"replies":[{"embeddable":true,"href":"https:\/\/wizardly-davinci.82-223-8-23.plesk.page\/en\/wp-json\/wp\/v2\/comments?post=19074"}],"wp:featuredmedia":[{"embeddable":true,"href":"https:\/\/wizardly-davinci.82-223-8-23.plesk.page\/en\/wp-json\/wp\/v2\/media\/19075"}],"wp:attachment":[{"href":"https:\/\/wizardly-davinci.82-223-8-23.plesk.page\/en\/wp-json\/wp\/v2\/media?parent=19074"}],"wp:term":[{"taxonomy":"product_cat","embeddable":true,"href":"https:\/\/wizardly-davinci.82-223-8-23.plesk.page\/en\/wp-json\/wp\/v2\/product_cat?post=19074"},{"taxonomy":"product_tag","embeddable":true,"href":"https:\/\/wizardly-davinci.82-223-8-23.plesk.page\/en\/wp-json\/wp\/v2\/product_tag?post=19074"},{"taxonomy":"edicion","embeddable":true,"href":"https:\/\/wizardly-davinci.82-223-8-23.plesk.page\/en\/wp-json\/wp\/v2\/edicion?post=19074"},{"taxonomy":"editoriales","embeddable":true,"href":"https:\/\/wizardly-davinci.82-223-8-23.plesk.page\/en\/wp-json\/wp\/v2\/editoriales?post=19074"},{"taxonomy":"tienda","embeddable":true,"href":"https:\/\/wizardly-davinci.82-223-8-23.plesk.page\/en\/wp-json\/wp\/v2\/tienda?post=19074"},{"taxonomy":"autor_id","embeddable":true,"href":"https:\/\/wizardly-davinci.82-223-8-23.plesk.page\/en\/wp-json\/wp\/v2\/autor_id?post=19074"},{"taxonomy":"universidades_coeditoras","embeddable":true,"href":"https:\/\/wizardly-davinci.82-223-8-23.plesk.page\/en\/wp-json\/wp\/v2\/universidades_coeditoras?post=19074"},{"taxonomy":"palabras_clave","embeddable":true,"href":"https:\/\/wizardly-davinci.82-223-8-23.plesk.page\/en\/wp-json\/wp\/v2\/palabras_clave?post=19074"},{"taxonomy":"listado_alfabetico","embeddable":true,"href":"https:\/\/wizardly-davinci.82-223-8-23.plesk.page\/en\/wp-json\/wp\/v2\/listado_alfabetico?post=19074"}],"curies":[{"name":"wp","href":"https:\/\/api.w.org\/{rel}","templated":true}]}}