{"id":19076,"date":"2019-04-09T23:00:51","date_gmt":"2019-04-09T23:00:51","guid":{"rendered":"https:\/\/octaedro.com\/producto\/el-pla-de-transformacio-de-la-mina-2000-2015\/"},"modified":"2023-04-25T12:01:35","modified_gmt":"2023-04-25T10:01:35","slug":"el-pla-de-transformacio-de-la-mina-2000-2015","status":"publish","type":"product","link":"https:\/\/wizardly-davinci.82-223-8-23.plesk.page\/en\/producto\/el-pla-de-transformacio-de-la-mina-2000-2015\/","title":{"rendered":"El pla de transformaci\u00f3 de la Mina 2000-2015"},"content":{"rendered":"<p>Encara no havien acabat de construir la Mina, als anys setanta, que ja l\u2019abandonaven (com b\u00e9 escrivia el gran periodista Huertas Claver\u00eda). La gent del barri es va mobilitzar. En una de les manifestacions ve\u00efnals, una pancarta feta amb un tros de llen\u00e7ol vell deia: <strong>\u00abLuchemos por nuestra dignidad\u00bb<\/strong>.<br \/>\nNi els Jocs Ol\u00edmpics ni el F\u00f2rum de les Cultures 2004 van aportar beneficis socials al barri de la Mina. Aix\u00f2 s\u00ed, no hi va faltar una gran especulaci\u00f3, una vegada m\u00e9s, fruit de la uni\u00f3 d\u2019interessos dels poders econ\u00f2mics i pol\u00edtics.<br \/>\nAquests mateixos poders van intentar esborrar un passat que contenia fets com els crims del franquisme al Camp de la Bota o l\u2019arraconament de milers d\u2019immigrants als barris de barraques de Barcelona.<br \/>\nPer aquesta ra\u00f3 es va crear l\u2019Arxiu Hist\u00f2ric del Camp de la Bota i la Mina. Perqu\u00e8 no s\u2019esborr\u00e9s la mem\u00f2ria dels nostres or\u00edgens, ja que, com diu el poeta, \u00abqui perd els or\u00edgens perd identitat\u00bb. A l\u2019entrada de l\u2019Arxiu, una pancarta ens recorda: \u00abLluitem per la nostra dignitat\u00bb.<br \/>\nEl premi del Memorial Joan XXIII per la Pau 2015, organitzat per l\u2019Institut V\u00edctor Seix de Polemologia i la Universitat de la Pau, atorgat a l\u2019autor d\u2019aquest llibre, \u00e9s m\u00e9s que un premi \u00abpersonal\u00bb. \u00c9s un reconeixement a tota la gent que, malgrat el que ha hagut de suportar, no ha tirat la tovallola.<br \/>\nLes lluites socials de la Mina, igual que les dels moviments obrers i populars d\u2019arreu del m\u00f3n, persistiran. Estem conven\u00e7uts que la lluita social per la <strong>just\u00edcia<\/strong> i la <strong>dignitat<\/strong> \u00e9s el veritable cam\u00ed cap a la <strong>pau<\/strong>.<\/p>\n","protected":false},"excerpt":{"rendered":"<p>Encara no havien acabat de construir la Mina, als anys setanta, que ja l\u2019abandonaven (com b\u00e9 escrivia el gran periodista Huertas Claver\u00eda). La gent del barri es va mobilitzar. En una de les manifestacions ve\u00efnals, una pancarta feta amb un tros de llen\u00e7ol vell deia: <strong>\u00abLuchemos por nuestra dignidad\u00bb<\/strong>.<br \/>\nNi els Jocs Ol\u00edmpics ni el F\u00f2rum de les Cultures 2004 van aportar beneficis socials al barri de la Mina. Aix\u00f2 s\u00ed, no hi va faltar una gran especulaci\u00f3, una vegada m\u00e9s, fruit de la uni\u00f3 d\u2019interessos dels poders econ\u00f2mics i pol\u00edtics.<br \/>\nAquests mateixos poders van intentar esborrar un passat que contenia fets com els crims del franquisme al Camp de la Bota o l\u2019arraconament de milers d\u2019immigrants als barris de barraques de Barcelona.<br \/>\nPer aquesta ra\u00f3 es va crear l\u2019Arxiu Hist\u00f2ric del Camp de la Bota i la Mina. Perqu\u00e8 no s\u2019esborr\u00e9s la mem\u00f2ria dels nostres or\u00edgens, ja que, com diu el poeta, \u00abqui perd els or\u00edgens perd identitat\u00bb. A l\u2019entrada de l\u2019Arxiu, una pancarta ens recorda: \u00abLluitem per la nostra dignitat\u00bb.<br \/>\nEl premi del Memorial Joan XXIII per la Pau 2015, organitzat per l\u2019Institut V\u00edctor Seix de Polemologia i la Universitat de la Pau, atorgat a l\u2019autor d\u2019aquest llibre, \u00e9s m\u00e9s que un premi \u00abpersonal\u00bb. \u00c9s un reconeixement a tota la gent que, malgrat el que ha hagut de suportar, no ha tirat la tovallola.<br \/>\nLes lluites socials de la Mina, igual que les dels moviments obrers i populars d\u2019arreu del m\u00f3n, persistiran. Estem conven\u00e7uts que la lluita social per la <strong>just\u00edcia<\/strong> i la <strong>dignitat<\/strong> \u00e9s el veritable cam\u00ed cap a la <strong>pau<\/strong>.<\/p>\n","protected":false},"featured_media":19077,"comment_status":"open","ping_status":"closed","template":"","meta":{"_et_pb_use_builder":"","_et_pb_old_content":"","_et_gb_content_width":""},"product_cat":[6675,1510],"product_tag":[2602],"edicion":[],"editoriales":[1160],"tienda":[],"autor_id":[5988],"universidades_coeditoras":[],"palabras_clave":[],"listado_alfabetico":[],"acf":[],"_links":{"self":[{"href":"https:\/\/wizardly-davinci.82-223-8-23.plesk.page\/en\/wp-json\/wp\/v2\/product\/19076"}],"collection":[{"href":"https:\/\/wizardly-davinci.82-223-8-23.plesk.page\/en\/wp-json\/wp\/v2\/product"}],"about":[{"href":"https:\/\/wizardly-davinci.82-223-8-23.plesk.page\/en\/wp-json\/wp\/v2\/types\/product"}],"replies":[{"embeddable":true,"href":"https:\/\/wizardly-davinci.82-223-8-23.plesk.page\/en\/wp-json\/wp\/v2\/comments?post=19076"}],"wp:featuredmedia":[{"embeddable":true,"href":"https:\/\/wizardly-davinci.82-223-8-23.plesk.page\/en\/wp-json\/wp\/v2\/media\/19077"}],"wp:attachment":[{"href":"https:\/\/wizardly-davinci.82-223-8-23.plesk.page\/en\/wp-json\/wp\/v2\/media?parent=19076"}],"wp:term":[{"taxonomy":"product_cat","embeddable":true,"href":"https:\/\/wizardly-davinci.82-223-8-23.plesk.page\/en\/wp-json\/wp\/v2\/product_cat?post=19076"},{"taxonomy":"product_tag","embeddable":true,"href":"https:\/\/wizardly-davinci.82-223-8-23.plesk.page\/en\/wp-json\/wp\/v2\/product_tag?post=19076"},{"taxonomy":"edicion","embeddable":true,"href":"https:\/\/wizardly-davinci.82-223-8-23.plesk.page\/en\/wp-json\/wp\/v2\/edicion?post=19076"},{"taxonomy":"editoriales","embeddable":true,"href":"https:\/\/wizardly-davinci.82-223-8-23.plesk.page\/en\/wp-json\/wp\/v2\/editoriales?post=19076"},{"taxonomy":"tienda","embeddable":true,"href":"https:\/\/wizardly-davinci.82-223-8-23.plesk.page\/en\/wp-json\/wp\/v2\/tienda?post=19076"},{"taxonomy":"autor_id","embeddable":true,"href":"https:\/\/wizardly-davinci.82-223-8-23.plesk.page\/en\/wp-json\/wp\/v2\/autor_id?post=19076"},{"taxonomy":"universidades_coeditoras","embeddable":true,"href":"https:\/\/wizardly-davinci.82-223-8-23.plesk.page\/en\/wp-json\/wp\/v2\/universidades_coeditoras?post=19076"},{"taxonomy":"palabras_clave","embeddable":true,"href":"https:\/\/wizardly-davinci.82-223-8-23.plesk.page\/en\/wp-json\/wp\/v2\/palabras_clave?post=19076"},{"taxonomy":"listado_alfabetico","embeddable":true,"href":"https:\/\/wizardly-davinci.82-223-8-23.plesk.page\/en\/wp-json\/wp\/v2\/listado_alfabetico?post=19076"}],"curies":[{"name":"wp","href":"https:\/\/api.w.org\/{rel}","templated":true}]}}