{"id":19078,"date":"2019-04-09T23:00:51","date_gmt":"2019-04-09T23:00:51","guid":{"rendered":"https:\/\/octaedro.com\/producto\/la-darrera-oportunitat\/"},"modified":"2023-04-25T12:01:42","modified_gmt":"2023-04-25T10:01:42","slug":"la-darrera-oportunitat","status":"publish","type":"product","link":"https:\/\/wizardly-davinci.82-223-8-23.plesk.page\/en\/producto\/la-darrera-oportunitat\/","title":{"rendered":"La darrera oportunitat"},"content":{"rendered":"<p>Un petit llibre que no et deixar\u00e0 indiferent.<br \/>\nRamon Sans Rovira, autor d\u2019aquest llibre, \u00e9s un enginyer industrial de reconegut prestigi que ha dedicat tota la seva vida professional a la direcci\u00f3 de R+D d\u2019una important multinacional catalana del sector de b\u00e9ns d\u2019equip. En els \u00faltims anys, s\u2019ha dedicat a investigar i a publicar sobre la viabilitat t\u00e8cnica i econ\u00f2mica de les energies renovables i la seva capacitat de convertir-se en veritables alternatives al model energ\u00e8tic actual basat en cremar combustibles f\u00f2ssils. Una tesi que va demostrar en el seu anterior llibre, tamb\u00e9 publicat per Octaedro: <em>El col\u00b7lapse \u00e9s evitable. La transici\u00f3 energ\u00e8tica del segle XXI (TE21)<\/em>.<br \/>\nAquest nou llibre: <strong>La darrera oportunitat. La transici\u00f3 energ\u00e8tica del segle XXI (TE21)<\/strong> segueix la l\u00ednia de l\u2019anterior. Gr\u00e0cies a un discurs rigor\u00f3s, per\u00f2 sempre clar i comprensible, permet que el lector es familiaritzi amb termes sovint confosos com energia, pot\u00e8ncia o consum, i conegui les singularitats de les fonts energ\u00e8tiques no renovables i dels fluxos renovables. A partir d\u2019aqu\u00ed, desmenteix la multitud d\u2019arguments fal\u00b7la\u00e7os que encara esgrimeixen els que s\u2019oposen al canvi i desenvolupa un model renovable, que anomena TE21, que no nom\u00e9s \u00e9s possible, sin\u00f3 infinitament avantatj\u00f3s.<br \/>\nAl costat de totes les evid\u00e8ncies t\u00e8cniques, si per alguna cosa sobresurt aquest llibre \u00e9s per la seva profunda humanitat i per la seva capacitat de fer-nos reflexionar sobre com els nostres h\u00e0bits energ\u00e8tics han aconseguit que el nostre planeta, amb una natura que ha estat immensament rica i generosa, es trobi avui afectat per un grav\u00edssim \u00abc\u00e0ncer clim\u00e0tic\u00bb que amena\u00e7a la nostra pr\u00f2pia superviv\u00e8ncia. Serem capa\u00e7os de superar-lo? Nom\u00e9s si som conscients que aquesta \u00e9s la nostra darrera oportunitat.<\/p>\n","protected":false},"excerpt":{"rendered":"<p>Un petit llibre que no et deixar\u00e0 indiferent.<br \/>\nRamon Sans Rovira, autor d\u2019aquest llibre, \u00e9s un enginyer industrial de reconegut prestigi que ha dedicat tota la seva vida professional a la direcci\u00f3 de R+D d\u2019una important multinacional catalana del sector de b\u00e9ns d\u2019equip. En els \u00faltims anys, s\u2019ha dedicat a investigar i a publicar sobre la viabilitat t\u00e8cnica i econ\u00f2mica de les energies renovables i la seva capacitat de convertir-se en veritables alternatives al model energ\u00e8tic actual basat en cremar combustibles f\u00f2ssils. Una tesi que va demostrar en el seu anterior llibre, tamb\u00e9 publicat per Octaedro: <em>El col\u00b7lapse \u00e9s evitable. La transici\u00f3 energ\u00e8tica del segle XXI (TE21)<\/em>.<br \/>\nAquest nou llibre: <strong>La darrera oportunitat. La transici\u00f3 energ\u00e8tica del segle XXI (TE21)<\/strong> segueix la l\u00ednia de l\u2019anterior. Gr\u00e0cies a un discurs rigor\u00f3s, per\u00f2 sempre clar i comprensible, permet que el lector es familiaritzi amb termes sovint confosos com energia, pot\u00e8ncia o consum, i conegui les singularitats de les fonts energ\u00e8tiques no renovables i dels fluxos renovables. A partir d\u2019aqu\u00ed, desmenteix la multitud d\u2019arguments fal\u00b7la\u00e7os que encara esgrimeixen els que s\u2019oposen al canvi i desenvolupa un model renovable, que anomena TE21, que no nom\u00e9s \u00e9s possible, sin\u00f3 infinitament avantatj\u00f3s.<br \/>\nAl costat de totes les evid\u00e8ncies t\u00e8cniques, si per alguna cosa sobresurt aquest llibre \u00e9s per la seva profunda humanitat i per la seva capacitat de fer-nos reflexionar sobre com els nostres h\u00e0bits energ\u00e8tics han aconseguit que el nostre planeta, amb una natura que ha estat immensament rica i generosa, es trobi avui afectat per un grav\u00edssim \u00abc\u00e0ncer clim\u00e0tic\u00bb que amena\u00e7a la nostra pr\u00f2pia superviv\u00e8ncia. Serem capa\u00e7os de superar-lo? Nom\u00e9s si som conscients que aquesta \u00e9s la nostra darrera oportunitat.<\/p>\n","protected":false},"featured_media":19079,"comment_status":"open","ping_status":"closed","template":"","meta":{"_et_pb_use_builder":"","_et_pb_old_content":"","_et_gb_content_width":""},"product_cat":[1512,6675,1510],"product_tag":[2602],"edicion":[1083],"editoriales":[1160],"tienda":[],"autor_id":[6364],"universidades_coeditoras":[],"palabras_clave":[],"listado_alfabetico":[],"acf":[],"_links":{"self":[{"href":"https:\/\/wizardly-davinci.82-223-8-23.plesk.page\/en\/wp-json\/wp\/v2\/product\/19078"}],"collection":[{"href":"https:\/\/wizardly-davinci.82-223-8-23.plesk.page\/en\/wp-json\/wp\/v2\/product"}],"about":[{"href":"https:\/\/wizardly-davinci.82-223-8-23.plesk.page\/en\/wp-json\/wp\/v2\/types\/product"}],"replies":[{"embeddable":true,"href":"https:\/\/wizardly-davinci.82-223-8-23.plesk.page\/en\/wp-json\/wp\/v2\/comments?post=19078"}],"wp:featuredmedia":[{"embeddable":true,"href":"https:\/\/wizardly-davinci.82-223-8-23.plesk.page\/en\/wp-json\/wp\/v2\/media\/19079"}],"wp:attachment":[{"href":"https:\/\/wizardly-davinci.82-223-8-23.plesk.page\/en\/wp-json\/wp\/v2\/media?parent=19078"}],"wp:term":[{"taxonomy":"product_cat","embeddable":true,"href":"https:\/\/wizardly-davinci.82-223-8-23.plesk.page\/en\/wp-json\/wp\/v2\/product_cat?post=19078"},{"taxonomy":"product_tag","embeddable":true,"href":"https:\/\/wizardly-davinci.82-223-8-23.plesk.page\/en\/wp-json\/wp\/v2\/product_tag?post=19078"},{"taxonomy":"edicion","embeddable":true,"href":"https:\/\/wizardly-davinci.82-223-8-23.plesk.page\/en\/wp-json\/wp\/v2\/edicion?post=19078"},{"taxonomy":"editoriales","embeddable":true,"href":"https:\/\/wizardly-davinci.82-223-8-23.plesk.page\/en\/wp-json\/wp\/v2\/editoriales?post=19078"},{"taxonomy":"tienda","embeddable":true,"href":"https:\/\/wizardly-davinci.82-223-8-23.plesk.page\/en\/wp-json\/wp\/v2\/tienda?post=19078"},{"taxonomy":"autor_id","embeddable":true,"href":"https:\/\/wizardly-davinci.82-223-8-23.plesk.page\/en\/wp-json\/wp\/v2\/autor_id?post=19078"},{"taxonomy":"universidades_coeditoras","embeddable":true,"href":"https:\/\/wizardly-davinci.82-223-8-23.plesk.page\/en\/wp-json\/wp\/v2\/universidades_coeditoras?post=19078"},{"taxonomy":"palabras_clave","embeddable":true,"href":"https:\/\/wizardly-davinci.82-223-8-23.plesk.page\/en\/wp-json\/wp\/v2\/palabras_clave?post=19078"},{"taxonomy":"listado_alfabetico","embeddable":true,"href":"https:\/\/wizardly-davinci.82-223-8-23.plesk.page\/en\/wp-json\/wp\/v2\/listado_alfabetico?post=19078"}],"curies":[{"name":"wp","href":"https:\/\/api.w.org\/{rel}","templated":true}]}}