{"id":19080,"date":"2019-04-09T23:00:52","date_gmt":"2019-04-09T23:00:52","guid":{"rendered":"https:\/\/octaedro.com\/producto\/catalunya-aproximacio-a-un-model-energetic-sostenible\/"},"modified":"2023-04-25T12:01:49","modified_gmt":"2023-04-25T10:01:49","slug":"catalunya-aproximacio-a-un-model-energetic-sostenible","status":"publish","type":"product","link":"https:\/\/wizardly-davinci.82-223-8-23.plesk.page\/en\/producto\/catalunya-aproximacio-a-un-model-energetic-sostenible\/","title":{"rendered":"Catalunya, aproximaci\u00f3 a un model energ\u00e8tic sostenible"},"content":{"rendered":"<p>Eduard Furr\u00f3, enginyer jubilat, ha estat responsable d\u2019un gran nombre de projectes relacionats amb l\u2019energia. Aix\u00f2 fa que les seves opinions es basin en l\u2019experi\u00e8ncia.<br \/>\nEl primer antecedent d\u2019aquest llibre \u00e9s un treball que va fer l\u2019any 2007, en el marc del GOB-Menorca, per explorar com podria ser un sistema energ\u00e8tic amb el 100 % de fonts renovables i aut\u00f2nom per a l\u2019illa de Menorca. Anys despr\u00e9s, amb la seva incorporaci\u00f3 al CMES i la presentaci\u00f3 del seu treball menorqu\u00ed en una pon\u00e8ncia-debat, li vam suggerir que fes una prospectiva an\u00e0loga per al conjunt de Catalunya, origen del present llibre.<br \/>\nEls treballs d\u2019Eduard Furr\u00f3 coincideixen amb els postulats b\u00e0sics dels llibres <em>Recursos energ\u00e8tics i crisi, la fi de 200 anys irrepetibles<\/em> (Riba, 2011), un diagn\u00f2stic de la fi del sistema f\u00f2ssil i nuclear, i <em>El col\u00b7lapse \u00e9s evitable, la transici\u00f3 energ\u00e8tica del segle XXI<\/em> (Sans i Pulla, 2014), que demostra la viabilitat t\u00e8cnica i econ\u00f2mica del sistema energ\u00e8tic renovable. Per\u00f2 alhora fan un pas m\u00e9s enll\u00e0.<br \/>\nEn efecte, aporten tres q\u00fcestions b\u00e0siques per a la transici\u00f3 energ\u00e8tica: analitzen conjuntament les necessitats energ\u00e8tiques d\u2019un territori (dom\u00e8stiques, de transport i dels sectors primari, ind\u00fastria i serveis); determinen en quin ordre conv\u00e9 implantar les tecnologies renovables, i aposten per l\u2019hidrogen per emmagatzemar energia renovable a fi de salvar la falta de sincronisme entre generaci\u00f3 i consum el\u00e8ctrics.<br \/>\nEnlloc de limitar-se a posar \u00abpeda\u00e7os renovables\u00bb al nostre decadent sistema f\u00f2ssil i nuclear, el llibre d\u2019Eduard Furr\u00f3 constitueix una visi\u00f3 global orientada a la implantaci\u00f3 efectiva de la transici\u00f3 energ\u00e8tica basada en propostes conceptuals i num\u00e8riques. Com en tota prospectiva, el futur es pot allunyar d\u2019algun dels seus pron\u00f2stics i determinacions. Per\u00f2, en tot cas, aquest llibre constitueix una guia per avan\u00e7ar decididament en el gran repte (la transici\u00f3 energ\u00e8tica) que ha de resoldre la humanitat la propera generaci\u00f3.<\/p>\n<p>Carles Riba Romeva<br \/>\nPresident del CMES<\/p>\n","protected":false},"excerpt":{"rendered":"<p>Eduard Furr\u00f3, enginyer jubilat, ha estat responsable d\u2019un gran nombre de projectes relacionats amb l\u2019energia. Aix\u00f2 fa que les seves opinions es basin en l\u2019experi\u00e8ncia.<br \/>\nEl primer antecedent d\u2019aquest llibre \u00e9s un treball que va fer l\u2019any 2007, en el marc del GOB-Menorca, per explorar com podria ser un sistema energ\u00e8tic amb el 100 % de fonts renovables i aut\u00f2nom per a l\u2019illa de Menorca. Anys despr\u00e9s, amb la seva incorporaci\u00f3 al CMES i la presentaci\u00f3 del seu treball menorqu\u00ed en una pon\u00e8ncia-debat, li vam suggerir que fes una prospectiva an\u00e0loga per al conjunt de Catalunya, origen del present llibre.<br \/>\nEls treballs d\u2019Eduard Furr\u00f3 coincideixen amb els postulats b\u00e0sics dels llibres <em>Recursos energ\u00e8tics i crisi, la fi de 200 anys irrepetibles<\/em> (Riba, 2011), un diagn\u00f2stic de la fi del sistema f\u00f2ssil i nuclear, i <em>El col\u00b7lapse \u00e9s evitable, la transici\u00f3 energ\u00e8tica del segle XXI<\/em> (Sans i Pulla, 2014), que demostra la viabilitat t\u00e8cnica i econ\u00f2mica del sistema energ\u00e8tic renovable. Per\u00f2 alhora fan un pas m\u00e9s enll\u00e0.<br \/>\nEn efecte, aporten tres q\u00fcestions b\u00e0siques per a la transici\u00f3 energ\u00e8tica: analitzen conjuntament les necessitats energ\u00e8tiques d\u2019un territori (dom\u00e8stiques, de transport i dels sectors primari, ind\u00fastria i serveis); determinen en quin ordre conv\u00e9 implantar les tecnologies renovables, i aposten per l\u2019hidrogen per emmagatzemar energia renovable a fi de salvar la falta de sincronisme entre generaci\u00f3 i consum el\u00e8ctrics.<br \/>\nEnlloc de limitar-se a posar \u00abpeda\u00e7os renovables\u00bb al nostre decadent sistema f\u00f2ssil i nuclear, el llibre d\u2019Eduard Furr\u00f3 constitueix una visi\u00f3 global orientada a la implantaci\u00f3 efectiva de la transici\u00f3 energ\u00e8tica basada en propostes conceptuals i num\u00e8riques. Com en tota prospectiva, el futur es pot allunyar d\u2019algun dels seus pron\u00f2stics i determinacions. Per\u00f2, en tot cas, aquest llibre constitueix una guia per avan\u00e7ar decididament en el gran repte (la transici\u00f3 energ\u00e8tica) que ha de resoldre la humanitat la propera generaci\u00f3.<\/p>\n<p>Carles Riba Romeva<br \/>\nPresident del CMES<\/p>\n","protected":false},"featured_media":19081,"comment_status":"open","ping_status":"closed","template":"","meta":{"_et_pb_use_builder":"","_et_pb_old_content":"","_et_gb_content_width":""},"product_cat":[1512,6675,1510],"product_tag":[2602],"edicion":[1083],"editoriales":[1160],"tienda":[],"autor_id":[5525],"universidades_coeditoras":[],"palabras_clave":[],"listado_alfabetico":[],"acf":[],"_links":{"self":[{"href":"https:\/\/wizardly-davinci.82-223-8-23.plesk.page\/en\/wp-json\/wp\/v2\/product\/19080"}],"collection":[{"href":"https:\/\/wizardly-davinci.82-223-8-23.plesk.page\/en\/wp-json\/wp\/v2\/product"}],"about":[{"href":"https:\/\/wizardly-davinci.82-223-8-23.plesk.page\/en\/wp-json\/wp\/v2\/types\/product"}],"replies":[{"embeddable":true,"href":"https:\/\/wizardly-davinci.82-223-8-23.plesk.page\/en\/wp-json\/wp\/v2\/comments?post=19080"}],"wp:featuredmedia":[{"embeddable":true,"href":"https:\/\/wizardly-davinci.82-223-8-23.plesk.page\/en\/wp-json\/wp\/v2\/media\/19081"}],"wp:attachment":[{"href":"https:\/\/wizardly-davinci.82-223-8-23.plesk.page\/en\/wp-json\/wp\/v2\/media?parent=19080"}],"wp:term":[{"taxonomy":"product_cat","embeddable":true,"href":"https:\/\/wizardly-davinci.82-223-8-23.plesk.page\/en\/wp-json\/wp\/v2\/product_cat?post=19080"},{"taxonomy":"product_tag","embeddable":true,"href":"https:\/\/wizardly-davinci.82-223-8-23.plesk.page\/en\/wp-json\/wp\/v2\/product_tag?post=19080"},{"taxonomy":"edicion","embeddable":true,"href":"https:\/\/wizardly-davinci.82-223-8-23.plesk.page\/en\/wp-json\/wp\/v2\/edicion?post=19080"},{"taxonomy":"editoriales","embeddable":true,"href":"https:\/\/wizardly-davinci.82-223-8-23.plesk.page\/en\/wp-json\/wp\/v2\/editoriales?post=19080"},{"taxonomy":"tienda","embeddable":true,"href":"https:\/\/wizardly-davinci.82-223-8-23.plesk.page\/en\/wp-json\/wp\/v2\/tienda?post=19080"},{"taxonomy":"autor_id","embeddable":true,"href":"https:\/\/wizardly-davinci.82-223-8-23.plesk.page\/en\/wp-json\/wp\/v2\/autor_id?post=19080"},{"taxonomy":"universidades_coeditoras","embeddable":true,"href":"https:\/\/wizardly-davinci.82-223-8-23.plesk.page\/en\/wp-json\/wp\/v2\/universidades_coeditoras?post=19080"},{"taxonomy":"palabras_clave","embeddable":true,"href":"https:\/\/wizardly-davinci.82-223-8-23.plesk.page\/en\/wp-json\/wp\/v2\/palabras_clave?post=19080"},{"taxonomy":"listado_alfabetico","embeddable":true,"href":"https:\/\/wizardly-davinci.82-223-8-23.plesk.page\/en\/wp-json\/wp\/v2\/listado_alfabetico?post=19080"}],"curies":[{"name":"wp","href":"https:\/\/api.w.org\/{rel}","templated":true}]}}