{"id":19082,"date":"2019-04-09T23:00:52","date_gmt":"2019-04-09T23:00:52","guid":{"rendered":"https:\/\/octaedro.com\/producto\/cap-al-100-renovable\/"},"modified":"2023-04-25T12:01:56","modified_gmt":"2023-04-25T10:01:56","slug":"cap-al-100-renovable","status":"publish","type":"product","link":"https:\/\/wizardly-davinci.82-223-8-23.plesk.page\/en\/producto\/cap-al-100-renovable\/","title":{"rendered":"Cap al 100% renovable"},"content":{"rendered":"<p>La nostra vida quotidiana dep\u00e8n totalment de l\u2019acc\u00e9s a l\u2019energia. Per un moment imaginem-nos qu\u00e8 far\u00edem un dia sense aigua calenta, sense electricitat, sense gasolina&#8230; Vista aquesta elevad\u00edssima depend\u00e8ncia, resulta paradoxal que no ens preocupi funcionar amb un model energ\u00e8tic que la mateixa Uni\u00f3 Europea qualifica d\u2019obsolet.<br \/>\nAquest opuscle s\u2019adre\u00e7a a la ciutadania conscient i amb responsabilitat c\u00edvica. Intenta fer palesa la necessitat de canviar de model energ\u00e8tic, de superar l\u2019\u00e8poca dels combustibles f\u00f2ssils bruts, dirty fossil fuels, com ja els anomena Obama, i fer la transici\u00f3 cap a l\u2019era dels fluxos d\u2019energia nets. Un m\u00f3n basat en energia renovable, neta de contaminaci\u00f3, m\u00e9s barata i lliure de sang i guerres, \u00e9s t\u00e8cnicament possible i econ\u00f2micament viable. Ara \u00e9s el moment de la pol\u00edtica. Sense renunciar ni un bri al benestar energ\u00e8tic de qu\u00e8 gaudim actualment, aquest m\u00f3n es pot comen\u00e7ar a construir ja avui des de qualsevol comunitat ben governada.<br \/>\nCom diu en el pr\u00f2leg en Joan Maj\u00f3, el segle XXI \u00abha de ser el segle de la transformaci\u00f3 del model energ\u00e8tic, perqu\u00e8 sense energia no hi ha vida de cap tipus&#8230;\u00bb.<br \/>\nEl llibre inclou un annex \u00abper a llecs\u00bb sobre conceptes b\u00e0sics entorn de l\u2019energia (unitats de mesura, itineraris energ\u00e8tics, itineraris econ\u00f2mics, etc.) que pret\u00e9n aportar una ajuda conceptual per navegar pel m\u00f3n de la pol\u00edtica energ\u00e8tica actual.<\/p>\n","protected":false},"excerpt":{"rendered":"<p>La nostra vida quotidiana dep\u00e8n totalment de l\u2019acc\u00e9s a l\u2019energia. Per un moment imaginem-nos qu\u00e8 far\u00edem un dia sense aigua calenta, sense electricitat, sense gasolina&#8230; Vista aquesta elevad\u00edssima depend\u00e8ncia, resulta paradoxal que no ens preocupi funcionar amb un model energ\u00e8tic que la mateixa Uni\u00f3 Europea qualifica d\u2019obsolet.<br \/>\nAquest opuscle s\u2019adre\u00e7a a la ciutadania conscient i amb responsabilitat c\u00edvica. Intenta fer palesa la necessitat de canviar de model energ\u00e8tic, de superar l\u2019\u00e8poca dels combustibles f\u00f2ssils bruts, dirty fossil fuels, com ja els anomena Obama, i fer la transici\u00f3 cap a l\u2019era dels fluxos d\u2019energia nets. Un m\u00f3n basat en energia renovable, neta de contaminaci\u00f3, m\u00e9s barata i lliure de sang i guerres, \u00e9s t\u00e8cnicament possible i econ\u00f2micament viable. Ara \u00e9s el moment de la pol\u00edtica. Sense renunciar ni un bri al benestar energ\u00e8tic de qu\u00e8 gaudim actualment, aquest m\u00f3n es pot comen\u00e7ar a construir ja avui des de qualsevol comunitat ben governada.<br \/>\nCom diu en el pr\u00f2leg en Joan Maj\u00f3, el segle XXI \u00abha de ser el segle de la transformaci\u00f3 del model energ\u00e8tic, perqu\u00e8 sense energia no hi ha vida de cap tipus&#8230;\u00bb.<br \/>\nEl llibre inclou un annex \u00abper a llecs\u00bb sobre conceptes b\u00e0sics entorn de l\u2019energia (unitats de mesura, itineraris energ\u00e8tics, itineraris econ\u00f2mics, etc.) que pret\u00e9n aportar una ajuda conceptual per navegar pel m\u00f3n de la pol\u00edtica energ\u00e8tica actual.<\/p>\n","protected":false},"featured_media":19083,"comment_status":"open","ping_status":"closed","template":"","meta":{"_et_pb_use_builder":"","_et_pb_old_content":"","_et_gb_content_width":""},"product_cat":[6675,1510],"product_tag":[2602],"edicion":[1083],"editoriales":[1160],"tienda":[],"autor_id":[5275],"universidades_coeditoras":[],"palabras_clave":[],"listado_alfabetico":[],"acf":[],"_links":{"self":[{"href":"https:\/\/wizardly-davinci.82-223-8-23.plesk.page\/en\/wp-json\/wp\/v2\/product\/19082"}],"collection":[{"href":"https:\/\/wizardly-davinci.82-223-8-23.plesk.page\/en\/wp-json\/wp\/v2\/product"}],"about":[{"href":"https:\/\/wizardly-davinci.82-223-8-23.plesk.page\/en\/wp-json\/wp\/v2\/types\/product"}],"replies":[{"embeddable":true,"href":"https:\/\/wizardly-davinci.82-223-8-23.plesk.page\/en\/wp-json\/wp\/v2\/comments?post=19082"}],"wp:featuredmedia":[{"embeddable":true,"href":"https:\/\/wizardly-davinci.82-223-8-23.plesk.page\/en\/wp-json\/wp\/v2\/media\/19083"}],"wp:attachment":[{"href":"https:\/\/wizardly-davinci.82-223-8-23.plesk.page\/en\/wp-json\/wp\/v2\/media?parent=19082"}],"wp:term":[{"taxonomy":"product_cat","embeddable":true,"href":"https:\/\/wizardly-davinci.82-223-8-23.plesk.page\/en\/wp-json\/wp\/v2\/product_cat?post=19082"},{"taxonomy":"product_tag","embeddable":true,"href":"https:\/\/wizardly-davinci.82-223-8-23.plesk.page\/en\/wp-json\/wp\/v2\/product_tag?post=19082"},{"taxonomy":"edicion","embeddable":true,"href":"https:\/\/wizardly-davinci.82-223-8-23.plesk.page\/en\/wp-json\/wp\/v2\/edicion?post=19082"},{"taxonomy":"editoriales","embeddable":true,"href":"https:\/\/wizardly-davinci.82-223-8-23.plesk.page\/en\/wp-json\/wp\/v2\/editoriales?post=19082"},{"taxonomy":"tienda","embeddable":true,"href":"https:\/\/wizardly-davinci.82-223-8-23.plesk.page\/en\/wp-json\/wp\/v2\/tienda?post=19082"},{"taxonomy":"autor_id","embeddable":true,"href":"https:\/\/wizardly-davinci.82-223-8-23.plesk.page\/en\/wp-json\/wp\/v2\/autor_id?post=19082"},{"taxonomy":"universidades_coeditoras","embeddable":true,"href":"https:\/\/wizardly-davinci.82-223-8-23.plesk.page\/en\/wp-json\/wp\/v2\/universidades_coeditoras?post=19082"},{"taxonomy":"palabras_clave","embeddable":true,"href":"https:\/\/wizardly-davinci.82-223-8-23.plesk.page\/en\/wp-json\/wp\/v2\/palabras_clave?post=19082"},{"taxonomy":"listado_alfabetico","embeddable":true,"href":"https:\/\/wizardly-davinci.82-223-8-23.plesk.page\/en\/wp-json\/wp\/v2\/listado_alfabetico?post=19082"}],"curies":[{"name":"wp","href":"https:\/\/api.w.org\/{rel}","templated":true}]}}