{"id":19084,"date":"2019-04-09T23:00:52","date_gmt":"2019-04-09T23:00:52","guid":{"rendered":"https:\/\/octaedro.com\/producto\/el-cost-de-lenergia\/"},"modified":"2023-04-25T12:02:04","modified_gmt":"2023-04-25T10:02:04","slug":"el-cost-de-lenergia","status":"publish","type":"product","link":"https:\/\/wizardly-davinci.82-223-8-23.plesk.page\/en\/producto\/el-cost-de-lenergia\/","title":{"rendered":"El cost de l&#8217;energia"},"content":{"rendered":"<p>El desenvolupament de la societat industrial al llarg dels \u00faltims 250 anys s\u2019ha basat en l\u2019acc\u00e9s a fonts d\u2019energia abundants i barates en forma de combustibles f\u00f2ssils (petroli, carb\u00f3 i gas natural). Aquest llibre explica l\u2019efecte que ha tingut l\u2019\u00fas extensiu que se n\u2019ha fet en les economies mundials i la gran quantitat de diners i interessos que mou el comer\u00e7 de mat\u00e8ries primeres energ\u00e8tiques. L\u2019an\u00e0lisi que hem dut a terme desvela l\u2019alarmant depend\u00e8ncia que t\u00e9 Europa Occidental, i Catalunya en particular, de les importacions d\u2019energia i l\u2019enorme esfor\u00e7 econ\u00f2mic que aix\u00f2 suposa. Si hi afegim els signes d\u2019exhauriment que comencen a mostrar els combustibles f\u00f2ssils, i en especial el petroli, es fa evident que no podem seguir amb el model energ\u00e8tic actual.<\/p>\n<p>Els costos d\u2019obtenir l\u2019energia dels combustibles f\u00f2ssils no s\u00f3n nom\u00e9s econ\u00f2mics, sin\u00f3 que cal considerar tamb\u00e9 els devastadors efectes que el seu \u00fas t\u00e9 en el medi ambient i en el nostre entorn. \u00c9s per tot aix\u00f2 que, des d\u2019aquest estudi, es proposa impulsar una transici\u00f3 energ\u00e8tica cap a un model basat en energies renovables que ajudi a reduir els costos econ\u00f2mics, ecol\u00f2gics i socials de la nostra energia.<\/p>\n","protected":false},"excerpt":{"rendered":"<p>El desenvolupament de la societat industrial al llarg dels \u00faltims 250 anys s\u2019ha basat en l\u2019acc\u00e9s a fonts d\u2019energia abundants i barates en forma de combustibles f\u00f2ssils (petroli, carb\u00f3 i gas natural). Aquest llibre explica l\u2019efecte que ha tingut l\u2019\u00fas extensiu que se n\u2019ha fet en les economies mundials i la gran quantitat de diners i interessos que mou el comer\u00e7 de mat\u00e8ries primeres energ\u00e8tiques. L\u2019an\u00e0lisi que hem dut a terme desvela l\u2019alarmant depend\u00e8ncia que t\u00e9 Europa Occidental, i Catalunya en particular, de les importacions d\u2019energia i l\u2019enorme esfor\u00e7 econ\u00f2mic que aix\u00f2 suposa. Si hi afegim els signes d\u2019exhauriment que comencen a mostrar els combustibles f\u00f2ssils, i en especial el petroli, es fa evident que no podem seguir amb el model energ\u00e8tic actual.<\/p>\n<p>Els costos d\u2019obtenir l\u2019energia dels combustibles f\u00f2ssils no s\u00f3n nom\u00e9s econ\u00f2mics, sin\u00f3 que cal considerar tamb\u00e9 els devastadors efectes que el seu \u00fas t\u00e9 en el medi ambient i en el nostre entorn. \u00c9s per tot aix\u00f2 que, des d\u2019aquest estudi, es proposa impulsar una transici\u00f3 energ\u00e8tica cap a un model basat en energies renovables que ajudi a reduir els costos econ\u00f2mics, ecol\u00f2gics i socials de la nostra energia.<\/p>\n","protected":false},"featured_media":19085,"comment_status":"open","ping_status":"closed","template":"","meta":{"_et_pb_use_builder":"","_et_pb_old_content":"","_et_gb_content_width":""},"product_cat":[1512,6675,1510],"product_tag":[2602],"edicion":[1083],"editoriales":[1160],"tienda":[],"autor_id":[6238],"universidades_coeditoras":[],"palabras_clave":[],"listado_alfabetico":[],"acf":[],"_links":{"self":[{"href":"https:\/\/wizardly-davinci.82-223-8-23.plesk.page\/en\/wp-json\/wp\/v2\/product\/19084"}],"collection":[{"href":"https:\/\/wizardly-davinci.82-223-8-23.plesk.page\/en\/wp-json\/wp\/v2\/product"}],"about":[{"href":"https:\/\/wizardly-davinci.82-223-8-23.plesk.page\/en\/wp-json\/wp\/v2\/types\/product"}],"replies":[{"embeddable":true,"href":"https:\/\/wizardly-davinci.82-223-8-23.plesk.page\/en\/wp-json\/wp\/v2\/comments?post=19084"}],"wp:featuredmedia":[{"embeddable":true,"href":"https:\/\/wizardly-davinci.82-223-8-23.plesk.page\/en\/wp-json\/wp\/v2\/media\/19085"}],"wp:attachment":[{"href":"https:\/\/wizardly-davinci.82-223-8-23.plesk.page\/en\/wp-json\/wp\/v2\/media?parent=19084"}],"wp:term":[{"taxonomy":"product_cat","embeddable":true,"href":"https:\/\/wizardly-davinci.82-223-8-23.plesk.page\/en\/wp-json\/wp\/v2\/product_cat?post=19084"},{"taxonomy":"product_tag","embeddable":true,"href":"https:\/\/wizardly-davinci.82-223-8-23.plesk.page\/en\/wp-json\/wp\/v2\/product_tag?post=19084"},{"taxonomy":"edicion","embeddable":true,"href":"https:\/\/wizardly-davinci.82-223-8-23.plesk.page\/en\/wp-json\/wp\/v2\/edicion?post=19084"},{"taxonomy":"editoriales","embeddable":true,"href":"https:\/\/wizardly-davinci.82-223-8-23.plesk.page\/en\/wp-json\/wp\/v2\/editoriales?post=19084"},{"taxonomy":"tienda","embeddable":true,"href":"https:\/\/wizardly-davinci.82-223-8-23.plesk.page\/en\/wp-json\/wp\/v2\/tienda?post=19084"},{"taxonomy":"autor_id","embeddable":true,"href":"https:\/\/wizardly-davinci.82-223-8-23.plesk.page\/en\/wp-json\/wp\/v2\/autor_id?post=19084"},{"taxonomy":"universidades_coeditoras","embeddable":true,"href":"https:\/\/wizardly-davinci.82-223-8-23.plesk.page\/en\/wp-json\/wp\/v2\/universidades_coeditoras?post=19084"},{"taxonomy":"palabras_clave","embeddable":true,"href":"https:\/\/wizardly-davinci.82-223-8-23.plesk.page\/en\/wp-json\/wp\/v2\/palabras_clave?post=19084"},{"taxonomy":"listado_alfabetico","embeddable":true,"href":"https:\/\/wizardly-davinci.82-223-8-23.plesk.page\/en\/wp-json\/wp\/v2\/listado_alfabetico?post=19084"}],"curies":[{"name":"wp","href":"https:\/\/api.w.org\/{rel}","templated":true}]}}