{"id":19086,"date":"2019-04-09T23:00:53","date_gmt":"2019-04-09T23:00:53","guid":{"rendered":"https:\/\/octaedro.com\/producto\/el-joc-a-la-primera-infancia\/"},"modified":"2023-04-25T12:02:15","modified_gmt":"2023-04-25T10:02:15","slug":"el-joc-a-la-primera-infancia","status":"publish","type":"product","link":"https:\/\/wizardly-davinci.82-223-8-23.plesk.page\/en\/producto\/el-joc-a-la-primera-infancia\/","title":{"rendered":"El joc a la primera infancia"},"content":{"rendered":"<p>Tothom destaca la import\u00e0ncia del joc; tot i aix\u00ed, a la pr\u00e0ctica, es tenen retic\u00e8ncies a confiar que quan un infant juga, apr\u00e8n de manera significativa. Aquest llibre est\u00e0 escrit per professionals amb anys d\u2019experi\u00e8ncia en el camp de l\u2019educaci\u00f3 que comparteixen les seves mirades disciplin\u00e0ries sobre el joc. Els 17 autors d\u2019aquesta obra, conven\u00e7uts de la gran import\u00e0ncia del joc en el desenvolupament i l\u2019aprenentatge en les primeres edats, exposen i argumenten, partint de la investigaci\u00f3 i de l\u2019experi\u00e8ncia professional, per qu\u00e8 el joc \u00e9s tan fonamental dins i fora de l\u2019escola.<br \/>\nAquest llibre pot ser una eina molt \u00fatil tant per als estudiants de mestre com per als professionals i les fam\u00edlies. L\u2019estudiant de mestre hi trobar\u00e0 connexions amb la major part d\u2019assignatures que cursar\u00e0 durant els seus estudis. Per\u00f2 tamb\u00e9 s\u2019hi inclouen propostes i reflexions per anar m\u00e9s a fons des de cada \u00e0rea, aix\u00ed com suggeriments d\u2019activitats de mestres en actiu, que poden ser d\u2019inter\u00e8s per a professionals dels \u00e0mbits de l\u2019educaci\u00f3, la psicologia, la pedagogia, l\u2019educaci\u00f3 social, les activitats de lleure, i qualsevol persona que estigui en contacte amb infants.<\/p>\n","protected":false},"excerpt":{"rendered":"<p>Tothom destaca la import\u00e0ncia del joc; tot i aix\u00ed, a la pr\u00e0ctica, es tenen retic\u00e8ncies a confiar que quan un infant juga, apr\u00e8n de manera significativa. Aquest llibre est\u00e0 escrit per professionals amb anys d\u2019experi\u00e8ncia en el camp de l\u2019educaci\u00f3 que comparteixen les seves mirades disciplin\u00e0ries sobre el joc. Els 17 autors d\u2019aquesta obra, conven\u00e7uts de la gran import\u00e0ncia del joc en el desenvolupament i l\u2019aprenentatge en les primeres edats, exposen i argumenten, partint de la investigaci\u00f3 i de l\u2019experi\u00e8ncia professional, per qu\u00e8 el joc \u00e9s tan fonamental dins i fora de l\u2019escola.<br \/>\nAquest llibre pot ser una eina molt \u00fatil tant per als estudiants de mestre com per als professionals i les fam\u00edlies. L\u2019estudiant de mestre hi trobar\u00e0 connexions amb la major part d\u2019assignatures que cursar\u00e0 durant els seus estudis. Per\u00f2 tamb\u00e9 s\u2019hi inclouen propostes i reflexions per anar m\u00e9s a fons des de cada \u00e0rea, aix\u00ed com suggeriments d\u2019activitats de mestres en actiu, que poden ser d\u2019inter\u00e8s per a professionals dels \u00e0mbits de l\u2019educaci\u00f3, la psicologia, la pedagogia, l\u2019educaci\u00f3 social, les activitats de lleure, i qualsevol persona que estigui en contacte amb infants.<\/p>\n","protected":false},"featured_media":19087,"comment_status":"open","ping_status":"closed","template":"","meta":{"_et_pb_use_builder":"","_et_pb_old_content":"","_et_gb_content_width":""},"product_cat":[2606,6674,6675,1510],"product_tag":[2608],"edicion":[1085,1083],"editoriales":[1160],"tienda":[],"autor_id":[5049,5157,5406],"universidades_coeditoras":[7233],"palabras_clave":[],"listado_alfabetico":[],"acf":[],"_links":{"self":[{"href":"https:\/\/wizardly-davinci.82-223-8-23.plesk.page\/en\/wp-json\/wp\/v2\/product\/19086"}],"collection":[{"href":"https:\/\/wizardly-davinci.82-223-8-23.plesk.page\/en\/wp-json\/wp\/v2\/product"}],"about":[{"href":"https:\/\/wizardly-davinci.82-223-8-23.plesk.page\/en\/wp-json\/wp\/v2\/types\/product"}],"replies":[{"embeddable":true,"href":"https:\/\/wizardly-davinci.82-223-8-23.plesk.page\/en\/wp-json\/wp\/v2\/comments?post=19086"}],"wp:featuredmedia":[{"embeddable":true,"href":"https:\/\/wizardly-davinci.82-223-8-23.plesk.page\/en\/wp-json\/wp\/v2\/media\/19087"}],"wp:attachment":[{"href":"https:\/\/wizardly-davinci.82-223-8-23.plesk.page\/en\/wp-json\/wp\/v2\/media?parent=19086"}],"wp:term":[{"taxonomy":"product_cat","embeddable":true,"href":"https:\/\/wizardly-davinci.82-223-8-23.plesk.page\/en\/wp-json\/wp\/v2\/product_cat?post=19086"},{"taxonomy":"product_tag","embeddable":true,"href":"https:\/\/wizardly-davinci.82-223-8-23.plesk.page\/en\/wp-json\/wp\/v2\/product_tag?post=19086"},{"taxonomy":"edicion","embeddable":true,"href":"https:\/\/wizardly-davinci.82-223-8-23.plesk.page\/en\/wp-json\/wp\/v2\/edicion?post=19086"},{"taxonomy":"editoriales","embeddable":true,"href":"https:\/\/wizardly-davinci.82-223-8-23.plesk.page\/en\/wp-json\/wp\/v2\/editoriales?post=19086"},{"taxonomy":"tienda","embeddable":true,"href":"https:\/\/wizardly-davinci.82-223-8-23.plesk.page\/en\/wp-json\/wp\/v2\/tienda?post=19086"},{"taxonomy":"autor_id","embeddable":true,"href":"https:\/\/wizardly-davinci.82-223-8-23.plesk.page\/en\/wp-json\/wp\/v2\/autor_id?post=19086"},{"taxonomy":"universidades_coeditoras","embeddable":true,"href":"https:\/\/wizardly-davinci.82-223-8-23.plesk.page\/en\/wp-json\/wp\/v2\/universidades_coeditoras?post=19086"},{"taxonomy":"palabras_clave","embeddable":true,"href":"https:\/\/wizardly-davinci.82-223-8-23.plesk.page\/en\/wp-json\/wp\/v2\/palabras_clave?post=19086"},{"taxonomy":"listado_alfabetico","embeddable":true,"href":"https:\/\/wizardly-davinci.82-223-8-23.plesk.page\/en\/wp-json\/wp\/v2\/listado_alfabetico?post=19086"}],"curies":[{"name":"wp","href":"https:\/\/api.w.org\/{rel}","templated":true}]}}