{"id":19088,"date":"2016-11-01T11:20:54","date_gmt":"2016-11-01T11:20:54","guid":{"rendered":"https:\/\/octaedro.com\/producto\/de-sol-a-sol\/"},"modified":"2023-04-25T12:02:22","modified_gmt":"2023-04-25T10:02:22","slug":"de-sol-a-sol","status":"publish","type":"product","link":"https:\/\/wizardly-davinci.82-223-8-23.plesk.page\/en\/producto\/de-sol-a-sol\/","title":{"rendered":"De sol a s\u00f2l"},"content":{"rendered":"<p><em>De sol a s\u00f2l<\/em> presenta una visi\u00f3 realista de base cient\u00edfica del que s&#8217;espera que sigui el m\u00f3n en un futur tan proper com l&#8217;any 2030. Quins recursos energ\u00e8tics tindrem? Quines professions resistiran el pas del temps i quines seran totalment noves? Quants anys viur\u00e0 la gent i com s&#8217;hauran de plantejar la sanitat o les ajudes socials? La novel\u00b7la est\u00e0 ambientada en un poble de la Segarra per centrar l&#8217;acci\u00f3 i el misteri en una zona agr\u00edcola de sec\u00e0 que est\u00e0 patint i patir\u00e0 importants modificacions a causa del canvi clim\u00e0tic. Qu\u00e8 farem, qu\u00e8 podrem fer quan la temperatura a l&#8217;estiu arribi als 50\u00b0C? Unes inquietants aranyes met\u00e0l\u00b7liques sobrevolen els camps. A la tranquil\u00b7la Resid\u00e8ncia +80 de Cervera s&#8217;ha instal\u00b7lat en Bertran, un home misteri\u00f3s que la colla de l&#8217;\u00c0sser decidir\u00e0 seguir. Assassinat, misteri i aventures seran la conseq\u00fc\u00e8ncia d&#8217;un nou estil de vida en un m\u00f3n on la meteorologia ha esdevingut sobretot un gran problema. Lectura dirigida al p\u00fablic juvenil, els adults del 2030.<\/p>\n","protected":false},"excerpt":{"rendered":"<p><em>De sol a s\u00f2l<\/em> presenta una visi\u00f3 realista de base cient\u00edfica del que s&#8217;espera que sigui el m\u00f3n en un futur tan proper com l&#8217;any 2030. Quins recursos energ\u00e8tics tindrem? Quines professions resistiran el pas del temps i quines seran totalment noves? Quants anys viur\u00e0 la gent i com s&#8217;hauran de plantejar la sanitat o les ajudes socials? La novel\u00b7la est\u00e0 ambientada en un poble de la Segarra per centrar l&#8217;acci\u00f3 i el misteri en una zona agr\u00edcola de sec\u00e0 que est\u00e0 patint i patir\u00e0 importants modificacions a causa del canvi clim\u00e0tic. Qu\u00e8 farem, qu\u00e8 podrem fer quan la temperatura a l&#8217;estiu arribi als 50\u00b0C? Unes inquietants aranyes met\u00e0l\u00b7liques sobrevolen els camps. A la tranquil\u00b7la Resid\u00e8ncia +80 de Cervera s&#8217;ha instal\u00b7lat en Bertran, un home misteri\u00f3s que la colla de l&#8217;\u00c0sser decidir\u00e0 seguir. Assassinat, misteri i aventures seran la conseq\u00fc\u00e8ncia d&#8217;un nou estil de vida en un m\u00f3n on la meteorologia ha esdevingut sobretot un gran problema. Lectura dirigida al p\u00fablic juvenil, els adults del 2030.<\/p>\n","protected":false},"featured_media":19089,"comment_status":"open","ping_status":"closed","template":"","meta":{"_et_pb_use_builder":"","_et_pb_old_content":"","_et_gb_content_width":""},"product_cat":[1512,1510],"product_tag":[2602],"edicion":[1083],"editoriales":[1160],"tienda":[],"autor_id":[5782],"universidades_coeditoras":[],"palabras_clave":[],"listado_alfabetico":[],"acf":[],"_links":{"self":[{"href":"https:\/\/wizardly-davinci.82-223-8-23.plesk.page\/en\/wp-json\/wp\/v2\/product\/19088"}],"collection":[{"href":"https:\/\/wizardly-davinci.82-223-8-23.plesk.page\/en\/wp-json\/wp\/v2\/product"}],"about":[{"href":"https:\/\/wizardly-davinci.82-223-8-23.plesk.page\/en\/wp-json\/wp\/v2\/types\/product"}],"replies":[{"embeddable":true,"href":"https:\/\/wizardly-davinci.82-223-8-23.plesk.page\/en\/wp-json\/wp\/v2\/comments?post=19088"}],"wp:featuredmedia":[{"embeddable":true,"href":"https:\/\/wizardly-davinci.82-223-8-23.plesk.page\/en\/wp-json\/wp\/v2\/media\/19089"}],"wp:attachment":[{"href":"https:\/\/wizardly-davinci.82-223-8-23.plesk.page\/en\/wp-json\/wp\/v2\/media?parent=19088"}],"wp:term":[{"taxonomy":"product_cat","embeddable":true,"href":"https:\/\/wizardly-davinci.82-223-8-23.plesk.page\/en\/wp-json\/wp\/v2\/product_cat?post=19088"},{"taxonomy":"product_tag","embeddable":true,"href":"https:\/\/wizardly-davinci.82-223-8-23.plesk.page\/en\/wp-json\/wp\/v2\/product_tag?post=19088"},{"taxonomy":"edicion","embeddable":true,"href":"https:\/\/wizardly-davinci.82-223-8-23.plesk.page\/en\/wp-json\/wp\/v2\/edicion?post=19088"},{"taxonomy":"editoriales","embeddable":true,"href":"https:\/\/wizardly-davinci.82-223-8-23.plesk.page\/en\/wp-json\/wp\/v2\/editoriales?post=19088"},{"taxonomy":"tienda","embeddable":true,"href":"https:\/\/wizardly-davinci.82-223-8-23.plesk.page\/en\/wp-json\/wp\/v2\/tienda?post=19088"},{"taxonomy":"autor_id","embeddable":true,"href":"https:\/\/wizardly-davinci.82-223-8-23.plesk.page\/en\/wp-json\/wp\/v2\/autor_id?post=19088"},{"taxonomy":"universidades_coeditoras","embeddable":true,"href":"https:\/\/wizardly-davinci.82-223-8-23.plesk.page\/en\/wp-json\/wp\/v2\/universidades_coeditoras?post=19088"},{"taxonomy":"palabras_clave","embeddable":true,"href":"https:\/\/wizardly-davinci.82-223-8-23.plesk.page\/en\/wp-json\/wp\/v2\/palabras_clave?post=19088"},{"taxonomy":"listado_alfabetico","embeddable":true,"href":"https:\/\/wizardly-davinci.82-223-8-23.plesk.page\/en\/wp-json\/wp\/v2\/listado_alfabetico?post=19088"}],"curies":[{"name":"wp","href":"https:\/\/api.w.org\/{rel}","templated":true}]}}