{"id":19090,"date":"2019-04-09T23:00:54","date_gmt":"2019-04-09T23:00:54","guid":{"rendered":"https:\/\/octaedro.com\/producto\/psicomotricitat-escola-i-curriculum\/"},"modified":"2023-04-25T12:02:28","modified_gmt":"2023-04-25T10:02:28","slug":"psicomotricitat-escola-i-curriculum","status":"publish","type":"product","link":"https:\/\/wizardly-davinci.82-223-8-23.plesk.page\/en\/producto\/psicomotricitat-escola-i-curriculum\/","title":{"rendered":"Psicomotricitat, escola i curr\u00edculum"},"content":{"rendered":"<p>La psicomotricitat ha d\u2019estar situada en un marc de coher\u00e8ncia pedag\u00f2gica dins el projecte educatiu de les escoles. La finalitat d\u2019aquest llibre va en aquesta direcci\u00f3. Es vol posar de manifest com la psicomotricitat est\u00e0 present en la majoria de continguts i estrat\u00e8gies dels curr\u00edculums de l\u2019etapa d\u2019educaci\u00f3 infantil i del primer cicle de l\u2019etapa d\u2019educaci\u00f3 prim\u00e0ria. I tamb\u00e9 com les capacitats i compet\u00e8ncies d\u2019ambdues etapes tenen una clara relaci\u00f3 amb els continguts de la psicomotricitat.<\/p>\n<p>Aquest llibre pret\u00e9n ser una eina \u00fatil per a tots els professionals que treballen la psicomotricitat en el marc escolar i en altres institucions que donen suport a infants que necessiten aquest acompanyament. Tamb\u00e9 pret\u00e9n ser un document de refer\u00e8ncia en la formaci\u00f3 inicial de mestres i de psicomotricistes. Uns i altres hi trobaran fonamentaci\u00f3 i recursos per elaborar la seva pr\u00f2pia pr\u00e0ctica i reflexi\u00f3.<\/p>\n<p>El treball realitzat \u00e9s fruit de la il\u00b7lusi\u00f3 i el comprom\u00eds professional dels seus autors, citats a l\u2019interior. Tots ells formen part d\u2019un grup de recerca de la UAB i, des de diferents realitats professionals, desenvolupen la seva tasca en el camp de l\u2019educaci\u00f3 i la psicomotricitat.<\/p>\n","protected":false},"excerpt":{"rendered":"<p>La psicomotricitat ha d\u2019estar situada en un marc de coher\u00e8ncia pedag\u00f2gica dins el projecte educatiu de les escoles. La finalitat d\u2019aquest llibre va en aquesta direcci\u00f3. Es vol posar de manifest com la psicomotricitat est\u00e0 present en la majoria de continguts i estrat\u00e8gies dels curr\u00edculums de l\u2019etapa d\u2019educaci\u00f3 infantil i del primer cicle de l\u2019etapa d\u2019educaci\u00f3 prim\u00e0ria. I tamb\u00e9 com les capacitats i compet\u00e8ncies d\u2019ambdues etapes tenen una clara relaci\u00f3 amb els continguts de la psicomotricitat.<\/p>\n<p>Aquest llibre pret\u00e9n ser una eina \u00fatil per a tots els professionals que treballen la psicomotricitat en el marc escolar i en altres institucions que donen suport a infants que necessiten aquest acompanyament. Tamb\u00e9 pret\u00e9n ser un document de refer\u00e8ncia en la formaci\u00f3 inicial de mestres i de psicomotricistes. Uns i altres hi trobaran fonamentaci\u00f3 i recursos per elaborar la seva pr\u00f2pia pr\u00e0ctica i reflexi\u00f3.<\/p>\n<p>El treball realitzat \u00e9s fruit de la il\u00b7lusi\u00f3 i el comprom\u00eds professional dels seus autors, citats a l\u2019interior. Tots ells formen part d\u2019un grup de recerca de la UAB i, des de diferents realitats professionals, desenvolupen la seva tasca en el camp de l\u2019educaci\u00f3 i la psicomotricitat.<\/p>\n","protected":false},"featured_media":19091,"comment_status":"open","ping_status":"closed","template":"","meta":{"_et_pb_use_builder":"","_et_pb_old_content":"","_et_gb_content_width":""},"product_cat":[6675,1510,9825],"product_tag":[2602],"edicion":[1083],"editoriales":[1160],"tienda":[],"autor_id":[5049,5923,6301],"universidades_coeditoras":[7233],"palabras_clave":[],"listado_alfabetico":[],"acf":[],"_links":{"self":[{"href":"https:\/\/wizardly-davinci.82-223-8-23.plesk.page\/en\/wp-json\/wp\/v2\/product\/19090"}],"collection":[{"href":"https:\/\/wizardly-davinci.82-223-8-23.plesk.page\/en\/wp-json\/wp\/v2\/product"}],"about":[{"href":"https:\/\/wizardly-davinci.82-223-8-23.plesk.page\/en\/wp-json\/wp\/v2\/types\/product"}],"replies":[{"embeddable":true,"href":"https:\/\/wizardly-davinci.82-223-8-23.plesk.page\/en\/wp-json\/wp\/v2\/comments?post=19090"}],"wp:featuredmedia":[{"embeddable":true,"href":"https:\/\/wizardly-davinci.82-223-8-23.plesk.page\/en\/wp-json\/wp\/v2\/media\/19091"}],"wp:attachment":[{"href":"https:\/\/wizardly-davinci.82-223-8-23.plesk.page\/en\/wp-json\/wp\/v2\/media?parent=19090"}],"wp:term":[{"taxonomy":"product_cat","embeddable":true,"href":"https:\/\/wizardly-davinci.82-223-8-23.plesk.page\/en\/wp-json\/wp\/v2\/product_cat?post=19090"},{"taxonomy":"product_tag","embeddable":true,"href":"https:\/\/wizardly-davinci.82-223-8-23.plesk.page\/en\/wp-json\/wp\/v2\/product_tag?post=19090"},{"taxonomy":"edicion","embeddable":true,"href":"https:\/\/wizardly-davinci.82-223-8-23.plesk.page\/en\/wp-json\/wp\/v2\/edicion?post=19090"},{"taxonomy":"editoriales","embeddable":true,"href":"https:\/\/wizardly-davinci.82-223-8-23.plesk.page\/en\/wp-json\/wp\/v2\/editoriales?post=19090"},{"taxonomy":"tienda","embeddable":true,"href":"https:\/\/wizardly-davinci.82-223-8-23.plesk.page\/en\/wp-json\/wp\/v2\/tienda?post=19090"},{"taxonomy":"autor_id","embeddable":true,"href":"https:\/\/wizardly-davinci.82-223-8-23.plesk.page\/en\/wp-json\/wp\/v2\/autor_id?post=19090"},{"taxonomy":"universidades_coeditoras","embeddable":true,"href":"https:\/\/wizardly-davinci.82-223-8-23.plesk.page\/en\/wp-json\/wp\/v2\/universidades_coeditoras?post=19090"},{"taxonomy":"palabras_clave","embeddable":true,"href":"https:\/\/wizardly-davinci.82-223-8-23.plesk.page\/en\/wp-json\/wp\/v2\/palabras_clave?post=19090"},{"taxonomy":"listado_alfabetico","embeddable":true,"href":"https:\/\/wizardly-davinci.82-223-8-23.plesk.page\/en\/wp-json\/wp\/v2\/listado_alfabetico?post=19090"}],"curies":[{"name":"wp","href":"https:\/\/api.w.org\/{rel}","templated":true}]}}