{"id":19098,"date":"2019-04-09T23:00:55","date_gmt":"2019-04-09T23:00:55","guid":{"rendered":"https:\/\/octaedro.com\/producto\/escola-families-i-comunitat\/"},"modified":"2023-04-25T12:03:07","modified_gmt":"2023-04-25T10:03:07","slug":"escola-families-i-comunitat","status":"publish","type":"product","link":"https:\/\/wizardly-davinci.82-223-8-23.plesk.page\/en\/producto\/escola-families-i-comunitat\/","title":{"rendered":"Escola, fam\u00edlies i comunitat"},"content":{"rendered":"<p>Els esdeveniments que presenciem aquests \u00faltims temps, tant en l\u2019\u00e0mbit global com local, constaten que vivim un aut\u00e8ntic canvi d\u2019\u00e8poca, en qu\u00e8 les regles del joc social i educatiu s\u2019estan transformant profundament.<\/p>\n<p>En aquest context, totes les educacions \u2013l\u2019escolar, la familiar, l\u2019esportiva, l\u2019art\u00edstica o la del lleure\u2013 experimenten un notable desajust entre unes respostes antigues i unes preguntes que canvien substancialment. Davant d\u2019aquest desajust \u00e9s imprescindible entendre, plantejar i construir pol\u00edtiques i accions educatives des d\u2019una perspectiva que les inclogui totes \u2013la familiar, l\u2019escolar, la comunit\u00e0ria, etc.\u2013 i que tingui molt en compte la seva absoluta interdepend\u00e8ncia. Aquesta \u00e9s la idea clau: no es pot intentar educar pertinentment en el segle XXI sense tenir en compte fam\u00edlies, docents i comunitat i les seves estretes interrelacions.<\/p>\n<p><strong>Jordi Collet<\/strong> i <strong>Antoni Tort<\/strong>, basant-se en les seves recerques, proposen exemples, accions i debats per educar el millor possible en el nostre m\u00f3n, reconeixent, alhora, tot all\u00f2 apr\u00e8s fins avui.<\/p>\n","protected":false},"excerpt":{"rendered":"<p>Els esdeveniments que presenciem aquests \u00faltims temps, tant en l\u2019\u00e0mbit global com local, constaten que vivim un aut\u00e8ntic canvi d\u2019\u00e8poca, en qu\u00e8 les regles del joc social i educatiu s\u2019estan transformant profundament.<\/p>\n<p>En aquest context, totes les educacions \u2013l\u2019escolar, la familiar, l\u2019esportiva, l\u2019art\u00edstica o la del lleure\u2013 experimenten un notable desajust entre unes respostes antigues i unes preguntes que canvien substancialment. Davant d\u2019aquest desajust \u00e9s imprescindible entendre, plantejar i construir pol\u00edtiques i accions educatives des d\u2019una perspectiva que les inclogui totes \u2013la familiar, l\u2019escolar, la comunit\u00e0ria, etc.\u2013 i que tingui molt en compte la seva absoluta interdepend\u00e8ncia. Aquesta \u00e9s la idea clau: no es pot intentar educar pertinentment en el segle XXI sense tenir en compte fam\u00edlies, docents i comunitat i les seves estretes interrelacions.<\/p>\n<p><strong>Jordi Collet<\/strong> i <strong>Antoni Tort<\/strong>, basant-se en les seves recerques, proposen exemples, accions i debats per educar el millor possible en el nostre m\u00f3n, reconeixent, alhora, tot all\u00f2 apr\u00e8s fins avui.<\/p>\n","protected":false},"featured_media":19099,"comment_status":"open","ping_status":"closed","template":"","meta":{"_et_pb_use_builder":"","_et_pb_old_content":"","_et_gb_content_width":""},"product_cat":[6675,1510],"product_tag":[2602],"edicion":[],"editoriales":[1160],"tienda":[],"autor_id":[5312,6510],"universidades_coeditoras":[],"palabras_clave":[],"listado_alfabetico":[],"acf":[],"_links":{"self":[{"href":"https:\/\/wizardly-davinci.82-223-8-23.plesk.page\/en\/wp-json\/wp\/v2\/product\/19098"}],"collection":[{"href":"https:\/\/wizardly-davinci.82-223-8-23.plesk.page\/en\/wp-json\/wp\/v2\/product"}],"about":[{"href":"https:\/\/wizardly-davinci.82-223-8-23.plesk.page\/en\/wp-json\/wp\/v2\/types\/product"}],"replies":[{"embeddable":true,"href":"https:\/\/wizardly-davinci.82-223-8-23.plesk.page\/en\/wp-json\/wp\/v2\/comments?post=19098"}],"wp:featuredmedia":[{"embeddable":true,"href":"https:\/\/wizardly-davinci.82-223-8-23.plesk.page\/en\/wp-json\/wp\/v2\/media\/19099"}],"wp:attachment":[{"href":"https:\/\/wizardly-davinci.82-223-8-23.plesk.page\/en\/wp-json\/wp\/v2\/media?parent=19098"}],"wp:term":[{"taxonomy":"product_cat","embeddable":true,"href":"https:\/\/wizardly-davinci.82-223-8-23.plesk.page\/en\/wp-json\/wp\/v2\/product_cat?post=19098"},{"taxonomy":"product_tag","embeddable":true,"href":"https:\/\/wizardly-davinci.82-223-8-23.plesk.page\/en\/wp-json\/wp\/v2\/product_tag?post=19098"},{"taxonomy":"edicion","embeddable":true,"href":"https:\/\/wizardly-davinci.82-223-8-23.plesk.page\/en\/wp-json\/wp\/v2\/edicion?post=19098"},{"taxonomy":"editoriales","embeddable":true,"href":"https:\/\/wizardly-davinci.82-223-8-23.plesk.page\/en\/wp-json\/wp\/v2\/editoriales?post=19098"},{"taxonomy":"tienda","embeddable":true,"href":"https:\/\/wizardly-davinci.82-223-8-23.plesk.page\/en\/wp-json\/wp\/v2\/tienda?post=19098"},{"taxonomy":"autor_id","embeddable":true,"href":"https:\/\/wizardly-davinci.82-223-8-23.plesk.page\/en\/wp-json\/wp\/v2\/autor_id?post=19098"},{"taxonomy":"universidades_coeditoras","embeddable":true,"href":"https:\/\/wizardly-davinci.82-223-8-23.plesk.page\/en\/wp-json\/wp\/v2\/universidades_coeditoras?post=19098"},{"taxonomy":"palabras_clave","embeddable":true,"href":"https:\/\/wizardly-davinci.82-223-8-23.plesk.page\/en\/wp-json\/wp\/v2\/palabras_clave?post=19098"},{"taxonomy":"listado_alfabetico","embeddable":true,"href":"https:\/\/wizardly-davinci.82-223-8-23.plesk.page\/en\/wp-json\/wp\/v2\/listado_alfabetico?post=19098"}],"curies":[{"name":"wp","href":"https:\/\/api.w.org\/{rel}","templated":true}]}}