{"id":19100,"date":"2019-04-09T23:00:55","date_gmt":"2019-04-09T23:00:55","guid":{"rendered":"https:\/\/octaedro.com\/producto\/aprendre-a-ser-amb-internet\/"},"modified":"2023-04-25T12:03:14","modified_gmt":"2023-04-25T10:03:14","slug":"aprendre-a-ser-amb-internet","status":"publish","type":"product","link":"https:\/\/wizardly-davinci.82-223-8-23.plesk.page\/en\/producto\/aprendre-a-ser-amb-internet\/","title":{"rendered":"Aprendre a ser amb internet"},"content":{"rendered":"<p>Els infants i adolescents d\u2019avui han nascut i crescut amb les noves tecnologies de la informaci\u00f3 i la comunicaci\u00f3 (TIC) i internet ha esdevingut per a ells una extensi\u00f3 del m\u00f3n f\u00edsic. De fet, poden ser considerats <strong> nadius digitals<\/strong>, terme que va encunyar Marc Prensky fa alguns anys.<\/p>\n<p>Les noves generacions han fet del ciberespai un entorn on interactuen, opinen, aprenen, consumeixen o, fins i tot, creen. La <strong> hiperconnectivitat del nostre temps<\/strong>, propiciada pels <em>social media<\/em>, <strong> condiciona i modela la pr\u00f2pia identitat dels m\u00e9s joves, inclosa la digital<\/strong>.<\/p>\n<p>Malgrat tot, els nostres petits s\u2019aventuren moltes vegades a explorar el ciberespai sense con\u00e8ixer els problemes i amenaces que hi poden trobar. Per aquesta ra\u00f3, <em>Aprendre a ser amb internet<\/em> vol oferir a fam\u00edlies i docents algunes idees clau que els permetran acompanyar els seus fills i alumnes en el descobriment i l\u2019exploraci\u00f3 de la xarxa. El fi \u00e9s poder fer d\u2019ells aut\u00e8ntics <strong> ciutadans 2.0<\/strong>.<\/p>\n","protected":false},"excerpt":{"rendered":"<p>Els infants i adolescents d\u2019avui han nascut i crescut amb les noves tecnologies de la informaci\u00f3 i la comunicaci\u00f3 (TIC) i internet ha esdevingut per a ells una extensi\u00f3 del m\u00f3n f\u00edsic. De fet, poden ser considerats <strong> nadius digitals<\/strong>, terme que va encunyar Marc Prensky fa alguns anys.<\/p>\n<p>Les noves generacions han fet del ciberespai un entorn on interactuen, opinen, aprenen, consumeixen o, fins i tot, creen. La <strong> hiperconnectivitat del nostre temps<\/strong>, propiciada pels <em>social media<\/em>, <strong> condiciona i modela la pr\u00f2pia identitat dels m\u00e9s joves, inclosa la digital<\/strong>.<\/p>\n<p>Malgrat tot, els nostres petits s\u2019aventuren moltes vegades a explorar el ciberespai sense con\u00e8ixer els problemes i amenaces que hi poden trobar. Per aquesta ra\u00f3, <em>Aprendre a ser amb internet<\/em> vol oferir a fam\u00edlies i docents algunes idees clau que els permetran acompanyar els seus fills i alumnes en el descobriment i l\u2019exploraci\u00f3 de la xarxa. El fi \u00e9s poder fer d\u2019ells aut\u00e8ntics <strong> ciutadans 2.0<\/strong>.<\/p>\n","protected":false},"featured_media":19101,"comment_status":"open","ping_status":"closed","template":"","meta":{"_et_pb_use_builder":"","_et_pb_old_content":"","_et_gb_content_width":""},"product_cat":[1512,6675,1510],"product_tag":[2602],"edicion":[1083],"editoriales":[1160],"tienda":[],"autor_id":[6208],"universidades_coeditoras":[],"palabras_clave":[],"listado_alfabetico":[],"acf":[],"_links":{"self":[{"href":"https:\/\/wizardly-davinci.82-223-8-23.plesk.page\/en\/wp-json\/wp\/v2\/product\/19100"}],"collection":[{"href":"https:\/\/wizardly-davinci.82-223-8-23.plesk.page\/en\/wp-json\/wp\/v2\/product"}],"about":[{"href":"https:\/\/wizardly-davinci.82-223-8-23.plesk.page\/en\/wp-json\/wp\/v2\/types\/product"}],"replies":[{"embeddable":true,"href":"https:\/\/wizardly-davinci.82-223-8-23.plesk.page\/en\/wp-json\/wp\/v2\/comments?post=19100"}],"wp:featuredmedia":[{"embeddable":true,"href":"https:\/\/wizardly-davinci.82-223-8-23.plesk.page\/en\/wp-json\/wp\/v2\/media\/19101"}],"wp:attachment":[{"href":"https:\/\/wizardly-davinci.82-223-8-23.plesk.page\/en\/wp-json\/wp\/v2\/media?parent=19100"}],"wp:term":[{"taxonomy":"product_cat","embeddable":true,"href":"https:\/\/wizardly-davinci.82-223-8-23.plesk.page\/en\/wp-json\/wp\/v2\/product_cat?post=19100"},{"taxonomy":"product_tag","embeddable":true,"href":"https:\/\/wizardly-davinci.82-223-8-23.plesk.page\/en\/wp-json\/wp\/v2\/product_tag?post=19100"},{"taxonomy":"edicion","embeddable":true,"href":"https:\/\/wizardly-davinci.82-223-8-23.plesk.page\/en\/wp-json\/wp\/v2\/edicion?post=19100"},{"taxonomy":"editoriales","embeddable":true,"href":"https:\/\/wizardly-davinci.82-223-8-23.plesk.page\/en\/wp-json\/wp\/v2\/editoriales?post=19100"},{"taxonomy":"tienda","embeddable":true,"href":"https:\/\/wizardly-davinci.82-223-8-23.plesk.page\/en\/wp-json\/wp\/v2\/tienda?post=19100"},{"taxonomy":"autor_id","embeddable":true,"href":"https:\/\/wizardly-davinci.82-223-8-23.plesk.page\/en\/wp-json\/wp\/v2\/autor_id?post=19100"},{"taxonomy":"universidades_coeditoras","embeddable":true,"href":"https:\/\/wizardly-davinci.82-223-8-23.plesk.page\/en\/wp-json\/wp\/v2\/universidades_coeditoras?post=19100"},{"taxonomy":"palabras_clave","embeddable":true,"href":"https:\/\/wizardly-davinci.82-223-8-23.plesk.page\/en\/wp-json\/wp\/v2\/palabras_clave?post=19100"},{"taxonomy":"listado_alfabetico","embeddable":true,"href":"https:\/\/wizardly-davinci.82-223-8-23.plesk.page\/en\/wp-json\/wp\/v2\/listado_alfabetico?post=19100"}],"curies":[{"name":"wp","href":"https:\/\/api.w.org\/{rel}","templated":true}]}}