{"id":19102,"date":"2019-04-09T23:00:55","date_gmt":"2019-04-09T23:00:55","guid":{"rendered":"https:\/\/octaedro.com\/producto\/aprendre-a-estudiar-amb-internet\/"},"modified":"2023-04-25T12:03:21","modified_gmt":"2023-04-25T10:03:21","slug":"aprendre-a-estudiar-amb-internet","status":"publish","type":"product","link":"https:\/\/wizardly-davinci.82-223-8-23.plesk.page\/en\/producto\/aprendre-a-estudiar-amb-internet\/","title":{"rendered":"Aprendre a estudiar amb internet"},"content":{"rendered":"<p>El m\u00f3n de l\u2019ensenyament es troba en aquests moments en un aut\u00e8ntic encreuament de camins. El recent auge de <strong> nous corrents pedag\u00f2gics<\/strong> i el cada cop major protagonisme de les tecnologies de la informaci\u00f3 i la comunicaci\u00f3 (TIC) obliguen a considerar estrat\u00e8gies d\u2019ensenyament-aprenentatge adaptades al nou paradigma educatiu.<\/p>\n<p>Aquestes noves estrat\u00e8gies han de considerar la necessitat <strong> d\u2019integrar de manera natural l\u2019\u00fas d\u2019internet i de les TIC en els diferents nivells formatius<\/strong>. No es tracta de digitalitzar per digitalitzar, sin\u00f3 d\u2019aprofitar al m\u00e0xim les possibilitats que aquests recursos ofereixen per ajudar els alumnes no nom\u00e9s a estudiar, sin\u00f3 tamb\u00e9 a desenvolupar la creativitat, la capacitat de treball en equip, la motivaci\u00f3 davant l\u2019aprenentatge&#8230;<\/p>\n<p>Encara avui moltes fam\u00edlies i docents desconfien de la integraci\u00f3 de les TIC en l\u2019ensenyament i tenen dubtes sobre els beneficis que poden tenir per l\u2019aprenentatge. Per aquesta ra\u00f3, <strong> <em> Aprendre a estudiar amb internet<\/em><\/strong> pret\u00e9n oferir, sobretot al professorat, algunes <strong> idees, estrat\u00e8gies, rutines i eines que l\u2019ajudin a millorar els coneixements i les compet\u00e8ncies de l\u2019alumnat<\/strong> gr\u00e0cies a l\u2019\u00fas de les noves tecnologies.<\/p>\n","protected":false},"excerpt":{"rendered":"<p>El m\u00f3n de l\u2019ensenyament es troba en aquests moments en un aut\u00e8ntic encreuament de camins. El recent auge de <strong> nous corrents pedag\u00f2gics<\/strong> i el cada cop major protagonisme de les tecnologies de la informaci\u00f3 i la comunicaci\u00f3 (TIC) obliguen a considerar estrat\u00e8gies d\u2019ensenyament-aprenentatge adaptades al nou paradigma educatiu.<\/p>\n<p>Aquestes noves estrat\u00e8gies han de considerar la necessitat <strong> d\u2019integrar de manera natural l\u2019\u00fas d\u2019internet i de les TIC en els diferents nivells formatius<\/strong>. No es tracta de digitalitzar per digitalitzar, sin\u00f3 d\u2019aprofitar al m\u00e0xim les possibilitats que aquests recursos ofereixen per ajudar els alumnes no nom\u00e9s a estudiar, sin\u00f3 tamb\u00e9 a desenvolupar la creativitat, la capacitat de treball en equip, la motivaci\u00f3 davant l\u2019aprenentatge&#8230;<\/p>\n<p>Encara avui moltes fam\u00edlies i docents desconfien de la integraci\u00f3 de les TIC en l\u2019ensenyament i tenen dubtes sobre els beneficis que poden tenir per l\u2019aprenentatge. Per aquesta ra\u00f3, <strong> <em> Aprendre a estudiar amb internet<\/em><\/strong> pret\u00e9n oferir, sobretot al professorat, algunes <strong> idees, estrat\u00e8gies, rutines i eines que l\u2019ajudin a millorar els coneixements i les compet\u00e8ncies de l\u2019alumnat<\/strong> gr\u00e0cies a l\u2019\u00fas de les noves tecnologies.<\/p>\n","protected":false},"featured_media":19103,"comment_status":"open","ping_status":"closed","template":"","meta":{"_et_pb_use_builder":"","_et_pb_old_content":"","_et_gb_content_width":""},"product_cat":[6675,1510],"product_tag":[2602],"edicion":[1083],"editoriales":[1160],"tienda":[],"autor_id":[6208],"universidades_coeditoras":[],"palabras_clave":[],"listado_alfabetico":[],"acf":[],"_links":{"self":[{"href":"https:\/\/wizardly-davinci.82-223-8-23.plesk.page\/en\/wp-json\/wp\/v2\/product\/19102"}],"collection":[{"href":"https:\/\/wizardly-davinci.82-223-8-23.plesk.page\/en\/wp-json\/wp\/v2\/product"}],"about":[{"href":"https:\/\/wizardly-davinci.82-223-8-23.plesk.page\/en\/wp-json\/wp\/v2\/types\/product"}],"replies":[{"embeddable":true,"href":"https:\/\/wizardly-davinci.82-223-8-23.plesk.page\/en\/wp-json\/wp\/v2\/comments?post=19102"}],"wp:featuredmedia":[{"embeddable":true,"href":"https:\/\/wizardly-davinci.82-223-8-23.plesk.page\/en\/wp-json\/wp\/v2\/media\/19103"}],"wp:attachment":[{"href":"https:\/\/wizardly-davinci.82-223-8-23.plesk.page\/en\/wp-json\/wp\/v2\/media?parent=19102"}],"wp:term":[{"taxonomy":"product_cat","embeddable":true,"href":"https:\/\/wizardly-davinci.82-223-8-23.plesk.page\/en\/wp-json\/wp\/v2\/product_cat?post=19102"},{"taxonomy":"product_tag","embeddable":true,"href":"https:\/\/wizardly-davinci.82-223-8-23.plesk.page\/en\/wp-json\/wp\/v2\/product_tag?post=19102"},{"taxonomy":"edicion","embeddable":true,"href":"https:\/\/wizardly-davinci.82-223-8-23.plesk.page\/en\/wp-json\/wp\/v2\/edicion?post=19102"},{"taxonomy":"editoriales","embeddable":true,"href":"https:\/\/wizardly-davinci.82-223-8-23.plesk.page\/en\/wp-json\/wp\/v2\/editoriales?post=19102"},{"taxonomy":"tienda","embeddable":true,"href":"https:\/\/wizardly-davinci.82-223-8-23.plesk.page\/en\/wp-json\/wp\/v2\/tienda?post=19102"},{"taxonomy":"autor_id","embeddable":true,"href":"https:\/\/wizardly-davinci.82-223-8-23.plesk.page\/en\/wp-json\/wp\/v2\/autor_id?post=19102"},{"taxonomy":"universidades_coeditoras","embeddable":true,"href":"https:\/\/wizardly-davinci.82-223-8-23.plesk.page\/en\/wp-json\/wp\/v2\/universidades_coeditoras?post=19102"},{"taxonomy":"palabras_clave","embeddable":true,"href":"https:\/\/wizardly-davinci.82-223-8-23.plesk.page\/en\/wp-json\/wp\/v2\/palabras_clave?post=19102"},{"taxonomy":"listado_alfabetico","embeddable":true,"href":"https:\/\/wizardly-davinci.82-223-8-23.plesk.page\/en\/wp-json\/wp\/v2\/listado_alfabetico?post=19102"}],"curies":[{"name":"wp","href":"https:\/\/api.w.org\/{rel}","templated":true}]}}