{"id":19104,"date":"2019-04-09T23:00:56","date_gmt":"2019-04-09T23:00:56","guid":{"rendered":"https:\/\/octaedro.com\/producto\/aprendre-a-relacionar-se-amb-internet\/"},"modified":"2023-04-25T12:03:28","modified_gmt":"2023-04-25T10:03:28","slug":"aprendre-a-relacionar-se-amb-internet-2","status":"publish","type":"product","link":"https:\/\/wizardly-davinci.82-223-8-23.plesk.page\/en\/producto\/aprendre-a-relacionar-se-amb-internet-2\/","title":{"rendered":"Aprendre a relacionar-se amb internet"},"content":{"rendered":"<p>Internet ha esdevingut un ampli espai de trobada que possibilita la connexi\u00f3 entre milions d\u2019usuaris de tot el planeta. De fet, el m\u00f3n virtual s\u2019ha convertit en una extensi\u00f3 del m\u00f3n f\u00edsic i les <strong> xarxes socials en el millor mitj\u00e0 per relacionar-se amb els altres<\/strong>. Facebook, Twitter, Instagram, YouTube&#8230; s\u00f3n alguns dels exemples m\u00e9s coneguts de les xarxes socials, tot i que n\u2019existeixen molts altres. Cada dia, persones de tot el planeta es connecten a les xarxes i <strong> interactuen amb altres persones, comparteixen fotos, opinen, comenten<\/strong>&#8230; Sovint sense considerar amb qui ho fan ni les consequ\u0308\u00e8ncies que aix\u00f2 pot tenir. De manera especial, s\u00f3n els adolescents els que fan un \u00fas m\u00e9s intensiu de les xarxes. Moltes vegades cerquen destacar, acumular \u00abamics\u00bb i engreixar el seu compte de \u00abM\u2019agrada\u00bb. Aix\u00f2 pot fer pensar que les xarxes s\u00f3n pernicioses per a ells i que nom\u00e9s contribueixen a potenciar antivalors com la vanitat i l\u2019egocentrisme. Amb l\u2019objectiu d\u2019acabar amb aquesta idea, <strong> <em> Aprendre a relacionar-se amb internet<\/em><\/strong> proposa estrat\u00e8gies i rutines que ajudaran a fam\u00edlies i docents a <strong> desenvolupar relacions positives a la xarxa<\/strong>.<\/p>\n","protected":false},"excerpt":{"rendered":"<p>Internet ha esdevingut un ampli espai de trobada que possibilita la connexi\u00f3 entre milions d\u2019usuaris de tot el planeta. De fet, el m\u00f3n virtual s\u2019ha convertit en una extensi\u00f3 del m\u00f3n f\u00edsic i les <strong> xarxes socials en el millor mitj\u00e0 per relacionar-se amb els altres<\/strong>. Facebook, Twitter, Instagram, YouTube&#8230; s\u00f3n alguns dels exemples m\u00e9s coneguts de les xarxes socials, tot i que n\u2019existeixen molts altres. Cada dia, persones de tot el planeta es connecten a les xarxes i <strong> interactuen amb altres persones, comparteixen fotos, opinen, comenten<\/strong>&#8230; Sovint sense considerar amb qui ho fan ni les consequ\u0308\u00e8ncies que aix\u00f2 pot tenir. De manera especial, s\u00f3n els adolescents els que fan un \u00fas m\u00e9s intensiu de les xarxes. Moltes vegades cerquen destacar, acumular \u00abamics\u00bb i engreixar el seu compte de \u00abM\u2019agrada\u00bb. Aix\u00f2 pot fer pensar que les xarxes s\u00f3n pernicioses per a ells i que nom\u00e9s contribueixen a potenciar antivalors com la vanitat i l\u2019egocentrisme. Amb l\u2019objectiu d\u2019acabar amb aquesta idea, <strong> <em> Aprendre a relacionar-se amb internet<\/em><\/strong> proposa estrat\u00e8gies i rutines que ajudaran a fam\u00edlies i docents a <strong> desenvolupar relacions positives a la xarxa<\/strong>.<\/p>\n","protected":false},"featured_media":19105,"comment_status":"open","ping_status":"closed","template":"","meta":{"_et_pb_use_builder":"","_et_pb_old_content":"","_et_gb_content_width":""},"product_cat":[6675,1510],"product_tag":[2602],"edicion":[1083],"editoriales":[1160],"tienda":[],"autor_id":[6208],"universidades_coeditoras":[],"palabras_clave":[],"listado_alfabetico":[],"acf":[],"_links":{"self":[{"href":"https:\/\/wizardly-davinci.82-223-8-23.plesk.page\/en\/wp-json\/wp\/v2\/product\/19104"}],"collection":[{"href":"https:\/\/wizardly-davinci.82-223-8-23.plesk.page\/en\/wp-json\/wp\/v2\/product"}],"about":[{"href":"https:\/\/wizardly-davinci.82-223-8-23.plesk.page\/en\/wp-json\/wp\/v2\/types\/product"}],"replies":[{"embeddable":true,"href":"https:\/\/wizardly-davinci.82-223-8-23.plesk.page\/en\/wp-json\/wp\/v2\/comments?post=19104"}],"wp:featuredmedia":[{"embeddable":true,"href":"https:\/\/wizardly-davinci.82-223-8-23.plesk.page\/en\/wp-json\/wp\/v2\/media\/19105"}],"wp:attachment":[{"href":"https:\/\/wizardly-davinci.82-223-8-23.plesk.page\/en\/wp-json\/wp\/v2\/media?parent=19104"}],"wp:term":[{"taxonomy":"product_cat","embeddable":true,"href":"https:\/\/wizardly-davinci.82-223-8-23.plesk.page\/en\/wp-json\/wp\/v2\/product_cat?post=19104"},{"taxonomy":"product_tag","embeddable":true,"href":"https:\/\/wizardly-davinci.82-223-8-23.plesk.page\/en\/wp-json\/wp\/v2\/product_tag?post=19104"},{"taxonomy":"edicion","embeddable":true,"href":"https:\/\/wizardly-davinci.82-223-8-23.plesk.page\/en\/wp-json\/wp\/v2\/edicion?post=19104"},{"taxonomy":"editoriales","embeddable":true,"href":"https:\/\/wizardly-davinci.82-223-8-23.plesk.page\/en\/wp-json\/wp\/v2\/editoriales?post=19104"},{"taxonomy":"tienda","embeddable":true,"href":"https:\/\/wizardly-davinci.82-223-8-23.plesk.page\/en\/wp-json\/wp\/v2\/tienda?post=19104"},{"taxonomy":"autor_id","embeddable":true,"href":"https:\/\/wizardly-davinci.82-223-8-23.plesk.page\/en\/wp-json\/wp\/v2\/autor_id?post=19104"},{"taxonomy":"universidades_coeditoras","embeddable":true,"href":"https:\/\/wizardly-davinci.82-223-8-23.plesk.page\/en\/wp-json\/wp\/v2\/universidades_coeditoras?post=19104"},{"taxonomy":"palabras_clave","embeddable":true,"href":"https:\/\/wizardly-davinci.82-223-8-23.plesk.page\/en\/wp-json\/wp\/v2\/palabras_clave?post=19104"},{"taxonomy":"listado_alfabetico","embeddable":true,"href":"https:\/\/wizardly-davinci.82-223-8-23.plesk.page\/en\/wp-json\/wp\/v2\/listado_alfabetico?post=19104"}],"curies":[{"name":"wp","href":"https:\/\/api.w.org\/{rel}","templated":true}]}}