{"id":19106,"date":"2019-04-09T23:00:56","date_gmt":"2019-04-09T23:00:56","guid":{"rendered":"https:\/\/octaedro.com\/producto\/aprendre-a-llegir-amb-internet\/"},"modified":"2023-04-25T12:50:14","modified_gmt":"2023-04-25T10:50:14","slug":"aprendre-a-llegir-amb-internet-2","status":"publish","type":"product","link":"https:\/\/wizardly-davinci.82-223-8-23.plesk.page\/en\/producto\/aprendre-a-llegir-amb-internet-2\/","title":{"rendered":"Aprendre a llegir amb internet"},"content":{"rendered":"<p>Tot i que sembli mentida, la nostra societat requereix d\u2019un nou model d\u2019alfabetitzaci\u00f3. Ja no n\u2019hi ha prou amb saber llegir i escriure com s\u2019ha fet de manera tradicional, sin\u00f3 que tamb\u00e9 cal saber fer-ho en nous formats i suports. A l\u2019era de la informaci\u00f3 es fa imprescindible, per tant, apostar per <strong> l\u2019alfabetitzaci\u00f3 medi\u00e0tica<\/strong>. La influ\u00e8ncia permanent d\u2019internet i la resta de <em>mass media<\/em> s\u2019ha fet evident en tots els \u00e0mbits de la societat, incl\u00f2s l\u2019ensenyament. Aix\u00f2 fa que les noves generacions de nadius digitals s\u2019hagin de formar en els llenguatges i les formes de comunicaci\u00f3 propis d\u2019un <strong> m\u00f3n hiperconnectat<\/strong> en el que els <strong> usuaris s\u00f3n medi\u00e0tics i multipantalla<\/strong>. Ja sigui des de casa o des de l\u2019escola s\u2019ha de contribuir que infants i adolescents desenvolupin les compet\u00e8ncies comunicatives i el sentit cr\u00edtic a l\u2019hora de fer servir diferents formats i a adaptar-se a nous llenguatges, canals i formes de producci\u00f3 i de difusi\u00f3 de la informaci\u00f3. D\u2019aquesta manera, la pregunta que ens hem de plantejar ja no \u00e9s qu\u00e8 estudiar, sin\u00f3 com estudiar. <strong> <em>Aprendre a llegir amb internet<\/em><\/strong> analitza els canvis que s\u2019han donat en les formes de llegir i escriure i planteja propostes per formar al <strong> nou lector digital<\/strong>.<\/p>\n","protected":false},"excerpt":{"rendered":"<p>Tot i que sembli mentida, la nostra societat requereix d\u2019un nou model d\u2019alfabetitzaci\u00f3. Ja no n\u2019hi ha prou amb saber llegir i escriure com s\u2019ha fet de manera tradicional, sin\u00f3 que tamb\u00e9 cal saber fer-ho en nous formats i suports. A l\u2019era de la informaci\u00f3 es fa imprescindible, per tant, apostar per <strong> l\u2019alfabetitzaci\u00f3 medi\u00e0tica<\/strong>. La influ\u00e8ncia permanent d\u2019internet i la resta de <em>mass media<\/em> s\u2019ha fet evident en tots els \u00e0mbits de la societat, incl\u00f2s l\u2019ensenyament. Aix\u00f2 fa que les noves generacions de nadius digitals s\u2019hagin de formar en els llenguatges i les formes de comunicaci\u00f3 propis d\u2019un <strong> m\u00f3n hiperconnectat<\/strong> en el que els <strong> usuaris s\u00f3n medi\u00e0tics i multipantalla<\/strong>. Ja sigui des de casa o des de l\u2019escola s\u2019ha de contribuir que infants i adolescents desenvolupin les compet\u00e8ncies comunicatives i el sentit cr\u00edtic a l\u2019hora de fer servir diferents formats i a adaptar-se a nous llenguatges, canals i formes de producci\u00f3 i de difusi\u00f3 de la informaci\u00f3. D\u2019aquesta manera, la pregunta que ens hem de plantejar ja no \u00e9s qu\u00e8 estudiar, sin\u00f3 com estudiar. <strong> <em>Aprendre a llegir amb internet<\/em><\/strong> analitza els canvis que s\u2019han donat en les formes de llegir i escriure i planteja propostes per formar al <strong> nou lector digital<\/strong>.<\/p>\n","protected":false},"featured_media":19107,"comment_status":"open","ping_status":"closed","template":"","meta":{"_et_pb_use_builder":"","_et_pb_old_content":"","_et_gb_content_width":""},"product_cat":[6675,1510],"product_tag":[2602],"edicion":[1083],"editoriales":[1160],"tienda":[],"autor_id":[6208],"universidades_coeditoras":[],"palabras_clave":[],"listado_alfabetico":[],"acf":[],"_links":{"self":[{"href":"https:\/\/wizardly-davinci.82-223-8-23.plesk.page\/en\/wp-json\/wp\/v2\/product\/19106"}],"collection":[{"href":"https:\/\/wizardly-davinci.82-223-8-23.plesk.page\/en\/wp-json\/wp\/v2\/product"}],"about":[{"href":"https:\/\/wizardly-davinci.82-223-8-23.plesk.page\/en\/wp-json\/wp\/v2\/types\/product"}],"replies":[{"embeddable":true,"href":"https:\/\/wizardly-davinci.82-223-8-23.plesk.page\/en\/wp-json\/wp\/v2\/comments?post=19106"}],"wp:featuredmedia":[{"embeddable":true,"href":"https:\/\/wizardly-davinci.82-223-8-23.plesk.page\/en\/wp-json\/wp\/v2\/media\/19107"}],"wp:attachment":[{"href":"https:\/\/wizardly-davinci.82-223-8-23.plesk.page\/en\/wp-json\/wp\/v2\/media?parent=19106"}],"wp:term":[{"taxonomy":"product_cat","embeddable":true,"href":"https:\/\/wizardly-davinci.82-223-8-23.plesk.page\/en\/wp-json\/wp\/v2\/product_cat?post=19106"},{"taxonomy":"product_tag","embeddable":true,"href":"https:\/\/wizardly-davinci.82-223-8-23.plesk.page\/en\/wp-json\/wp\/v2\/product_tag?post=19106"},{"taxonomy":"edicion","embeddable":true,"href":"https:\/\/wizardly-davinci.82-223-8-23.plesk.page\/en\/wp-json\/wp\/v2\/edicion?post=19106"},{"taxonomy":"editoriales","embeddable":true,"href":"https:\/\/wizardly-davinci.82-223-8-23.plesk.page\/en\/wp-json\/wp\/v2\/editoriales?post=19106"},{"taxonomy":"tienda","embeddable":true,"href":"https:\/\/wizardly-davinci.82-223-8-23.plesk.page\/en\/wp-json\/wp\/v2\/tienda?post=19106"},{"taxonomy":"autor_id","embeddable":true,"href":"https:\/\/wizardly-davinci.82-223-8-23.plesk.page\/en\/wp-json\/wp\/v2\/autor_id?post=19106"},{"taxonomy":"universidades_coeditoras","embeddable":true,"href":"https:\/\/wizardly-davinci.82-223-8-23.plesk.page\/en\/wp-json\/wp\/v2\/universidades_coeditoras?post=19106"},{"taxonomy":"palabras_clave","embeddable":true,"href":"https:\/\/wizardly-davinci.82-223-8-23.plesk.page\/en\/wp-json\/wp\/v2\/palabras_clave?post=19106"},{"taxonomy":"listado_alfabetico","embeddable":true,"href":"https:\/\/wizardly-davinci.82-223-8-23.plesk.page\/en\/wp-json\/wp\/v2\/listado_alfabetico?post=19106"}],"curies":[{"name":"wp","href":"https:\/\/api.w.org\/{rel}","templated":true}]}}