{"id":19108,"date":"2019-04-09T23:00:56","date_gmt":"2019-04-09T23:00:56","guid":{"rendered":"https:\/\/octaedro.com\/producto\/aprendre-valors-amb-internet\/"},"modified":"2023-04-25T12:50:21","modified_gmt":"2023-04-25T10:50:21","slug":"aprendre-valors-amb-internet-3","status":"publish","type":"product","link":"https:\/\/wizardly-davinci.82-223-8-23.plesk.page\/en\/producto\/aprendre-valors-amb-internet-3\/","title":{"rendered":"Aprendre valors amb internet"},"content":{"rendered":"<p>Internet ha esdevingut en poc temps una extensi\u00f3 del m\u00f3n f\u00edsic i, gr\u00e0cies a la revoluci\u00f3 que ha representat el desenvolupament de la telefonia intel\u00b7ligent, ha propiciat una <strong> interacci\u00f3 gaireb\u00e9 permanent<\/strong>. Per a molts, per\u00f2, aix\u00f2 no ha servit m\u00e9s que per soscavar el nostre sistema de valors i estimular actituds negatives com la relativitzaci\u00f3 de problemes, la manca d\u2019honestedat, el culte al jo, la vulneraci\u00f3 dels drets d\u2019autor o l\u2019enaltiment del discurs de l\u2019odi, entre d\u2019altres.<\/p>\n<p>\u00c9s cert que la xarxa pot ser emprada per determinats usuaris com a mitj\u00e0 per expressar i difondre aquests i altres antivalors, per\u00f2 tamb\u00e9 pot ser un instrument idoni per a la <strong> difusi\u00f3 de valors positius<\/strong>. Amb la correcta formaci\u00f3 en <em>netiqueta<\/em> i una s\u00e8rie de propostes que possibiliten la definici\u00f3 d\u2019un entorn digital sa, infants i adolescents tamb\u00e9 poden adquirir els valors que calen per <strong> prendre consci\u00e8ncia dels problemes del seu entorn<\/strong>.<\/p>\n<p><em>Aprendre valors amb internet<\/em> analitza els pros i contres de la xarxa com a mitj\u00e0 per fer que els joves aprenguin no nom\u00e9s a fer un \u00fas segur i responsable d\u2019aquesta, sin\u00f3 a assumir, a m\u00e9s, <strong> principis i valors \u00e8tics com el respecte, la toler\u00e0ncia i la cooperaci\u00f3 amb els altres<\/strong>.<\/p>\n","protected":false},"excerpt":{"rendered":"<p>Internet ha esdevingut en poc temps una extensi\u00f3 del m\u00f3n f\u00edsic i, gr\u00e0cies a la revoluci\u00f3 que ha representat el desenvolupament de la telefonia intel\u00b7ligent, ha propiciat una <strong> interacci\u00f3 gaireb\u00e9 permanent<\/strong>. Per a molts, per\u00f2, aix\u00f2 no ha servit m\u00e9s que per soscavar el nostre sistema de valors i estimular actituds negatives com la relativitzaci\u00f3 de problemes, la manca d\u2019honestedat, el culte al jo, la vulneraci\u00f3 dels drets d\u2019autor o l\u2019enaltiment del discurs de l\u2019odi, entre d\u2019altres.<\/p>\n<p>\u00c9s cert que la xarxa pot ser emprada per determinats usuaris com a mitj\u00e0 per expressar i difondre aquests i altres antivalors, per\u00f2 tamb\u00e9 pot ser un instrument idoni per a la <strong> difusi\u00f3 de valors positius<\/strong>. Amb la correcta formaci\u00f3 en <em>netiqueta<\/em> i una s\u00e8rie de propostes que possibiliten la definici\u00f3 d\u2019un entorn digital sa, infants i adolescents tamb\u00e9 poden adquirir els valors que calen per <strong> prendre consci\u00e8ncia dels problemes del seu entorn<\/strong>.<\/p>\n<p><em>Aprendre valors amb internet<\/em> analitza els pros i contres de la xarxa com a mitj\u00e0 per fer que els joves aprenguin no nom\u00e9s a fer un \u00fas segur i responsable d\u2019aquesta, sin\u00f3 a assumir, a m\u00e9s, <strong> principis i valors \u00e8tics com el respecte, la toler\u00e0ncia i la cooperaci\u00f3 amb els altres<\/strong>.<\/p>\n","protected":false},"featured_media":19109,"comment_status":"open","ping_status":"closed","template":"","meta":{"_et_pb_use_builder":"","_et_pb_old_content":"","_et_gb_content_width":""},"product_cat":[1512,6675,1510],"product_tag":[2602],"edicion":[1083],"editoriales":[1160],"tienda":[],"autor_id":[6208],"universidades_coeditoras":[],"palabras_clave":[],"listado_alfabetico":[],"acf":[],"_links":{"self":[{"href":"https:\/\/wizardly-davinci.82-223-8-23.plesk.page\/en\/wp-json\/wp\/v2\/product\/19108"}],"collection":[{"href":"https:\/\/wizardly-davinci.82-223-8-23.plesk.page\/en\/wp-json\/wp\/v2\/product"}],"about":[{"href":"https:\/\/wizardly-davinci.82-223-8-23.plesk.page\/en\/wp-json\/wp\/v2\/types\/product"}],"replies":[{"embeddable":true,"href":"https:\/\/wizardly-davinci.82-223-8-23.plesk.page\/en\/wp-json\/wp\/v2\/comments?post=19108"}],"wp:featuredmedia":[{"embeddable":true,"href":"https:\/\/wizardly-davinci.82-223-8-23.plesk.page\/en\/wp-json\/wp\/v2\/media\/19109"}],"wp:attachment":[{"href":"https:\/\/wizardly-davinci.82-223-8-23.plesk.page\/en\/wp-json\/wp\/v2\/media?parent=19108"}],"wp:term":[{"taxonomy":"product_cat","embeddable":true,"href":"https:\/\/wizardly-davinci.82-223-8-23.plesk.page\/en\/wp-json\/wp\/v2\/product_cat?post=19108"},{"taxonomy":"product_tag","embeddable":true,"href":"https:\/\/wizardly-davinci.82-223-8-23.plesk.page\/en\/wp-json\/wp\/v2\/product_tag?post=19108"},{"taxonomy":"edicion","embeddable":true,"href":"https:\/\/wizardly-davinci.82-223-8-23.plesk.page\/en\/wp-json\/wp\/v2\/edicion?post=19108"},{"taxonomy":"editoriales","embeddable":true,"href":"https:\/\/wizardly-davinci.82-223-8-23.plesk.page\/en\/wp-json\/wp\/v2\/editoriales?post=19108"},{"taxonomy":"tienda","embeddable":true,"href":"https:\/\/wizardly-davinci.82-223-8-23.plesk.page\/en\/wp-json\/wp\/v2\/tienda?post=19108"},{"taxonomy":"autor_id","embeddable":true,"href":"https:\/\/wizardly-davinci.82-223-8-23.plesk.page\/en\/wp-json\/wp\/v2\/autor_id?post=19108"},{"taxonomy":"universidades_coeditoras","embeddable":true,"href":"https:\/\/wizardly-davinci.82-223-8-23.plesk.page\/en\/wp-json\/wp\/v2\/universidades_coeditoras?post=19108"},{"taxonomy":"palabras_clave","embeddable":true,"href":"https:\/\/wizardly-davinci.82-223-8-23.plesk.page\/en\/wp-json\/wp\/v2\/palabras_clave?post=19108"},{"taxonomy":"listado_alfabetico","embeddable":true,"href":"https:\/\/wizardly-davinci.82-223-8-23.plesk.page\/en\/wp-json\/wp\/v2\/listado_alfabetico?post=19108"}],"curies":[{"name":"wp","href":"https:\/\/api.w.org\/{rel}","templated":true}]}}