{"id":19114,"date":"2019-04-09T23:00:57","date_gmt":"2019-04-09T23:00:57","guid":{"rendered":"https:\/\/octaedro.com\/producto\/innovacio-i-equitat-educativa\/"},"modified":"2023-04-25T12:50:43","modified_gmt":"2023-04-25T10:50:43","slug":"innovacio-i-equitat-educativa","status":"publish","type":"product","link":"https:\/\/wizardly-davinci.82-223-8-23.plesk.page\/en\/producto\/innovacio-i-equitat-educativa\/","title":{"rendered":"Innovaci\u00f3 i equitat educativa"},"content":{"rendered":"","protected":false},"excerpt":{"rendered":"<p>Innovaci\u00f3 i equitat educativa s\u00f3n dues demandes simult\u00e0nies i inseparables per satisfer les noves funcions que s\u2019esperen de l\u2019escola moderna del nou mil\u00b7lenni. Sense un canvi innovador i disruptiu de la matriu escolar tradicional no augmentar\u00e0 l\u2019equitat del sistema. I sense major equitat en els resultats, el sistema no ser\u00e0 ni just ni excel\u00b7lent.<\/p>\n<p>Si hem aconseguit quotes d\u2019equitat i d\u2019innovaci\u00f3 interna \u00e9s malgrat la in\u00e8rcia del sistema i de la seva matriu burocr\u00e0tica, enciclop\u00e8dica i selectiva, pensada per a una societat que ha deixat d\u2019existir. Ara \u00e9s l\u2019hora del professorat i d\u2019una nova professionalitat docent capa\u00e7 de redefinir el qu\u00e8, el com i el perqu\u00e8 eduquen les nostres escoles.<\/p>\n<p>Xavier Mart\u00ednez-Celorrio, especialista en temes d\u2019educaci\u00f3, equitat, mobilitat social i desigualtats en la societat del risc, ha organitzat aquest llibre en tres cap\u00edtols. En el primer analitza la mediocre governan\u00e7a educativa i els canvis socials que afecten l\u2019educabilitat adolescent d\u2019avui. En el segon cap\u00edtol se centra a clarificar i contextualitzar de quina innovaci\u00f3 educativa estem parlant en ple segle XXI. En el tercer cap\u00edtol presenta i formula noves propostes d\u2019equitat escolar que incideixen tant en els factors interns de les escoles com en els factors externs de la societat.<\/p>\n","protected":false},"featured_media":19115,"comment_status":"open","ping_status":"closed","template":"","meta":{"_et_pb_use_builder":"","_et_pb_old_content":"","_et_gb_content_width":""},"product_cat":[6675,1510],"product_tag":[2602],"edicion":[],"editoriales":[1160],"tienda":[],"autor_id":[5933],"universidades_coeditoras":[],"palabras_clave":[],"listado_alfabetico":[],"acf":[],"_links":{"self":[{"href":"https:\/\/wizardly-davinci.82-223-8-23.plesk.page\/en\/wp-json\/wp\/v2\/product\/19114"}],"collection":[{"href":"https:\/\/wizardly-davinci.82-223-8-23.plesk.page\/en\/wp-json\/wp\/v2\/product"}],"about":[{"href":"https:\/\/wizardly-davinci.82-223-8-23.plesk.page\/en\/wp-json\/wp\/v2\/types\/product"}],"replies":[{"embeddable":true,"href":"https:\/\/wizardly-davinci.82-223-8-23.plesk.page\/en\/wp-json\/wp\/v2\/comments?post=19114"}],"wp:featuredmedia":[{"embeddable":true,"href":"https:\/\/wizardly-davinci.82-223-8-23.plesk.page\/en\/wp-json\/wp\/v2\/media\/19115"}],"wp:attachment":[{"href":"https:\/\/wizardly-davinci.82-223-8-23.plesk.page\/en\/wp-json\/wp\/v2\/media?parent=19114"}],"wp:term":[{"taxonomy":"product_cat","embeddable":true,"href":"https:\/\/wizardly-davinci.82-223-8-23.plesk.page\/en\/wp-json\/wp\/v2\/product_cat?post=19114"},{"taxonomy":"product_tag","embeddable":true,"href":"https:\/\/wizardly-davinci.82-223-8-23.plesk.page\/en\/wp-json\/wp\/v2\/product_tag?post=19114"},{"taxonomy":"edicion","embeddable":true,"href":"https:\/\/wizardly-davinci.82-223-8-23.plesk.page\/en\/wp-json\/wp\/v2\/edicion?post=19114"},{"taxonomy":"editoriales","embeddable":true,"href":"https:\/\/wizardly-davinci.82-223-8-23.plesk.page\/en\/wp-json\/wp\/v2\/editoriales?post=19114"},{"taxonomy":"tienda","embeddable":true,"href":"https:\/\/wizardly-davinci.82-223-8-23.plesk.page\/en\/wp-json\/wp\/v2\/tienda?post=19114"},{"taxonomy":"autor_id","embeddable":true,"href":"https:\/\/wizardly-davinci.82-223-8-23.plesk.page\/en\/wp-json\/wp\/v2\/autor_id?post=19114"},{"taxonomy":"universidades_coeditoras","embeddable":true,"href":"https:\/\/wizardly-davinci.82-223-8-23.plesk.page\/en\/wp-json\/wp\/v2\/universidades_coeditoras?post=19114"},{"taxonomy":"palabras_clave","embeddable":true,"href":"https:\/\/wizardly-davinci.82-223-8-23.plesk.page\/en\/wp-json\/wp\/v2\/palabras_clave?post=19114"},{"taxonomy":"listado_alfabetico","embeddable":true,"href":"https:\/\/wizardly-davinci.82-223-8-23.plesk.page\/en\/wp-json\/wp\/v2\/listado_alfabetico?post=19114"}],"curies":[{"name":"wp","href":"https:\/\/api.w.org\/{rel}","templated":true}]}}