{"id":19120,"date":"2019-04-09T23:00:58","date_gmt":"2019-04-09T23:00:58","guid":{"rendered":"https:\/\/octaedro.com\/producto\/el-catala-llengua-mitjana-deuropa\/"},"modified":"2023-04-25T12:51:04","modified_gmt":"2023-04-25T10:51:04","slug":"el-catala-llengua-mitjana-deuropa","status":"publish","type":"product","link":"https:\/\/wizardly-davinci.82-223-8-23.plesk.page\/en\/producto\/el-catala-llengua-mitjana-deuropa\/","title":{"rendered":"El catal\u00e0, llengua mitjana d\u2019Europa"},"content":{"rendered":"","protected":false},"excerpt":{"rendered":"<p>Els autors proposen el concepte de lleng\u00fces mitjanes (medium-sized language communities) per a aquelles comunitats amb dimensions demogr\u00e0fiques prou \u00e0mplies (entre 500.000 i 25 milions de parlants) per poder disposar de recursos administratius, acad\u00e8mics, comunicatius i pol\u00edtics, siguin o no totalment independents. Des d\u2019aquesta categoritzaci\u00f3, el catal\u00e0 no \u00e9s pas una llengua petita, ra\u00f3 per la qual es compara la seva situaci\u00f3 amb la d\u2019altres lleng\u00fces europees semblants (com ara el dan\u00e8s, el neerland\u00e8s, el fin\u00e8s, el noruec, el suec, el txec, el litu\u00e0, l\u2019estoni\u00e0, etc.).<br \/>\nLa tria de lleng\u00fces a la llar, en el si de les fam\u00edlies, constitueix una de les claus de la socialitzaci\u00f3 ling\u00fc\u00edstica de les noves generacions, i d\u2019aix\u00f2 s\u2019ocupen cinc cap\u00edtols del llibre. Les dades recollides assenyalen que a Catalunya els parlants de catal\u00e0 com a primera llengua tenen una considerable vitalitat etnoling\u00fc\u00edstica subjectiva, com ho prova el fet que la majoria mantenen l\u2019\u00fas del catal\u00e0 en la crian\u00e7a dels fills. Fins i tot s\u2019observen casos de castellanoparlants d\u2019origen que adopten el catal\u00e0 (s\u00f3n nous parlants) com a llengua principal a la fam\u00edlia, alhora que s\u2019hi mant\u00e9 el castell\u00e0. En canvi, les recerques sobre transmissi\u00f3 ling\u00fc\u00edstica intergeneracional en els altres territoris de llengua catalana s\u00f3n m\u00e9s descoratjadores: el castell\u00e0 predomina en les fam\u00edlies biling\u00fces, tend\u00e8ncia que contribueix a la castellanitzaci\u00f3 generalitzada tant a les ciutats valencianes com a la badia de Palma.<br \/>\nEn aquest context, les pol\u00edtiques ling\u00fc\u00edstiques prenen una import\u00e0ncia cabdal per continuar o per revertir la p\u00e8rdua dels usos de les lleng\u00fces minoritzades. La q\u00fcesti\u00f3 encara esdev\u00e9 m\u00e9s complexa amb l\u2019actual proc\u00e9s de globalitzaci\u00f3, que internacionalitza les societats i pot fer entrar en crisi els ecosistemes tradicionals en qu\u00e8 se solia mantenir la linguodiversitat humana. El llibre tamb\u00e9 estudia a fons les pol\u00edtiques ling\u00fc\u00edstiques en l\u2019\u00e0mbit acad\u00e8mic i destaca la import\u00e0ncia de les actuacions micro com a eina per impulsar els usos interpersonals.<\/p>\n","protected":false},"featured_media":19121,"comment_status":"open","ping_status":"closed","template":"","meta":{"_et_pb_use_builder":"","_et_pb_old_content":"","_et_gb_content_width":""},"product_cat":[6936,1510],"product_tag":[2602],"edicion":[],"editoriales":[1160],"tienda":[],"autor_id":[5124,5166,6501],"universidades_coeditoras":[],"palabras_clave":[],"listado_alfabetico":[],"acf":[],"_links":{"self":[{"href":"https:\/\/wizardly-davinci.82-223-8-23.plesk.page\/en\/wp-json\/wp\/v2\/product\/19120"}],"collection":[{"href":"https:\/\/wizardly-davinci.82-223-8-23.plesk.page\/en\/wp-json\/wp\/v2\/product"}],"about":[{"href":"https:\/\/wizardly-davinci.82-223-8-23.plesk.page\/en\/wp-json\/wp\/v2\/types\/product"}],"replies":[{"embeddable":true,"href":"https:\/\/wizardly-davinci.82-223-8-23.plesk.page\/en\/wp-json\/wp\/v2\/comments?post=19120"}],"wp:featuredmedia":[{"embeddable":true,"href":"https:\/\/wizardly-davinci.82-223-8-23.plesk.page\/en\/wp-json\/wp\/v2\/media\/19121"}],"wp:attachment":[{"href":"https:\/\/wizardly-davinci.82-223-8-23.plesk.page\/en\/wp-json\/wp\/v2\/media?parent=19120"}],"wp:term":[{"taxonomy":"product_cat","embeddable":true,"href":"https:\/\/wizardly-davinci.82-223-8-23.plesk.page\/en\/wp-json\/wp\/v2\/product_cat?post=19120"},{"taxonomy":"product_tag","embeddable":true,"href":"https:\/\/wizardly-davinci.82-223-8-23.plesk.page\/en\/wp-json\/wp\/v2\/product_tag?post=19120"},{"taxonomy":"edicion","embeddable":true,"href":"https:\/\/wizardly-davinci.82-223-8-23.plesk.page\/en\/wp-json\/wp\/v2\/edicion?post=19120"},{"taxonomy":"editoriales","embeddable":true,"href":"https:\/\/wizardly-davinci.82-223-8-23.plesk.page\/en\/wp-json\/wp\/v2\/editoriales?post=19120"},{"taxonomy":"tienda","embeddable":true,"href":"https:\/\/wizardly-davinci.82-223-8-23.plesk.page\/en\/wp-json\/wp\/v2\/tienda?post=19120"},{"taxonomy":"autor_id","embeddable":true,"href":"https:\/\/wizardly-davinci.82-223-8-23.plesk.page\/en\/wp-json\/wp\/v2\/autor_id?post=19120"},{"taxonomy":"universidades_coeditoras","embeddable":true,"href":"https:\/\/wizardly-davinci.82-223-8-23.plesk.page\/en\/wp-json\/wp\/v2\/universidades_coeditoras?post=19120"},{"taxonomy":"palabras_clave","embeddable":true,"href":"https:\/\/wizardly-davinci.82-223-8-23.plesk.page\/en\/wp-json\/wp\/v2\/palabras_clave?post=19120"},{"taxonomy":"listado_alfabetico","embeddable":true,"href":"https:\/\/wizardly-davinci.82-223-8-23.plesk.page\/en\/wp-json\/wp\/v2\/listado_alfabetico?post=19120"}],"curies":[{"name":"wp","href":"https:\/\/api.w.org\/{rel}","templated":true}]}}