{"id":19122,"date":"2019-04-09T23:00:58","date_gmt":"2019-04-09T23:00:58","guid":{"rendered":"https:\/\/octaedro.com\/producto\/escrits-per-una-escola-inclusiva\/"},"modified":"2023-04-25T12:51:11","modified_gmt":"2023-04-25T10:51:11","slug":"escrits-per-una-escola-inclusiva","status":"publish","type":"product","link":"https:\/\/wizardly-davinci.82-223-8-23.plesk.page\/en\/producto\/escrits-per-una-escola-inclusiva\/","title":{"rendered":"Escrits per una escola inclusiva"},"content":{"rendered":"<p>Com els grans pedagogs, Josep Maria\u00a0Jarque\u00a0i\u00a0Jutglar\u00a0(1935-2016) va ser, a m\u00e9s, un gran activista. I, per tant, un idealista. Una d\u2019aquelles persones que fan moure el m\u00f3n en la bona direcci\u00f3. Constant, tossut i autodidacte, va fusionar la seva carrera professional amb un recorregut vital dedicat a la defensa del dret dels infants amb discapacitat a rebre una educaci\u00f3 de qualitat. I ho va fer des de la intransig\u00e8ncia\u00a0ben entesa, perqu\u00e8 ni un sol dia res ni ning\u00fa no el va fer abdicar d\u2019aquesta missi\u00f3.<\/p>\n<p>Va viure en primera persona les tres \u00e8poques d\u2019aquesta lluita que encara no\u00a0ha\u00a0concl\u00f2s: la del temps de l\u2019escolaritzaci\u00f3, la del temps de la integraci\u00f3 i la del temps de la inclusi\u00f3. A la primera va arribar-hi un cop ja s\u2019havia endegat, mentre que de les dues darreres en va ser precursor i capdavanter. I \u00e9s aix\u00f2 el que reflecteixen els escrits que recull aquest llibre, articles que corresponen a per\u00edodes i publicacions diversos, a trav\u00e9s dels quals revisitem unes idees i una visi\u00f3 del m\u00f3n i endevinem la forta personalitat que hi havia\u00a0al darrere.<\/p>\n<p>Aquest \u00e9s un llibre-homenatge a l\u2019aprenent de mestre (com li agradava definir-se) Josep Maria\u00a0Jarque, un llibre escrit amb les seves mateixes paraules, editat en col\u00b7laboraci\u00f3 amb la seva fam\u00edlia i la Plataforma Ciutadana per a una Escola Inclusiva a Catalunya, de la qual va ser membre i inspirador. Per\u00f2 sobretot \u00e9s un llibre gr\u00e0cies al qual podem recuperar les seves reflexions sobre un model educatiu que ha de ser capa\u00e7 de donar una resposta equitativa i personalitzada a tot l\u2019alumnat, sense distincions.<\/p>\n","protected":false},"excerpt":{"rendered":"<p>Com els grans pedagogs, Josep Maria\u00a0Jarque\u00a0i\u00a0Jutglar\u00a0(1935-2016) va ser, a m\u00e9s, un gran activista. I, per tant, un idealista. Una d\u2019aquelles persones que fan moure el m\u00f3n en la bona direcci\u00f3. Constant, tossut i autodidacte, va fusionar la seva carrera professional amb un recorregut vital dedicat a la defensa del dret dels infants amb discapacitat a rebre una educaci\u00f3 de qualitat. I ho va fer des de la intransig\u00e8ncia\u00a0ben entesa, perqu\u00e8 ni un sol dia res ni ning\u00fa no el va fer abdicar d\u2019aquesta missi\u00f3.<\/p>\n<p>Va viure en primera persona les tres \u00e8poques d\u2019aquesta lluita que encara no\u00a0ha\u00a0concl\u00f2s: la del temps de l\u2019escolaritzaci\u00f3, la del temps de la integraci\u00f3 i la del temps de la inclusi\u00f3. A la primera va arribar-hi un cop ja s\u2019havia endegat, mentre que de les dues darreres en va ser precursor i capdavanter. I \u00e9s aix\u00f2 el que reflecteixen els escrits que recull aquest llibre, articles que corresponen a per\u00edodes i publicacions diversos, a trav\u00e9s dels quals revisitem unes idees i una visi\u00f3 del m\u00f3n i endevinem la forta personalitat que hi havia\u00a0al darrere.<\/p>\n<p>Aquest \u00e9s un llibre-homenatge a l\u2019aprenent de mestre (com li agradava definir-se) Josep Maria\u00a0Jarque, un llibre escrit amb les seves mateixes paraules, editat en col\u00b7laboraci\u00f3 amb la seva fam\u00edlia i la Plataforma Ciutadana per a una Escola Inclusiva a Catalunya, de la qual va ser membre i inspirador. Per\u00f2 sobretot \u00e9s un llibre gr\u00e0cies al qual podem recuperar les seves reflexions sobre un model educatiu que ha de ser capa\u00e7 de donar una resposta equitativa i personalitzada a tot l\u2019alumnat, sense distincions.<\/p>\n","protected":false},"featured_media":19123,"comment_status":"open","ping_status":"closed","template":"","meta":{"_et_pb_use_builder":"","_et_pb_old_content":"","_et_gb_content_width":""},"product_cat":[6675,1510],"product_tag":[2602],"edicion":[],"editoriales":[1160],"tienda":[],"autor_id":[5735],"universidades_coeditoras":[],"palabras_clave":[],"listado_alfabetico":[],"acf":[],"_links":{"self":[{"href":"https:\/\/wizardly-davinci.82-223-8-23.plesk.page\/en\/wp-json\/wp\/v2\/product\/19122"}],"collection":[{"href":"https:\/\/wizardly-davinci.82-223-8-23.plesk.page\/en\/wp-json\/wp\/v2\/product"}],"about":[{"href":"https:\/\/wizardly-davinci.82-223-8-23.plesk.page\/en\/wp-json\/wp\/v2\/types\/product"}],"replies":[{"embeddable":true,"href":"https:\/\/wizardly-davinci.82-223-8-23.plesk.page\/en\/wp-json\/wp\/v2\/comments?post=19122"}],"wp:featuredmedia":[{"embeddable":true,"href":"https:\/\/wizardly-davinci.82-223-8-23.plesk.page\/en\/wp-json\/wp\/v2\/media\/19123"}],"wp:attachment":[{"href":"https:\/\/wizardly-davinci.82-223-8-23.plesk.page\/en\/wp-json\/wp\/v2\/media?parent=19122"}],"wp:term":[{"taxonomy":"product_cat","embeddable":true,"href":"https:\/\/wizardly-davinci.82-223-8-23.plesk.page\/en\/wp-json\/wp\/v2\/product_cat?post=19122"},{"taxonomy":"product_tag","embeddable":true,"href":"https:\/\/wizardly-davinci.82-223-8-23.plesk.page\/en\/wp-json\/wp\/v2\/product_tag?post=19122"},{"taxonomy":"edicion","embeddable":true,"href":"https:\/\/wizardly-davinci.82-223-8-23.plesk.page\/en\/wp-json\/wp\/v2\/edicion?post=19122"},{"taxonomy":"editoriales","embeddable":true,"href":"https:\/\/wizardly-davinci.82-223-8-23.plesk.page\/en\/wp-json\/wp\/v2\/editoriales?post=19122"},{"taxonomy":"tienda","embeddable":true,"href":"https:\/\/wizardly-davinci.82-223-8-23.plesk.page\/en\/wp-json\/wp\/v2\/tienda?post=19122"},{"taxonomy":"autor_id","embeddable":true,"href":"https:\/\/wizardly-davinci.82-223-8-23.plesk.page\/en\/wp-json\/wp\/v2\/autor_id?post=19122"},{"taxonomy":"universidades_coeditoras","embeddable":true,"href":"https:\/\/wizardly-davinci.82-223-8-23.plesk.page\/en\/wp-json\/wp\/v2\/universidades_coeditoras?post=19122"},{"taxonomy":"palabras_clave","embeddable":true,"href":"https:\/\/wizardly-davinci.82-223-8-23.plesk.page\/en\/wp-json\/wp\/v2\/palabras_clave?post=19122"},{"taxonomy":"listado_alfabetico","embeddable":true,"href":"https:\/\/wizardly-davinci.82-223-8-23.plesk.page\/en\/wp-json\/wp\/v2\/listado_alfabetico?post=19122"}],"curies":[{"name":"wp","href":"https:\/\/api.w.org\/{rel}","templated":true}]}}