{"id":19124,"date":"2019-04-09T23:00:58","date_gmt":"2019-04-09T23:00:58","guid":{"rendered":"https:\/\/octaedro.com\/producto\/societat-i-escola-en-pau\/"},"modified":"2023-04-25T12:51:18","modified_gmt":"2023-04-25T10:51:18","slug":"societat-i-escola-en-pau","status":"publish","type":"product","link":"https:\/\/wizardly-davinci.82-223-8-23.plesk.page\/en\/producto\/societat-i-escola-en-pau\/","title":{"rendered":"Societat i escola en pau+"},"content":{"rendered":"<p>Avui encara parlem de pau. Per\u00f2 ja no ho fem com d\u2019un somni o una utopia inabastable, sin\u00f3 com d\u2019un b\u00e9 preuat que cada cop m\u00e9s gent s\u2019atreveix a albirar.<\/p>\n<p>La gran majoria de portes a qu\u00e8 hem trucat per conversar sobre la pau se\u2019ns han obert de bat a bat, amb un esperit de fraternitat que ens conven\u00e7 que el nostre inter\u00e8s a fer m\u00e9s real la pau al m\u00f3n \u00e9s \u00e0mpliament compartit. La franquesa, l\u2019amabilitat, la profunditat i el rigor amb qu\u00e8 tothom ha respost les nostres preguntes, compartint idees valuoses i experi\u00e8ncies significatives, s\u2019han transformat en les tessel\u00b7les d\u2019un mosaic que sempre encaixa.<\/p>\n<p>Ara podem afirmar, sense embuts, que s\u00f3n moltes les persones que creuen i treballen per a la pau des de diferents espais privats i professionals que dibuixen la seva traject\u00f2ria vital. I totes, sense excepci\u00f3, palesen que l\u2019escola \u00e9s un escenari fonamental i ineludible de construcci\u00f3 de pau.<\/p>\n<p>En aquest llibre donem la paraula a l\u2019Arcadi Oliveres, el David Fern\u00e0ndez, el Joan Daus\u00e0, el pare Manel, el Francesc Torralba, la Leticia Armend\u00e1riz, la Pepa Plana, el Jordi Capdevila, la Susanna Barranco, la Pilar Gargallo, la Gemma Parellada, el Jordi S\u00e0nchez, la Montserrat Vendrell, el Jordi Palou i el Josep Mayoral. Amb la seva mirada aguda i singular han contribu\u00eft a reconstruir el concepte de pau+ encarnat en viv\u00e8ncies que acompanyen, matisen i donen vida a una visi\u00f3 clara, tangible i quotidiana de la pau.<\/p>\n<p>Empeses per l\u2019anhel de bastir un m\u00f3n m\u00e9s pac\u00edfic i feli\u00e7, destinarem els drets d\u2019autor d\u2019aquesta obra a ONG que treballen per a la pau.<\/p>\n<p>Us convidem que tamb\u00e9 feu sentir la vostra veu perqu\u00e8 aquest clam obri el pas a la pau+ a casa, a l\u2019escola, a la feina, al pa\u00eds i al m\u00f3n.<\/p>\n<p><em>Les autores<\/em><br \/>\nM. Carme Boqu\u00e9 Torremorell (coord.), M\u00f2nica Albert\u00ed Cort\u00e8s, Montserrat Alguacil de Nicol\u00e1s, Laura Garc\u00eda Raga, Merc\u00e8 Pa\u00f1ellas Valls, Montserrat Pay\u00e0 S\u00e1nchez, M. Dolors Ribalta Alcalde<\/p>\n","protected":false},"excerpt":{"rendered":"<p>Avui encara parlem de pau. Per\u00f2 ja no ho fem com d\u2019un somni o una utopia inabastable, sin\u00f3 com d\u2019un b\u00e9 preuat que cada cop m\u00e9s gent s\u2019atreveix a albirar.<\/p>\n<p>La gran majoria de portes a qu\u00e8 hem trucat per conversar sobre la pau se\u2019ns han obert de bat a bat, amb un esperit de fraternitat que ens conven\u00e7 que el nostre inter\u00e8s a fer m\u00e9s real la pau al m\u00f3n \u00e9s \u00e0mpliament compartit. La franquesa, l\u2019amabilitat, la profunditat i el rigor amb qu\u00e8 tothom ha respost les nostres preguntes, compartint idees valuoses i experi\u00e8ncies significatives, s\u2019han transformat en les tessel\u00b7les d\u2019un mosaic que sempre encaixa.<\/p>\n<p>Ara podem afirmar, sense embuts, que s\u00f3n moltes les persones que creuen i treballen per a la pau des de diferents espais privats i professionals que dibuixen la seva traject\u00f2ria vital. I totes, sense excepci\u00f3, palesen que l\u2019escola \u00e9s un escenari fonamental i ineludible de construcci\u00f3 de pau.<\/p>\n<p>En aquest llibre donem la paraula a l\u2019Arcadi Oliveres, el David Fern\u00e0ndez, el Joan Daus\u00e0, el pare Manel, el Francesc Torralba, la Leticia Armend\u00e1riz, la Pepa Plana, el Jordi Capdevila, la Susanna Barranco, la Pilar Gargallo, la Gemma Parellada, el Jordi S\u00e0nchez, la Montserrat Vendrell, el Jordi Palou i el Josep Mayoral. Amb la seva mirada aguda i singular han contribu\u00eft a reconstruir el concepte de pau+ encarnat en viv\u00e8ncies que acompanyen, matisen i donen vida a una visi\u00f3 clara, tangible i quotidiana de la pau.<\/p>\n<p>Empeses per l\u2019anhel de bastir un m\u00f3n m\u00e9s pac\u00edfic i feli\u00e7, destinarem els drets d\u2019autor d\u2019aquesta obra a ONG que treballen per a la pau.<\/p>\n<p>Us convidem que tamb\u00e9 feu sentir la vostra veu perqu\u00e8 aquest clam obri el pas a la pau+ a casa, a l\u2019escola, a la feina, al pa\u00eds i al m\u00f3n.<\/p>\n<p><em>Les autores<\/em><br \/>\nM. Carme Boqu\u00e9 Torremorell (coord.), M\u00f2nica Albert\u00ed Cort\u00e8s, Montserrat Alguacil de Nicol\u00e1s, Laura Garc\u00eda Raga, Merc\u00e8 Pa\u00f1ellas Valls, Montserrat Pay\u00e0 S\u00e1nchez, M. Dolors Ribalta Alcalde<\/p>\n","protected":false},"featured_media":19125,"comment_status":"open","ping_status":"closed","template":"","meta":{"_et_pb_use_builder":"","_et_pb_old_content":"","_et_gb_content_width":""},"product_cat":[6675,1510],"product_tag":[2602],"edicion":[],"editoriales":[1160],"tienda":[],"autor_id":[5175],"universidades_coeditoras":[],"palabras_clave":[],"listado_alfabetico":[],"acf":[],"_links":{"self":[{"href":"https:\/\/wizardly-davinci.82-223-8-23.plesk.page\/en\/wp-json\/wp\/v2\/product\/19124"}],"collection":[{"href":"https:\/\/wizardly-davinci.82-223-8-23.plesk.page\/en\/wp-json\/wp\/v2\/product"}],"about":[{"href":"https:\/\/wizardly-davinci.82-223-8-23.plesk.page\/en\/wp-json\/wp\/v2\/types\/product"}],"replies":[{"embeddable":true,"href":"https:\/\/wizardly-davinci.82-223-8-23.plesk.page\/en\/wp-json\/wp\/v2\/comments?post=19124"}],"wp:featuredmedia":[{"embeddable":true,"href":"https:\/\/wizardly-davinci.82-223-8-23.plesk.page\/en\/wp-json\/wp\/v2\/media\/19125"}],"wp:attachment":[{"href":"https:\/\/wizardly-davinci.82-223-8-23.plesk.page\/en\/wp-json\/wp\/v2\/media?parent=19124"}],"wp:term":[{"taxonomy":"product_cat","embeddable":true,"href":"https:\/\/wizardly-davinci.82-223-8-23.plesk.page\/en\/wp-json\/wp\/v2\/product_cat?post=19124"},{"taxonomy":"product_tag","embeddable":true,"href":"https:\/\/wizardly-davinci.82-223-8-23.plesk.page\/en\/wp-json\/wp\/v2\/product_tag?post=19124"},{"taxonomy":"edicion","embeddable":true,"href":"https:\/\/wizardly-davinci.82-223-8-23.plesk.page\/en\/wp-json\/wp\/v2\/edicion?post=19124"},{"taxonomy":"editoriales","embeddable":true,"href":"https:\/\/wizardly-davinci.82-223-8-23.plesk.page\/en\/wp-json\/wp\/v2\/editoriales?post=19124"},{"taxonomy":"tienda","embeddable":true,"href":"https:\/\/wizardly-davinci.82-223-8-23.plesk.page\/en\/wp-json\/wp\/v2\/tienda?post=19124"},{"taxonomy":"autor_id","embeddable":true,"href":"https:\/\/wizardly-davinci.82-223-8-23.plesk.page\/en\/wp-json\/wp\/v2\/autor_id?post=19124"},{"taxonomy":"universidades_coeditoras","embeddable":true,"href":"https:\/\/wizardly-davinci.82-223-8-23.plesk.page\/en\/wp-json\/wp\/v2\/universidades_coeditoras?post=19124"},{"taxonomy":"palabras_clave","embeddable":true,"href":"https:\/\/wizardly-davinci.82-223-8-23.plesk.page\/en\/wp-json\/wp\/v2\/palabras_clave?post=19124"},{"taxonomy":"listado_alfabetico","embeddable":true,"href":"https:\/\/wizardly-davinci.82-223-8-23.plesk.page\/en\/wp-json\/wp\/v2\/listado_alfabetico?post=19124"}],"curies":[{"name":"wp","href":"https:\/\/api.w.org\/{rel}","templated":true}]}}