{"id":19126,"date":"2019-04-09T23:00:59","date_gmt":"2019-04-09T23:00:59","guid":{"rendered":"https:\/\/octaedro.com\/producto\/habitar-la-trinxera\/"},"modified":"2023-04-25T12:51:27","modified_gmt":"2023-04-25T10:51:27","slug":"habitar-la-trinxera","status":"publish","type":"product","link":"https:\/\/wizardly-davinci.82-223-8-23.plesk.page\/en\/producto\/habitar-la-trinxera\/","title":{"rendered":"Habitar la trinxera"},"content":{"rendered":"<p><strong><em>Habitar la trinxera. Hist\u00f2ries del moviment pel dret a l\u2019habitatge a Barcelona<\/em><\/strong> \u00e9s el resultat d\u2019estirar d\u2019un fil. Una recerca que va comen\u00e7ar el 2012 per abordar els or\u00edgens de la Plataforma d\u2019Afectats per la Hipoteca es va convertir en una traject\u00f2ria d\u2019entrevistes per parlar amb persones que han protagonitzat moviments molt diversos pel dret a l\u2019habitatge i contra l\u2019especulaci\u00f3 immobili\u00e0ria i urban\u00edstica a la ciutat de Barcelona en el darrer quart de segle.<\/p>\n<p>Aquest llibre recull hist\u00f2ries de vict\u00f2ries, de derrotes, per\u00f2 sobretot de lluites per transformar el m\u00f3n \u2013o, si m\u00e9s no, la ciutat\u2013 i no resignar-se que la vida estigui regida per interessos econ\u00f2mics. Hist\u00f2ries de la pol\u00edtica que es fa a peu de carrer, sigui ocupant espais buits, recollint signatures per canviar una llei, assaltant el F\u00f2rum de les Cultures des del mar o plantant un avet entre les runes del Forat de la Vergonya.<\/p>\n","protected":false},"excerpt":{"rendered":"<p><strong><em>Habitar la trinxera. Hist\u00f2ries del moviment pel dret a l\u2019habitatge a Barcelona<\/em><\/strong> \u00e9s el resultat d\u2019estirar d\u2019un fil. Una recerca que va comen\u00e7ar el 2012 per abordar els or\u00edgens de la Plataforma d\u2019Afectats per la Hipoteca es va convertir en una traject\u00f2ria d\u2019entrevistes per parlar amb persones que han protagonitzat moviments molt diversos pel dret a l\u2019habitatge i contra l\u2019especulaci\u00f3 immobili\u00e0ria i urban\u00edstica a la ciutat de Barcelona en el darrer quart de segle.<\/p>\n<p>Aquest llibre recull hist\u00f2ries de vict\u00f2ries, de derrotes, per\u00f2 sobretot de lluites per transformar el m\u00f3n \u2013o, si m\u00e9s no, la ciutat\u2013 i no resignar-se que la vida estigui regida per interessos econ\u00f2mics. Hist\u00f2ries de la pol\u00edtica que es fa a peu de carrer, sigui ocupant espais buits, recollint signatures per canviar una llei, assaltant el F\u00f2rum de les Cultures des del mar o plantant un avet entre les runes del Forat de la Vergonya.<\/p>\n","protected":false},"featured_media":19127,"comment_status":"open","ping_status":"closed","template":"","meta":{"_et_pb_use_builder":"","_et_pb_old_content":"","_et_gb_content_width":""},"product_cat":[1512,6675,1510],"product_tag":[2602],"edicion":[1083],"editoriales":[1160,8960],"tienda":[],"autor_id":[5509],"universidades_coeditoras":[],"palabras_clave":[],"listado_alfabetico":[],"acf":[],"_links":{"self":[{"href":"https:\/\/wizardly-davinci.82-223-8-23.plesk.page\/en\/wp-json\/wp\/v2\/product\/19126"}],"collection":[{"href":"https:\/\/wizardly-davinci.82-223-8-23.plesk.page\/en\/wp-json\/wp\/v2\/product"}],"about":[{"href":"https:\/\/wizardly-davinci.82-223-8-23.plesk.page\/en\/wp-json\/wp\/v2\/types\/product"}],"replies":[{"embeddable":true,"href":"https:\/\/wizardly-davinci.82-223-8-23.plesk.page\/en\/wp-json\/wp\/v2\/comments?post=19126"}],"wp:featuredmedia":[{"embeddable":true,"href":"https:\/\/wizardly-davinci.82-223-8-23.plesk.page\/en\/wp-json\/wp\/v2\/media\/19127"}],"wp:attachment":[{"href":"https:\/\/wizardly-davinci.82-223-8-23.plesk.page\/en\/wp-json\/wp\/v2\/media?parent=19126"}],"wp:term":[{"taxonomy":"product_cat","embeddable":true,"href":"https:\/\/wizardly-davinci.82-223-8-23.plesk.page\/en\/wp-json\/wp\/v2\/product_cat?post=19126"},{"taxonomy":"product_tag","embeddable":true,"href":"https:\/\/wizardly-davinci.82-223-8-23.plesk.page\/en\/wp-json\/wp\/v2\/product_tag?post=19126"},{"taxonomy":"edicion","embeddable":true,"href":"https:\/\/wizardly-davinci.82-223-8-23.plesk.page\/en\/wp-json\/wp\/v2\/edicion?post=19126"},{"taxonomy":"editoriales","embeddable":true,"href":"https:\/\/wizardly-davinci.82-223-8-23.plesk.page\/en\/wp-json\/wp\/v2\/editoriales?post=19126"},{"taxonomy":"tienda","embeddable":true,"href":"https:\/\/wizardly-davinci.82-223-8-23.plesk.page\/en\/wp-json\/wp\/v2\/tienda?post=19126"},{"taxonomy":"autor_id","embeddable":true,"href":"https:\/\/wizardly-davinci.82-223-8-23.plesk.page\/en\/wp-json\/wp\/v2\/autor_id?post=19126"},{"taxonomy":"universidades_coeditoras","embeddable":true,"href":"https:\/\/wizardly-davinci.82-223-8-23.plesk.page\/en\/wp-json\/wp\/v2\/universidades_coeditoras?post=19126"},{"taxonomy":"palabras_clave","embeddable":true,"href":"https:\/\/wizardly-davinci.82-223-8-23.plesk.page\/en\/wp-json\/wp\/v2\/palabras_clave?post=19126"},{"taxonomy":"listado_alfabetico","embeddable":true,"href":"https:\/\/wizardly-davinci.82-223-8-23.plesk.page\/en\/wp-json\/wp\/v2\/listado_alfabetico?post=19126"}],"curies":[{"name":"wp","href":"https:\/\/api.w.org\/{rel}","templated":true}]}}