{"id":19130,"date":"2019-04-09T23:01:00","date_gmt":"2019-04-09T23:01:00","guid":{"rendered":"https:\/\/octaedro.com\/producto\/leducacio-es-politica\/"},"modified":"2023-04-25T12:51:34","modified_gmt":"2023-04-25T10:51:34","slug":"leducacio-es-politica-2","status":"publish","type":"product","link":"https:\/\/wizardly-davinci.82-223-8-23.plesk.page\/en\/producto\/leducacio-es-politica-2\/","title":{"rendered":"L\u2019educaci\u00f3 \u00e9s pol\u00edtica"},"content":{"rendered":"<p>Els esdeveniments que estem vivint posen en relleu les estretes relacions entre pol\u00edtica i educaci\u00f3. La pol\u00edtica es fa al Parlament, a la pla\u00e7a, al carrer i en qualsevol escenari comunitari on es proposen idees, es confronten opinions, es defensen drets i es prenen decisions per millorar les nostres vides individuals i col\u00b7lectives. En aquest llibre es reivindica la Pol\u00edtica, amb maj\u00fascula: la que aposta pel pensament cr\u00edtic i transparent, la democr\u00e0cia participativa i la m\u00e9s \u00e0mplia llibertat d\u2019expressi\u00f3, aix\u00ed com per la solidaritat i la just\u00edcia social. Tamb\u00e9 per la pol\u00edtica que promou una educaci\u00f3 democr\u00e0tica que no adoctrina, perqu\u00e8 no imposa qu\u00e8 pensar, sin\u00f3 que obre camins al pensament i la reflexi\u00f3, ja que ensenya com pensar, a partir del di\u00e0leg, les preguntes i la pluralitat de veus i mirades.<\/p>\n<p>L\u2019actualitat pol\u00edtica es cola cont\u00ednuament a l\u2019escola i no es pot defugir si es vol comprendre una realitat cada cop m\u00e9s complexa, sigui al nostre voltant o arreu del m\u00f3n. Invocar la neutralitat \u00e9s una fal\u00b7l\u00e0cia que no s\u2019aguanta: amaga la realitat i no fa sin\u00f3 legitimar l\u2019ordre establert i els interessos dels sectors m\u00e9s poderosos.<\/p>\n<p>A la primera part es parla de tot aix\u00f2. La segona ho il\u00b7lustra amb exemples del medi ambient i els conflictes b\u00e8l\u00b7lics i, m\u00e9s extensament, amb el que va representar a les escoles el Refer\u00e8ndum de l\u20191-O i els atemptats de Barcelona i Cambrils de l\u2019agost del 2017. D\u2019en\u00e7\u00e0 que es va acabar de redactar aquest llibre (el 31 de mar\u00e7 del 2018) s\u2019hauran produ\u00eft nous esdeveniments, perqu\u00e8 avui la pol\u00edtica, m\u00e9s que mai, es mou en el terreny de la velocitat i l\u2019imprevist. Ara b\u00e9, m\u00e9s enll\u00e0 dels fets, el relat ofereix prou marcs conceptuals per entendre el passat, el present i el futur immediat.<\/p>\n","protected":false},"excerpt":{"rendered":"<p>Els esdeveniments que estem vivint posen en relleu les estretes relacions entre pol\u00edtica i educaci\u00f3. La pol\u00edtica es fa al Parlament, a la pla\u00e7a, al carrer i en qualsevol escenari comunitari on es proposen idees, es confronten opinions, es defensen drets i es prenen decisions per millorar les nostres vides individuals i col\u00b7lectives. En aquest llibre es reivindica la Pol\u00edtica, amb maj\u00fascula: la que aposta pel pensament cr\u00edtic i transparent, la democr\u00e0cia participativa i la m\u00e9s \u00e0mplia llibertat d\u2019expressi\u00f3, aix\u00ed com per la solidaritat i la just\u00edcia social. Tamb\u00e9 per la pol\u00edtica que promou una educaci\u00f3 democr\u00e0tica que no adoctrina, perqu\u00e8 no imposa qu\u00e8 pensar, sin\u00f3 que obre camins al pensament i la reflexi\u00f3, ja que ensenya com pensar, a partir del di\u00e0leg, les preguntes i la pluralitat de veus i mirades.<\/p>\n<p>L\u2019actualitat pol\u00edtica es cola cont\u00ednuament a l\u2019escola i no es pot defugir si es vol comprendre una realitat cada cop m\u00e9s complexa, sigui al nostre voltant o arreu del m\u00f3n. Invocar la neutralitat \u00e9s una fal\u00b7l\u00e0cia que no s\u2019aguanta: amaga la realitat i no fa sin\u00f3 legitimar l\u2019ordre establert i els interessos dels sectors m\u00e9s poderosos.<\/p>\n<p>A la primera part es parla de tot aix\u00f2. La segona ho il\u00b7lustra amb exemples del medi ambient i els conflictes b\u00e8l\u00b7lics i, m\u00e9s extensament, amb el que va representar a les escoles el Refer\u00e8ndum de l\u20191-O i els atemptats de Barcelona i Cambrils de l\u2019agost del 2017. D\u2019en\u00e7\u00e0 que es va acabar de redactar aquest llibre (el 31 de mar\u00e7 del 2018) s\u2019hauran produ\u00eft nous esdeveniments, perqu\u00e8 avui la pol\u00edtica, m\u00e9s que mai, es mou en el terreny de la velocitat i l\u2019imprevist. Ara b\u00e9, m\u00e9s enll\u00e0 dels fets, el relat ofereix prou marcs conceptuals per entendre el passat, el present i el futur immediat.<\/p>\n","protected":false},"featured_media":19131,"comment_status":"open","ping_status":"closed","template":"","meta":{"_et_pb_use_builder":"","_et_pb_old_content":"","_et_gb_content_width":""},"product_cat":[6675,1510],"product_tag":[2602],"edicion":[],"editoriales":[1160],"tienda":[],"autor_id":[5246],"universidades_coeditoras":[],"palabras_clave":[],"listado_alfabetico":[],"acf":[],"_links":{"self":[{"href":"https:\/\/wizardly-davinci.82-223-8-23.plesk.page\/en\/wp-json\/wp\/v2\/product\/19130"}],"collection":[{"href":"https:\/\/wizardly-davinci.82-223-8-23.plesk.page\/en\/wp-json\/wp\/v2\/product"}],"about":[{"href":"https:\/\/wizardly-davinci.82-223-8-23.plesk.page\/en\/wp-json\/wp\/v2\/types\/product"}],"replies":[{"embeddable":true,"href":"https:\/\/wizardly-davinci.82-223-8-23.plesk.page\/en\/wp-json\/wp\/v2\/comments?post=19130"}],"wp:featuredmedia":[{"embeddable":true,"href":"https:\/\/wizardly-davinci.82-223-8-23.plesk.page\/en\/wp-json\/wp\/v2\/media\/19131"}],"wp:attachment":[{"href":"https:\/\/wizardly-davinci.82-223-8-23.plesk.page\/en\/wp-json\/wp\/v2\/media?parent=19130"}],"wp:term":[{"taxonomy":"product_cat","embeddable":true,"href":"https:\/\/wizardly-davinci.82-223-8-23.plesk.page\/en\/wp-json\/wp\/v2\/product_cat?post=19130"},{"taxonomy":"product_tag","embeddable":true,"href":"https:\/\/wizardly-davinci.82-223-8-23.plesk.page\/en\/wp-json\/wp\/v2\/product_tag?post=19130"},{"taxonomy":"edicion","embeddable":true,"href":"https:\/\/wizardly-davinci.82-223-8-23.plesk.page\/en\/wp-json\/wp\/v2\/edicion?post=19130"},{"taxonomy":"editoriales","embeddable":true,"href":"https:\/\/wizardly-davinci.82-223-8-23.plesk.page\/en\/wp-json\/wp\/v2\/editoriales?post=19130"},{"taxonomy":"tienda","embeddable":true,"href":"https:\/\/wizardly-davinci.82-223-8-23.plesk.page\/en\/wp-json\/wp\/v2\/tienda?post=19130"},{"taxonomy":"autor_id","embeddable":true,"href":"https:\/\/wizardly-davinci.82-223-8-23.plesk.page\/en\/wp-json\/wp\/v2\/autor_id?post=19130"},{"taxonomy":"universidades_coeditoras","embeddable":true,"href":"https:\/\/wizardly-davinci.82-223-8-23.plesk.page\/en\/wp-json\/wp\/v2\/universidades_coeditoras?post=19130"},{"taxonomy":"palabras_clave","embeddable":true,"href":"https:\/\/wizardly-davinci.82-223-8-23.plesk.page\/en\/wp-json\/wp\/v2\/palabras_clave?post=19130"},{"taxonomy":"listado_alfabetico","embeddable":true,"href":"https:\/\/wizardly-davinci.82-223-8-23.plesk.page\/en\/wp-json\/wp\/v2\/listado_alfabetico?post=19130"}],"curies":[{"name":"wp","href":"https:\/\/api.w.org\/{rel}","templated":true}]}}