{"id":19134,"date":"2019-04-09T23:01:00","date_gmt":"2019-04-09T23:01:00","guid":{"rendered":"https:\/\/octaedro.com\/producto\/5-raons-per-aprendre-durant-tota-la-vida\/"},"modified":"2023-04-25T12:51:48","modified_gmt":"2023-04-25T10:51:48","slug":"5-raons-per-aprendre-durant-tota-la-vida-2","status":"publish","type":"product","link":"https:\/\/wizardly-davinci.82-223-8-23.plesk.page\/en\/producto\/5-raons-per-aprendre-durant-tota-la-vida-2\/","title":{"rendered":"5 raons per aprendre durant tota la vida"},"content":{"rendered":"<p>Est\u00e0 comunament acceptat que cal aprendre al llarg de tota la vida, com tamb\u00e9 \u00e9s cert que els coneixements que es van desenvolupant s\u2019han de contrastar amb les \u00abveritats\u00bb vigents fins fa pocs anys, ja que el progr\u00e9s tendeix a posar-les en q\u00fcesti\u00f3. Aix\u00ed, cal assumir que el proc\u00e9s d\u2019aprenentatge no es pot aturar i que \u00e9s imprescindible saber desaprendre i ressituar les noves informacions, tot preservant-ne d\u2019altres que formen part del bagatge cultural.<\/p>\n<p>Considerant que l\u2019expectativa de vida creix sense parar, i amb vista a evitar que la gent es quedi atrapada en la visi\u00f3 del m\u00f3n que va adquirir durant la seva vida escolar o arran de la seva pr\u00e0ctica professional, s\u2019ha de conscienciar que aprendre \u00e9s una necessitat, un dret i una responsabilitat social i individual.<\/p>\n<p>S\u2019apr\u00e8n a casa, en el si d\u2019experi\u00e8ncies quotidianes o culturals, interactuant amb els altres, mirant i escoltant, pels mitjans de comunicaci\u00f3, en llocs espec\u00edfics o, simplement, vivint, perqu\u00e8 la vida mateixa \u00e9s temps per aprendre. Per tot aix\u00f2, resulta evident que hem de promoure una actitud m\u00e9s favorable envers l\u2019aprenentatge continu, a fi d\u2019assolir una qualitat de vida satisfact\u00f2ria, m\u00e9s autonomia personal i la capacitat de prendre decisions amb criteri. Encara m\u00e9s, no podem desaprofitar l\u2019enorme valor que representa comprendre i compartir amb altres persones, generacions i cultures, sabers i experi\u00e8ncies que la societat no hauria de perdre.<\/p>\n","protected":false},"excerpt":{"rendered":"<p>Est\u00e0 comunament acceptat que cal aprendre al llarg de tota la vida, com tamb\u00e9 \u00e9s cert que els coneixements que es van desenvolupant s\u2019han de contrastar amb les \u00abveritats\u00bb vigents fins fa pocs anys, ja que el progr\u00e9s tendeix a posar-les en q\u00fcesti\u00f3. Aix\u00ed, cal assumir que el proc\u00e9s d\u2019aprenentatge no es pot aturar i que \u00e9s imprescindible saber desaprendre i ressituar les noves informacions, tot preservant-ne d\u2019altres que formen part del bagatge cultural.<\/p>\n<p>Considerant que l\u2019expectativa de vida creix sense parar, i amb vista a evitar que la gent es quedi atrapada en la visi\u00f3 del m\u00f3n que va adquirir durant la seva vida escolar o arran de la seva pr\u00e0ctica professional, s\u2019ha de conscienciar que aprendre \u00e9s una necessitat, un dret i una responsabilitat social i individual.<\/p>\n<p>S\u2019apr\u00e8n a casa, en el si d\u2019experi\u00e8ncies quotidianes o culturals, interactuant amb els altres, mirant i escoltant, pels mitjans de comunicaci\u00f3, en llocs espec\u00edfics o, simplement, vivint, perqu\u00e8 la vida mateixa \u00e9s temps per aprendre. Per tot aix\u00f2, resulta evident que hem de promoure una actitud m\u00e9s favorable envers l\u2019aprenentatge continu, a fi d\u2019assolir una qualitat de vida satisfact\u00f2ria, m\u00e9s autonomia personal i la capacitat de prendre decisions amb criteri. Encara m\u00e9s, no podem desaprofitar l\u2019enorme valor que representa comprendre i compartir amb altres persones, generacions i cultures, sabers i experi\u00e8ncies que la societat no hauria de perdre.<\/p>\n","protected":false},"featured_media":19135,"comment_status":"open","ping_status":"closed","template":"","meta":{"_et_pb_use_builder":"","_et_pb_old_content":"","_et_gb_content_width":""},"product_cat":[6675,1510],"product_tag":[2602],"edicion":[],"editoriales":[1160],"tienda":[],"autor_id":[],"universidades_coeditoras":[],"palabras_clave":[],"listado_alfabetico":[],"acf":[],"_links":{"self":[{"href":"https:\/\/wizardly-davinci.82-223-8-23.plesk.page\/en\/wp-json\/wp\/v2\/product\/19134"}],"collection":[{"href":"https:\/\/wizardly-davinci.82-223-8-23.plesk.page\/en\/wp-json\/wp\/v2\/product"}],"about":[{"href":"https:\/\/wizardly-davinci.82-223-8-23.plesk.page\/en\/wp-json\/wp\/v2\/types\/product"}],"replies":[{"embeddable":true,"href":"https:\/\/wizardly-davinci.82-223-8-23.plesk.page\/en\/wp-json\/wp\/v2\/comments?post=19134"}],"wp:featuredmedia":[{"embeddable":true,"href":"https:\/\/wizardly-davinci.82-223-8-23.plesk.page\/en\/wp-json\/wp\/v2\/media\/19135"}],"wp:attachment":[{"href":"https:\/\/wizardly-davinci.82-223-8-23.plesk.page\/en\/wp-json\/wp\/v2\/media?parent=19134"}],"wp:term":[{"taxonomy":"product_cat","embeddable":true,"href":"https:\/\/wizardly-davinci.82-223-8-23.plesk.page\/en\/wp-json\/wp\/v2\/product_cat?post=19134"},{"taxonomy":"product_tag","embeddable":true,"href":"https:\/\/wizardly-davinci.82-223-8-23.plesk.page\/en\/wp-json\/wp\/v2\/product_tag?post=19134"},{"taxonomy":"edicion","embeddable":true,"href":"https:\/\/wizardly-davinci.82-223-8-23.plesk.page\/en\/wp-json\/wp\/v2\/edicion?post=19134"},{"taxonomy":"editoriales","embeddable":true,"href":"https:\/\/wizardly-davinci.82-223-8-23.plesk.page\/en\/wp-json\/wp\/v2\/editoriales?post=19134"},{"taxonomy":"tienda","embeddable":true,"href":"https:\/\/wizardly-davinci.82-223-8-23.plesk.page\/en\/wp-json\/wp\/v2\/tienda?post=19134"},{"taxonomy":"autor_id","embeddable":true,"href":"https:\/\/wizardly-davinci.82-223-8-23.plesk.page\/en\/wp-json\/wp\/v2\/autor_id?post=19134"},{"taxonomy":"universidades_coeditoras","embeddable":true,"href":"https:\/\/wizardly-davinci.82-223-8-23.plesk.page\/en\/wp-json\/wp\/v2\/universidades_coeditoras?post=19134"},{"taxonomy":"palabras_clave","embeddable":true,"href":"https:\/\/wizardly-davinci.82-223-8-23.plesk.page\/en\/wp-json\/wp\/v2\/palabras_clave?post=19134"},{"taxonomy":"listado_alfabetico","embeddable":true,"href":"https:\/\/wizardly-davinci.82-223-8-23.plesk.page\/en\/wp-json\/wp\/v2\/listado_alfabetico?post=19134"}],"curies":[{"name":"wp","href":"https:\/\/api.w.org\/{rel}","templated":true}]}}