{"id":19136,"date":"2019-04-09T23:01:00","date_gmt":"2019-04-09T23:01:00","guid":{"rendered":"https:\/\/octaedro.com\/producto\/vida-mantera\/"},"modified":"2023-04-25T12:51:55","modified_gmt":"2023-04-25T10:51:55","slug":"vida-mantera-2","status":"publish","type":"product","link":"https:\/\/wizardly-davinci.82-223-8-23.plesk.page\/en\/producto\/vida-mantera-2\/","title":{"rendered":"Vida mantera"},"content":{"rendered":"<p><em>Vida mantera. Retrat circular de la venda ambulant (Dakar-Barcelona)<\/em> desf\u00e0 els passos d\u2019aquells que es dediquen a la manta a Barcelona. Empr\u00e8n un viatge des de Dakar fins a la capital catalana amb l\u2019objectiu de comprendre per qu\u00e8 en Mohammed va voler entrar al seu televisor i arribar a Europa d\u2019un salt; per qu\u00e8 l\u2019Aziz va passar la joventut a bord d\u2019una pastera (i com va acabar fundant un sindicat de venedors ambulants); per qu\u00e8 l\u2019Awa no sap on \u00e9s el seu marit, o com la Fatou va abandonar el carrer per presidir una cooperativa amb m\u00e9s d\u2019una dotzena de treballadors, tots ells antics manters.<\/p>\n<p>Aquest llibre parla sobre la manta per fer-ho sobre les migracions, les fronteres, la desigualtat, la ciutat o la lluita col\u00b7lectiva. Mira de fer entendre per qu\u00e8 la venda ambulant ha ocupat els mitjans de comunicaci\u00f3 des de l\u2019estiu del 2015, fet que ha suposat una pedra a la sabata per al Govern de l\u2019Ada Colau, que ha respost a la pressi\u00f3 amb plans socials, per\u00f2 tamb\u00e9 amb saturacions de l\u2019espai i operatius policials. I, sobretot, intenta explicar com els manters se n\u2019han sortit gr\u00e0cies a l\u2019autoorganitzaci\u00f3: el Sindicat Popular de Venedors Ambulants ha donat veu al col\u00b7lectiu, ha creat una marca (Top Manta) i ha rebut el suport d\u2019un dels fundadors dels Black Panther, en Bob Brown, i del mateix papa Francesc.<\/p>\n","protected":false},"excerpt":{"rendered":"<p><em>Vida mantera. Retrat circular de la venda ambulant (Dakar-Barcelona)<\/em> desf\u00e0 els passos d\u2019aquells que es dediquen a la manta a Barcelona. Empr\u00e8n un viatge des de Dakar fins a la capital catalana amb l\u2019objectiu de comprendre per qu\u00e8 en Mohammed va voler entrar al seu televisor i arribar a Europa d\u2019un salt; per qu\u00e8 l\u2019Aziz va passar la joventut a bord d\u2019una pastera (i com va acabar fundant un sindicat de venedors ambulants); per qu\u00e8 l\u2019Awa no sap on \u00e9s el seu marit, o com la Fatou va abandonar el carrer per presidir una cooperativa amb m\u00e9s d\u2019una dotzena de treballadors, tots ells antics manters.<\/p>\n<p>Aquest llibre parla sobre la manta per fer-ho sobre les migracions, les fronteres, la desigualtat, la ciutat o la lluita col\u00b7lectiva. Mira de fer entendre per qu\u00e8 la venda ambulant ha ocupat els mitjans de comunicaci\u00f3 des de l\u2019estiu del 2015, fet que ha suposat una pedra a la sabata per al Govern de l\u2019Ada Colau, que ha respost a la pressi\u00f3 amb plans socials, per\u00f2 tamb\u00e9 amb saturacions de l\u2019espai i operatius policials. I, sobretot, intenta explicar com els manters se n\u2019han sortit gr\u00e0cies a l\u2019autoorganitzaci\u00f3: el Sindicat Popular de Venedors Ambulants ha donat veu al col\u00b7lectiu, ha creat una marca (Top Manta) i ha rebut el suport d\u2019un dels fundadors dels Black Panther, en Bob Brown, i del mateix papa Francesc.<\/p>\n","protected":false},"featured_media":19137,"comment_status":"open","ping_status":"closed","template":"","meta":{"_et_pb_use_builder":"","_et_pb_old_content":"","_et_gb_content_width":""},"product_cat":[6675,1510],"product_tag":[2602],"edicion":[1083],"editoriales":[1160,8960],"tienda":[],"autor_id":[6331],"universidades_coeditoras":[],"palabras_clave":[],"listado_alfabetico":[],"acf":[],"_links":{"self":[{"href":"https:\/\/wizardly-davinci.82-223-8-23.plesk.page\/en\/wp-json\/wp\/v2\/product\/19136"}],"collection":[{"href":"https:\/\/wizardly-davinci.82-223-8-23.plesk.page\/en\/wp-json\/wp\/v2\/product"}],"about":[{"href":"https:\/\/wizardly-davinci.82-223-8-23.plesk.page\/en\/wp-json\/wp\/v2\/types\/product"}],"replies":[{"embeddable":true,"href":"https:\/\/wizardly-davinci.82-223-8-23.plesk.page\/en\/wp-json\/wp\/v2\/comments?post=19136"}],"wp:featuredmedia":[{"embeddable":true,"href":"https:\/\/wizardly-davinci.82-223-8-23.plesk.page\/en\/wp-json\/wp\/v2\/media\/19137"}],"wp:attachment":[{"href":"https:\/\/wizardly-davinci.82-223-8-23.plesk.page\/en\/wp-json\/wp\/v2\/media?parent=19136"}],"wp:term":[{"taxonomy":"product_cat","embeddable":true,"href":"https:\/\/wizardly-davinci.82-223-8-23.plesk.page\/en\/wp-json\/wp\/v2\/product_cat?post=19136"},{"taxonomy":"product_tag","embeddable":true,"href":"https:\/\/wizardly-davinci.82-223-8-23.plesk.page\/en\/wp-json\/wp\/v2\/product_tag?post=19136"},{"taxonomy":"edicion","embeddable":true,"href":"https:\/\/wizardly-davinci.82-223-8-23.plesk.page\/en\/wp-json\/wp\/v2\/edicion?post=19136"},{"taxonomy":"editoriales","embeddable":true,"href":"https:\/\/wizardly-davinci.82-223-8-23.plesk.page\/en\/wp-json\/wp\/v2\/editoriales?post=19136"},{"taxonomy":"tienda","embeddable":true,"href":"https:\/\/wizardly-davinci.82-223-8-23.plesk.page\/en\/wp-json\/wp\/v2\/tienda?post=19136"},{"taxonomy":"autor_id","embeddable":true,"href":"https:\/\/wizardly-davinci.82-223-8-23.plesk.page\/en\/wp-json\/wp\/v2\/autor_id?post=19136"},{"taxonomy":"universidades_coeditoras","embeddable":true,"href":"https:\/\/wizardly-davinci.82-223-8-23.plesk.page\/en\/wp-json\/wp\/v2\/universidades_coeditoras?post=19136"},{"taxonomy":"palabras_clave","embeddable":true,"href":"https:\/\/wizardly-davinci.82-223-8-23.plesk.page\/en\/wp-json\/wp\/v2\/palabras_clave?post=19136"},{"taxonomy":"listado_alfabetico","embeddable":true,"href":"https:\/\/wizardly-davinci.82-223-8-23.plesk.page\/en\/wp-json\/wp\/v2\/listado_alfabetico?post=19136"}],"curies":[{"name":"wp","href":"https:\/\/api.w.org\/{rel}","templated":true}]}}