{"id":19138,"date":"2001-11-01T11:40:01","date_gmt":"2001-11-01T11:40:01","guid":{"rendered":"https:\/\/octaedro.com\/producto\/llengua-dialectes-i-estandarditzacio\/"},"modified":"2023-04-25T12:52:02","modified_gmt":"2023-04-25T10:52:02","slug":"llengua-dialectes-i-estandarditzacio","status":"publish","type":"product","link":"https:\/\/wizardly-davinci.82-223-8-23.plesk.page\/en\/producto\/llengua-dialectes-i-estandarditzacio\/","title":{"rendered":"Llengua, dialectes i estandarditzaci\u00f3"},"content":{"rendered":"<p><strong>Llengua, dialectes i estandarditzaci\u00f3<\/strong> \u00e9s una obra d&#8217;important abast, per a l&#8217;elaboraci\u00f3 de la qual l&#8217;autor ha hagut d&#8217;analitzar un gran nombre de fonts d&#8217;informaci\u00f3 i sotmetre a cr\u00edtica hip\u00f2tesis i teories en \u00e0mbits diversos. S&#8217;hi mostra un tractament sistem\u00e0tic dels fen\u00f2mens d&#8217;aparici\u00f3 i de formaci\u00f3 de les lleng\u00fces est\u00e0ndards, partint de l&#8217;estudi de nombrosos casos d&#8217;arreu del m\u00f3n, tot tra\u00e7ant-ne una descripci\u00f3 actual i diacr\u00f2nica. El paper dels parlars o dialectes en relaci\u00f3 amb la llengua est\u00e0ndard i els criteris complexos de distinci\u00f3 entre lleng\u00fces diferents, hi s\u00f3n minuciosament estudiats. El llibre no defuig el comprom\u00eds\u00a0a l&#8217;hora de valorar els aspectes pol\u00edtics i ideol\u00f2gics que incidissin en l&#8217;estandarditzaci\u00f3, fenomen que ens \u00e9s presentat com un aspecte fonamental de la normalitzaci\u00f3 o establiment social de les lleng\u00fces. Es tracta d&#8217;una obra imprescindible que interessa no sols els especialistes de la ling\u00fc\u00edstica, sin\u00f3 que aporta elements importants de reflexi\u00f3 a tota persona interessada en la situaci\u00f3 social de les lleng\u00fces en el m\u00f3n d&#8217;avui.<\/p>\n","protected":false},"excerpt":{"rendered":"<p><strong>Llengua, dialectes i estandarditzaci\u00f3<\/strong> \u00e9s una obra d&#8217;important abast, per a l&#8217;elaboraci\u00f3 de la qual l&#8217;autor ha hagut d&#8217;analitzar un gran nombre de fonts d&#8217;informaci\u00f3 i sotmetre a cr\u00edtica hip\u00f2tesis i teories en \u00e0mbits diversos. S&#8217;hi mostra un tractament sistem\u00e0tic dels fen\u00f2mens d&#8217;aparici\u00f3 i de formaci\u00f3 de les lleng\u00fces est\u00e0ndards, partint de l&#8217;estudi de nombrosos casos d&#8217;arreu del m\u00f3n, tot tra\u00e7ant-ne una descripci\u00f3 actual i diacr\u00f2nica. El paper dels parlars o dialectes en relaci\u00f3 amb la llengua est\u00e0ndard i els criteris complexos de distinci\u00f3 entre lleng\u00fces diferents, hi s\u00f3n minuciosament estudiats. El llibre no defuig el comprom\u00eds\u00a0a l&#8217;hora de valorar els aspectes pol\u00edtics i ideol\u00f2gics que incidissin en l&#8217;estandarditzaci\u00f3, fenomen que ens \u00e9s presentat com un aspecte fonamental de la normalitzaci\u00f3 o establiment social de les lleng\u00fces. Es tracta d&#8217;una obra imprescindible que interessa no sols els especialistes de la ling\u00fc\u00edstica, sin\u00f3 que aporta elements importants de reflexi\u00f3 a tota persona interessada en la situaci\u00f3 social de les lleng\u00fces en el m\u00f3n d&#8217;avui.<\/p>\n","protected":false},"featured_media":19139,"comment_status":"open","ping_status":"closed","template":"","meta":{"_et_pb_use_builder":"","_et_pb_old_content":"","_et_gb_content_width":""},"product_cat":[1512,1510],"product_tag":[2602],"edicion":[1083],"editoriales":[1160],"tienda":[],"autor_id":[5261],"universidades_coeditoras":[],"palabras_clave":[],"listado_alfabetico":[],"acf":[],"_links":{"self":[{"href":"https:\/\/wizardly-davinci.82-223-8-23.plesk.page\/en\/wp-json\/wp\/v2\/product\/19138"}],"collection":[{"href":"https:\/\/wizardly-davinci.82-223-8-23.plesk.page\/en\/wp-json\/wp\/v2\/product"}],"about":[{"href":"https:\/\/wizardly-davinci.82-223-8-23.plesk.page\/en\/wp-json\/wp\/v2\/types\/product"}],"replies":[{"embeddable":true,"href":"https:\/\/wizardly-davinci.82-223-8-23.plesk.page\/en\/wp-json\/wp\/v2\/comments?post=19138"}],"wp:featuredmedia":[{"embeddable":true,"href":"https:\/\/wizardly-davinci.82-223-8-23.plesk.page\/en\/wp-json\/wp\/v2\/media\/19139"}],"wp:attachment":[{"href":"https:\/\/wizardly-davinci.82-223-8-23.plesk.page\/en\/wp-json\/wp\/v2\/media?parent=19138"}],"wp:term":[{"taxonomy":"product_cat","embeddable":true,"href":"https:\/\/wizardly-davinci.82-223-8-23.plesk.page\/en\/wp-json\/wp\/v2\/product_cat?post=19138"},{"taxonomy":"product_tag","embeddable":true,"href":"https:\/\/wizardly-davinci.82-223-8-23.plesk.page\/en\/wp-json\/wp\/v2\/product_tag?post=19138"},{"taxonomy":"edicion","embeddable":true,"href":"https:\/\/wizardly-davinci.82-223-8-23.plesk.page\/en\/wp-json\/wp\/v2\/edicion?post=19138"},{"taxonomy":"editoriales","embeddable":true,"href":"https:\/\/wizardly-davinci.82-223-8-23.plesk.page\/en\/wp-json\/wp\/v2\/editoriales?post=19138"},{"taxonomy":"tienda","embeddable":true,"href":"https:\/\/wizardly-davinci.82-223-8-23.plesk.page\/en\/wp-json\/wp\/v2\/tienda?post=19138"},{"taxonomy":"autor_id","embeddable":true,"href":"https:\/\/wizardly-davinci.82-223-8-23.plesk.page\/en\/wp-json\/wp\/v2\/autor_id?post=19138"},{"taxonomy":"universidades_coeditoras","embeddable":true,"href":"https:\/\/wizardly-davinci.82-223-8-23.plesk.page\/en\/wp-json\/wp\/v2\/universidades_coeditoras?post=19138"},{"taxonomy":"palabras_clave","embeddable":true,"href":"https:\/\/wizardly-davinci.82-223-8-23.plesk.page\/en\/wp-json\/wp\/v2\/palabras_clave?post=19138"},{"taxonomy":"listado_alfabetico","embeddable":true,"href":"https:\/\/wizardly-davinci.82-223-8-23.plesk.page\/en\/wp-json\/wp\/v2\/listado_alfabetico?post=19138"}],"curies":[{"name":"wp","href":"https:\/\/api.w.org\/{rel}","templated":true}]}}