{"id":19151,"date":"2019-04-09T23:01:04","date_gmt":"2019-04-09T23:01:04","guid":{"rendered":"https:\/\/octaedro.com\/producto\/no-tinc-temps-per-pensar\/"},"modified":"2023-04-25T12:52:52","modified_gmt":"2023-04-25T10:52:52","slug":"no-tinc-temps-per-pensar","status":"publish","type":"product","link":"https:\/\/wizardly-davinci.82-223-8-23.plesk.page\/en\/producto\/no-tinc-temps-per-pensar\/","title":{"rendered":"No tinc temps per pensar"},"content":{"rendered":"<p>No tenim temps per a res. La fam\u00edlia, els amics, l\u2019esport o altres d\u00e8ries sempre queden en un segon pla. Tamb\u00e9 el cultiu del pensament, que suposadament \u00e9s una de les coses que identifica m\u00e9s i millor la nostra esp\u00e8cie, resta a l\u2019espera. La pressa ens aclapara. En aquest context precipitat necessitem temps per descobrir el temps. Un oasi de pensament que comencem a explorar gr\u00e0cies a parar atenci\u00f3 aqu\u00ed i all\u00e0: ressenyem les observacions resultants, plantegem sengles q\u00fcestions estimulants i esmolem el senderi amb l\u2019exercici compartit d\u2019enraonar, altrament conegut com a di\u00e0leg. No en va Ramon Llull augurava taxatiu que: \u201cPensar per un mateix \u00e9s l\u2019\u00fanic projecte a la vida\u201d.<\/p>\n","protected":false},"excerpt":{"rendered":"<p>No tenim temps per a res. La fam\u00edlia, els amics, l\u2019esport o altres d\u00e8ries sempre queden en un segon pla. Tamb\u00e9 el cultiu del pensament, que suposadament \u00e9s una de les coses que identifica m\u00e9s i millor la nostra esp\u00e8cie, resta a l\u2019espera. La pressa ens aclapara. En aquest context precipitat necessitem temps per descobrir el temps. Un oasi de pensament que comencem a explorar gr\u00e0cies a parar atenci\u00f3 aqu\u00ed i all\u00e0: ressenyem les observacions resultants, plantegem sengles q\u00fcestions estimulants i esmolem el senderi amb l\u2019exercici compartit d\u2019enraonar, altrament conegut com a di\u00e0leg. No en va Ramon Llull augurava taxatiu que: \u201cPensar per un mateix \u00e9s l\u2019\u00fanic projecte a la vida\u201d.<\/p>\n","protected":false},"featured_media":19152,"comment_status":"open","ping_status":"closed","template":"","meta":{"_et_pb_use_builder":"","_et_pb_old_content":"","_et_gb_content_width":""},"product_cat":[1512,6675,1510],"product_tag":[2602],"edicion":[1083],"editoriales":[1160],"tienda":[],"autor_id":[5662,6035],"universidades_coeditoras":[],"palabras_clave":[],"listado_alfabetico":[],"acf":[],"_links":{"self":[{"href":"https:\/\/wizardly-davinci.82-223-8-23.plesk.page\/en\/wp-json\/wp\/v2\/product\/19151"}],"collection":[{"href":"https:\/\/wizardly-davinci.82-223-8-23.plesk.page\/en\/wp-json\/wp\/v2\/product"}],"about":[{"href":"https:\/\/wizardly-davinci.82-223-8-23.plesk.page\/en\/wp-json\/wp\/v2\/types\/product"}],"replies":[{"embeddable":true,"href":"https:\/\/wizardly-davinci.82-223-8-23.plesk.page\/en\/wp-json\/wp\/v2\/comments?post=19151"}],"wp:featuredmedia":[{"embeddable":true,"href":"https:\/\/wizardly-davinci.82-223-8-23.plesk.page\/en\/wp-json\/wp\/v2\/media\/19152"}],"wp:attachment":[{"href":"https:\/\/wizardly-davinci.82-223-8-23.plesk.page\/en\/wp-json\/wp\/v2\/media?parent=19151"}],"wp:term":[{"taxonomy":"product_cat","embeddable":true,"href":"https:\/\/wizardly-davinci.82-223-8-23.plesk.page\/en\/wp-json\/wp\/v2\/product_cat?post=19151"},{"taxonomy":"product_tag","embeddable":true,"href":"https:\/\/wizardly-davinci.82-223-8-23.plesk.page\/en\/wp-json\/wp\/v2\/product_tag?post=19151"},{"taxonomy":"edicion","embeddable":true,"href":"https:\/\/wizardly-davinci.82-223-8-23.plesk.page\/en\/wp-json\/wp\/v2\/edicion?post=19151"},{"taxonomy":"editoriales","embeddable":true,"href":"https:\/\/wizardly-davinci.82-223-8-23.plesk.page\/en\/wp-json\/wp\/v2\/editoriales?post=19151"},{"taxonomy":"tienda","embeddable":true,"href":"https:\/\/wizardly-davinci.82-223-8-23.plesk.page\/en\/wp-json\/wp\/v2\/tienda?post=19151"},{"taxonomy":"autor_id","embeddable":true,"href":"https:\/\/wizardly-davinci.82-223-8-23.plesk.page\/en\/wp-json\/wp\/v2\/autor_id?post=19151"},{"taxonomy":"universidades_coeditoras","embeddable":true,"href":"https:\/\/wizardly-davinci.82-223-8-23.plesk.page\/en\/wp-json\/wp\/v2\/universidades_coeditoras?post=19151"},{"taxonomy":"palabras_clave","embeddable":true,"href":"https:\/\/wizardly-davinci.82-223-8-23.plesk.page\/en\/wp-json\/wp\/v2\/palabras_clave?post=19151"},{"taxonomy":"listado_alfabetico","embeddable":true,"href":"https:\/\/wizardly-davinci.82-223-8-23.plesk.page\/en\/wp-json\/wp\/v2\/listado_alfabetico?post=19151"}],"curies":[{"name":"wp","href":"https:\/\/api.w.org\/{rel}","templated":true}]}}