{"id":19153,"date":"2019-04-09T23:01:05","date_gmt":"2019-04-09T23:01:05","guid":{"rendered":"https:\/\/octaedro.com\/producto\/recursos-energetics-i-crisi\/"},"modified":"2023-04-25T12:52:59","modified_gmt":"2023-04-25T10:52:59","slug":"recursos-energetics-i-crisi","status":"publish","type":"product","link":"https:\/\/wizardly-davinci.82-223-8-23.plesk.page\/en\/producto\/recursos-energetics-i-crisi\/","title":{"rendered":"Recursos energ\u00e8tics i crisi"},"content":{"rendered":"<p>Els recursos de la natura s\u00f3n finits, especialment les energies no renovables, un fet que no sembla que tinguin en compte molts dels responsables pol\u00edtics i empresarials. L\u2019autor es pregunta si ser\u00e0 possible mantenir el sistema de desenvolupament industrial iniciat ara fa 200 anys, amb l\u2019explotaci\u00f3 del carb\u00f3 i, m\u00e9s tard, del petroli, del gas natural i de l\u2019urani.<br \/>\nAquesta an\u00e0lisi es basa en dades de les grans ag\u00e8ncies de l\u2019energia (l\u2019Energy Information Administration, EIA, del Govern dels Estats Units, i l\u2019Ag\u00e8ncia Internacional de l\u2019Energia, IEA-AIE, de l\u2019OCDE), com tamb\u00e9 en altres fonts estad\u00edstiques reconegudes a escala internacional, convenientment contrastades i reelaborades.<br \/>\nEls resultats contradiuen moltes argumentacions oficials. Mostren que la crisi energ\u00e8tica ser\u00e0 profunda i que es manifestar\u00e0 ja en la d\u00e8cada actual: els recursos no s\u2019acabaran immediatament, per\u00f2 l\u2019escassetat de l\u2019oferta davant de l\u2019augment de la demanda q\u00fcestionar\u00e0 el paradigma del creixement continu. Se suggereix que la crisi financera n\u2019ha estat un preludi.<br \/>\nLa reducci\u00f3 energ\u00e8tica comen\u00e7ar\u00e0 amb el petroli, fet que comportar\u00e0 la crisi del transport, el fre de les produccions globalitzades i, en darrera inst\u00e0ncia, la crisi aliment\u00e0ria (tamb\u00e9 als pa\u00efsos desenvolupats!). El canvi clim\u00e0tic imparable segons les tend\u00e8ncies analitzades ser\u00e0 una dificultat afegida a les readaptacions necess\u00e0ries.<br \/>\nQuin paper podria fer Europa en el futur, amb els recursos energ\u00e8tics ja exhaurits?<\/p>\n","protected":false},"excerpt":{"rendered":"<p>Els recursos de la natura s\u00f3n finits, especialment les energies no renovables, un fet que no sembla que tinguin en compte molts dels responsables pol\u00edtics i empresarials. L\u2019autor es pregunta si ser\u00e0 possible mantenir el sistema de desenvolupament industrial iniciat ara fa 200 anys, amb l\u2019explotaci\u00f3 del carb\u00f3 i, m\u00e9s tard, del petroli, del gas natural i de l\u2019urani.<br \/>\nAquesta an\u00e0lisi es basa en dades de les grans ag\u00e8ncies de l\u2019energia (l\u2019Energy Information Administration, EIA, del Govern dels Estats Units, i l\u2019Ag\u00e8ncia Internacional de l\u2019Energia, IEA-AIE, de l\u2019OCDE), com tamb\u00e9 en altres fonts estad\u00edstiques reconegudes a escala internacional, convenientment contrastades i reelaborades.<br \/>\nEls resultats contradiuen moltes argumentacions oficials. Mostren que la crisi energ\u00e8tica ser\u00e0 profunda i que es manifestar\u00e0 ja en la d\u00e8cada actual: els recursos no s\u2019acabaran immediatament, per\u00f2 l\u2019escassetat de l\u2019oferta davant de l\u2019augment de la demanda q\u00fcestionar\u00e0 el paradigma del creixement continu. Se suggereix que la crisi financera n\u2019ha estat un preludi.<br \/>\nLa reducci\u00f3 energ\u00e8tica comen\u00e7ar\u00e0 amb el petroli, fet que comportar\u00e0 la crisi del transport, el fre de les produccions globalitzades i, en darrera inst\u00e0ncia, la crisi aliment\u00e0ria (tamb\u00e9 als pa\u00efsos desenvolupats!). El canvi clim\u00e0tic imparable segons les tend\u00e8ncies analitzades ser\u00e0 una dificultat afegida a les readaptacions necess\u00e0ries.<br \/>\nQuin paper podria fer Europa en el futur, amb els recursos energ\u00e8tics ja exhaurits?<\/p>\n","protected":false},"featured_media":19154,"comment_status":"open","ping_status":"closed","template":"","meta":{"_et_pb_use_builder":"","_et_pb_old_content":"","_et_gb_content_width":""},"product_cat":[1512,6675,1510],"product_tag":[2602],"edicion":[1083],"editoriales":[1160],"tienda":[],"autor_id":[6236],"universidades_coeditoras":[7234],"palabras_clave":[],"listado_alfabetico":[],"acf":[],"_links":{"self":[{"href":"https:\/\/wizardly-davinci.82-223-8-23.plesk.page\/en\/wp-json\/wp\/v2\/product\/19153"}],"collection":[{"href":"https:\/\/wizardly-davinci.82-223-8-23.plesk.page\/en\/wp-json\/wp\/v2\/product"}],"about":[{"href":"https:\/\/wizardly-davinci.82-223-8-23.plesk.page\/en\/wp-json\/wp\/v2\/types\/product"}],"replies":[{"embeddable":true,"href":"https:\/\/wizardly-davinci.82-223-8-23.plesk.page\/en\/wp-json\/wp\/v2\/comments?post=19153"}],"wp:featuredmedia":[{"embeddable":true,"href":"https:\/\/wizardly-davinci.82-223-8-23.plesk.page\/en\/wp-json\/wp\/v2\/media\/19154"}],"wp:attachment":[{"href":"https:\/\/wizardly-davinci.82-223-8-23.plesk.page\/en\/wp-json\/wp\/v2\/media?parent=19153"}],"wp:term":[{"taxonomy":"product_cat","embeddable":true,"href":"https:\/\/wizardly-davinci.82-223-8-23.plesk.page\/en\/wp-json\/wp\/v2\/product_cat?post=19153"},{"taxonomy":"product_tag","embeddable":true,"href":"https:\/\/wizardly-davinci.82-223-8-23.plesk.page\/en\/wp-json\/wp\/v2\/product_tag?post=19153"},{"taxonomy":"edicion","embeddable":true,"href":"https:\/\/wizardly-davinci.82-223-8-23.plesk.page\/en\/wp-json\/wp\/v2\/edicion?post=19153"},{"taxonomy":"editoriales","embeddable":true,"href":"https:\/\/wizardly-davinci.82-223-8-23.plesk.page\/en\/wp-json\/wp\/v2\/editoriales?post=19153"},{"taxonomy":"tienda","embeddable":true,"href":"https:\/\/wizardly-davinci.82-223-8-23.plesk.page\/en\/wp-json\/wp\/v2\/tienda?post=19153"},{"taxonomy":"autor_id","embeddable":true,"href":"https:\/\/wizardly-davinci.82-223-8-23.plesk.page\/en\/wp-json\/wp\/v2\/autor_id?post=19153"},{"taxonomy":"universidades_coeditoras","embeddable":true,"href":"https:\/\/wizardly-davinci.82-223-8-23.plesk.page\/en\/wp-json\/wp\/v2\/universidades_coeditoras?post=19153"},{"taxonomy":"palabras_clave","embeddable":true,"href":"https:\/\/wizardly-davinci.82-223-8-23.plesk.page\/en\/wp-json\/wp\/v2\/palabras_clave?post=19153"},{"taxonomy":"listado_alfabetico","embeddable":true,"href":"https:\/\/wizardly-davinci.82-223-8-23.plesk.page\/en\/wp-json\/wp\/v2\/listado_alfabetico?post=19153"}],"curies":[{"name":"wp","href":"https:\/\/api.w.org\/{rel}","templated":true}]}}