{"id":19157,"date":"2012-05-09T23:01:05","date_gmt":"2012-05-09T23:01:05","guid":{"rendered":"https:\/\/octaedro.com\/producto\/com-elaborar-un-portafolis-per-millorar-la-docencia-universitaria\/"},"modified":"2023-04-25T12:53:06","modified_gmt":"2023-04-25T10:53:06","slug":"com-elaborar-un-portafolis-per-millorar-la-docencia-universitaria","status":"publish","type":"product","link":"https:\/\/wizardly-davinci.82-223-8-23.plesk.page\/en\/producto\/com-elaborar-un-portafolis-per-millorar-la-docencia-universitaria\/","title":{"rendered":"Com elaborar un portafoli per millorar la doc\u00e8ncia universit\u00e0ria"},"content":{"rendered":"<p>Aquest quadern tracta el portafolis docent com a instrument que permet al professorat construir un coneixement de la seva pr\u00e0ctica educativa. El concepte de portafolis docent s&#8217;ha desenvolupat \u00e0mpliament en el camp del coneixement de la formaci\u00f3 i avaluaci\u00f3 del professorat. Aquest concepte s&#8217;ha emprat amb m\u00e9s freq\u00fc\u00e8ncia amb la finalitat d&#8217;acreditaci\u00f3 i en les etapes no \u00fanicament universit\u00e0ries, sin\u00f3 tamb\u00e9, tot i que en menor grau, de l&#8217;escola prim\u00e0ria i secund\u00e0ria.<br \/>\nEn aquest treball, el concepte de portafolis docent s&#8217;aplica no \u00fanicament a l&#8217;acreditaci\u00f3 o avaluaci\u00f3 del professorat, sin\u00f3, sobretot, a la seva formaci\u00f3 i desenvolupament professional.<\/p>\n","protected":false},"excerpt":{"rendered":"<p>Aquest quadern tracta el portafolis docent com a instrument que permet al professorat construir un coneixement de la seva pr\u00e0ctica educativa. El concepte de portafolis docent s&#8217;ha desenvolupat \u00e0mpliament en el camp del coneixement de la formaci\u00f3 i avaluaci\u00f3 del professorat. Aquest concepte s&#8217;ha emprat amb m\u00e9s freq\u00fc\u00e8ncia amb la finalitat d&#8217;acreditaci\u00f3 i en les etapes no \u00fanicament universit\u00e0ries, sin\u00f3 tamb\u00e9, tot i que en menor grau, de l&#8217;escola prim\u00e0ria i secund\u00e0ria.<br \/>\nEn aquest treball, el concepte de portafolis docent s&#8217;aplica no \u00fanicament a l&#8217;acreditaci\u00f3 o avaluaci\u00f3 del professorat, sin\u00f3, sobretot, a la seva formaci\u00f3 i desenvolupament professional.<\/p>\n","protected":false},"featured_media":19158,"comment_status":"open","ping_status":"closed","template":"","meta":{"_et_pb_use_builder":"","_et_pb_old_content":"","_et_gb_content_width":""},"product_cat":[6942,2873,6936,6673],"product_tag":[7559],"edicion":[1084],"editoriales":[1160],"tienda":[],"autor_id":[5184],"universidades_coeditoras":[],"palabras_clave":[],"listado_alfabetico":[],"acf":[],"_links":{"self":[{"href":"https:\/\/wizardly-davinci.82-223-8-23.plesk.page\/en\/wp-json\/wp\/v2\/product\/19157"}],"collection":[{"href":"https:\/\/wizardly-davinci.82-223-8-23.plesk.page\/en\/wp-json\/wp\/v2\/product"}],"about":[{"href":"https:\/\/wizardly-davinci.82-223-8-23.plesk.page\/en\/wp-json\/wp\/v2\/types\/product"}],"replies":[{"embeddable":true,"href":"https:\/\/wizardly-davinci.82-223-8-23.plesk.page\/en\/wp-json\/wp\/v2\/comments?post=19157"}],"wp:featuredmedia":[{"embeddable":true,"href":"https:\/\/wizardly-davinci.82-223-8-23.plesk.page\/en\/wp-json\/wp\/v2\/media\/19158"}],"wp:attachment":[{"href":"https:\/\/wizardly-davinci.82-223-8-23.plesk.page\/en\/wp-json\/wp\/v2\/media?parent=19157"}],"wp:term":[{"taxonomy":"product_cat","embeddable":true,"href":"https:\/\/wizardly-davinci.82-223-8-23.plesk.page\/en\/wp-json\/wp\/v2\/product_cat?post=19157"},{"taxonomy":"product_tag","embeddable":true,"href":"https:\/\/wizardly-davinci.82-223-8-23.plesk.page\/en\/wp-json\/wp\/v2\/product_tag?post=19157"},{"taxonomy":"edicion","embeddable":true,"href":"https:\/\/wizardly-davinci.82-223-8-23.plesk.page\/en\/wp-json\/wp\/v2\/edicion?post=19157"},{"taxonomy":"editoriales","embeddable":true,"href":"https:\/\/wizardly-davinci.82-223-8-23.plesk.page\/en\/wp-json\/wp\/v2\/editoriales?post=19157"},{"taxonomy":"tienda","embeddable":true,"href":"https:\/\/wizardly-davinci.82-223-8-23.plesk.page\/en\/wp-json\/wp\/v2\/tienda?post=19157"},{"taxonomy":"autor_id","embeddable":true,"href":"https:\/\/wizardly-davinci.82-223-8-23.plesk.page\/en\/wp-json\/wp\/v2\/autor_id?post=19157"},{"taxonomy":"universidades_coeditoras","embeddable":true,"href":"https:\/\/wizardly-davinci.82-223-8-23.plesk.page\/en\/wp-json\/wp\/v2\/universidades_coeditoras?post=19157"},{"taxonomy":"palabras_clave","embeddable":true,"href":"https:\/\/wizardly-davinci.82-223-8-23.plesk.page\/en\/wp-json\/wp\/v2\/palabras_clave?post=19157"},{"taxonomy":"listado_alfabetico","embeddable":true,"href":"https:\/\/wizardly-davinci.82-223-8-23.plesk.page\/en\/wp-json\/wp\/v2\/listado_alfabetico?post=19157"}],"curies":[{"name":"wp","href":"https:\/\/api.w.org\/{rel}","templated":true}]}}