{"id":19159,"date":"2012-09-10T23:01:05","date_gmt":"2012-09-10T23:01:05","guid":{"rendered":"https:\/\/octaedro.com\/producto\/la-formacio-del-professorat-novell-a-la-universitat-de-barcelona\/"},"modified":"2023-04-25T12:53:13","modified_gmt":"2023-04-25T10:53:13","slug":"la-formacio-del-professorat-novell-a-la-universitat-de-barcelona","status":"publish","type":"product","link":"https:\/\/wizardly-davinci.82-223-8-23.plesk.page\/en\/producto\/la-formacio-del-professorat-novell-a-la-universitat-de-barcelona\/","title":{"rendered":"La formaci\u00f3 del professorat novell a la UB"},"content":{"rendered":"<p>This document consists of two parts. The first section presents the training program for novice faculty teachers al the University of Barcelona: its origins and history, and the structure and contents of current Master in teaching training for novice faculty teachers. The second part describes the structure and content of teaching training programs for novice faculty teachers of thirty-one Spanish universities.<\/p>\n","protected":false},"excerpt":{"rendered":"<p>Aquest document consta de dues parts. En la primera part es presenta el programa de formaci\u00f3 de professorat novell de la Universitat de Barcelona: els seus or\u00edgens i antecedents, i l&#8217;estructura i els continguts formatius de l&#8217;actual M\u00e0ster en Doc\u00e8ncia Universit\u00e0ria per a professorat novell. La segona part recull l&#8217;estructura i els continguts formatius dels programes de formaci\u00f3 per a professorat novell de trenta-una universitats de l&#8217;Estat espanyol.<\/p>\n","protected":false},"featured_media":19160,"comment_status":"open","ping_status":"closed","template":"","meta":{"_et_pb_use_builder":"","_et_pb_old_content":"","_et_gb_content_width":""},"product_cat":[6942,2873,6936,6673],"product_tag":[7559],"edicion":[1084],"editoriales":[1160],"tienda":[],"autor_id":[5031,5252,5397,5661,5622,5936,5948,6106,6380],"universidades_coeditoras":[],"palabras_clave":[],"listado_alfabetico":[],"acf":[],"_links":{"self":[{"href":"https:\/\/wizardly-davinci.82-223-8-23.plesk.page\/en\/wp-json\/wp\/v2\/product\/19159"}],"collection":[{"href":"https:\/\/wizardly-davinci.82-223-8-23.plesk.page\/en\/wp-json\/wp\/v2\/product"}],"about":[{"href":"https:\/\/wizardly-davinci.82-223-8-23.plesk.page\/en\/wp-json\/wp\/v2\/types\/product"}],"replies":[{"embeddable":true,"href":"https:\/\/wizardly-davinci.82-223-8-23.plesk.page\/en\/wp-json\/wp\/v2\/comments?post=19159"}],"wp:featuredmedia":[{"embeddable":true,"href":"https:\/\/wizardly-davinci.82-223-8-23.plesk.page\/en\/wp-json\/wp\/v2\/media\/19160"}],"wp:attachment":[{"href":"https:\/\/wizardly-davinci.82-223-8-23.plesk.page\/en\/wp-json\/wp\/v2\/media?parent=19159"}],"wp:term":[{"taxonomy":"product_cat","embeddable":true,"href":"https:\/\/wizardly-davinci.82-223-8-23.plesk.page\/en\/wp-json\/wp\/v2\/product_cat?post=19159"},{"taxonomy":"product_tag","embeddable":true,"href":"https:\/\/wizardly-davinci.82-223-8-23.plesk.page\/en\/wp-json\/wp\/v2\/product_tag?post=19159"},{"taxonomy":"edicion","embeddable":true,"href":"https:\/\/wizardly-davinci.82-223-8-23.plesk.page\/en\/wp-json\/wp\/v2\/edicion?post=19159"},{"taxonomy":"editoriales","embeddable":true,"href":"https:\/\/wizardly-davinci.82-223-8-23.plesk.page\/en\/wp-json\/wp\/v2\/editoriales?post=19159"},{"taxonomy":"tienda","embeddable":true,"href":"https:\/\/wizardly-davinci.82-223-8-23.plesk.page\/en\/wp-json\/wp\/v2\/tienda?post=19159"},{"taxonomy":"autor_id","embeddable":true,"href":"https:\/\/wizardly-davinci.82-223-8-23.plesk.page\/en\/wp-json\/wp\/v2\/autor_id?post=19159"},{"taxonomy":"universidades_coeditoras","embeddable":true,"href":"https:\/\/wizardly-davinci.82-223-8-23.plesk.page\/en\/wp-json\/wp\/v2\/universidades_coeditoras?post=19159"},{"taxonomy":"palabras_clave","embeddable":true,"href":"https:\/\/wizardly-davinci.82-223-8-23.plesk.page\/en\/wp-json\/wp\/v2\/palabras_clave?post=19159"},{"taxonomy":"listado_alfabetico","embeddable":true,"href":"https:\/\/wizardly-davinci.82-223-8-23.plesk.page\/en\/wp-json\/wp\/v2\/listado_alfabetico?post=19159"}],"curies":[{"name":"wp","href":"https:\/\/api.w.org\/{rel}","templated":true}]}}