{"id":19210,"date":"2019-04-09T23:01:17","date_gmt":"2019-04-09T23:01:17","guid":{"rendered":"https:\/\/octaedro.com\/producto\/com-sabem-cap-on-hem-danar\/"},"modified":"2023-04-25T13:21:35","modified_gmt":"2023-04-25T11:21:35","slug":"com-sabem-cap-on-hem-danar","status":"publish","type":"product","link":"https:\/\/wizardly-davinci.82-223-8-23.plesk.page\/en\/producto\/com-sabem-cap-on-hem-danar\/","title":{"rendered":"Com sabem cap on hem d&#8217;anar?"},"content":{"rendered":"<p><strong><em>Com sabem cap on hem d\u2019anar?<\/em><\/strong> forma part de la s\u00e8rie <strong>La Joanina i els seus amics<\/strong> de la col\u00b7lecci\u00f3 <strong>Contes per pensar<\/strong>, que inclou llibres per aprendre a pensar, entendre el m\u00f3n i conviure.<\/p>\n<p>     Aquesta s\u00e8rie, adre\u00e7ada a nens i nenes de 3 a 5 anys, reuneix hist\u00f2ries de la marieta Joanina, la qual, com les nenes i els nens petits, busca el sentit del m\u00f3n mentre procura entendre\u2019s a si mateixa. En les diverses hist\u00f2ries, es troba amb amics amb qui dialoga sobre aquestes q\u00fcestions. En aquest conte xerra amb la papallona Maripepa, a qui pregunta com saben les seves cosines que volen pel cel cap on han d\u2019anar.<\/p>\n<p>    Al final del llibre s\u2019inclou un apartat adre\u00e7at als adults que proposa activitats i reflexions per tractar alguns dels temes plantejats en el conte.<\/p>\n<p>      Podeu descarregar la <strong>guia amb activitats<\/strong> en PDF des de l&#8217;espai Material complementari a la columna de l&#8217;esquerra, o fent clic <a href=&quot;https:\/\/goo.gl\/G5Cxkr&quot;><strong>aqu\u00ed<\/strong><\/a>.<\/p>\n","protected":false},"excerpt":{"rendered":"<p><strong><em>Com sabem cap on hem d\u2019anar?<\/em><\/strong> forma part de la s\u00e8rie <strong>La Joanina i els seus amics<\/strong> de la col\u00b7lecci\u00f3 <strong>Contes per pensar<\/strong>, que inclou llibres per aprendre a pensar, entendre el m\u00f3n i conviure.<\/p>\n<p>     Aquesta s\u00e8rie, adre\u00e7ada a nens i nenes de 3 a 5 anys, reuneix hist\u00f2ries de la marieta Joanina, la qual, com les nenes i els nens petits, busca el sentit del m\u00f3n mentre procura entendre\u2019s a si mateixa. En les diverses hist\u00f2ries, es troba amb amics amb qui dialoga sobre aquestes q\u00fcestions. En aquest conte xerra amb la papallona Maripepa, a qui pregunta com saben les seves cosines que volen pel cel cap on han d\u2019anar.<\/p>\n<p>    Al final del llibre s\u2019inclou un apartat adre\u00e7at als adults que proposa activitats i reflexions per tractar alguns dels temes plantejats en el conte.<\/p>\n<p>      Podeu descarregar la <strong>guia amb activitats<\/strong> en PDF des de l&#8217;espai Material complementari a la columna de l&#8217;esquerra, o fent clic <a href=&quot;https:\/\/goo.gl\/G5Cxkr&quot;><strong>aqu\u00ed<\/strong><\/a>.<\/p>\n","protected":false},"featured_media":19211,"comment_status":"open","ping_status":"closed","template":"","meta":{"_et_pb_use_builder":"","_et_pb_old_content":"","_et_gb_content_width":""},"product_cat":[6675,7649,1510],"product_tag":[],"edicion":[],"editoriales":[1160],"tienda":[],"autor_id":[6224,6468],"universidades_coeditoras":[],"palabras_clave":[],"listado_alfabetico":[],"acf":[],"_links":{"self":[{"href":"https:\/\/wizardly-davinci.82-223-8-23.plesk.page\/en\/wp-json\/wp\/v2\/product\/19210"}],"collection":[{"href":"https:\/\/wizardly-davinci.82-223-8-23.plesk.page\/en\/wp-json\/wp\/v2\/product"}],"about":[{"href":"https:\/\/wizardly-davinci.82-223-8-23.plesk.page\/en\/wp-json\/wp\/v2\/types\/product"}],"replies":[{"embeddable":true,"href":"https:\/\/wizardly-davinci.82-223-8-23.plesk.page\/en\/wp-json\/wp\/v2\/comments?post=19210"}],"wp:featuredmedia":[{"embeddable":true,"href":"https:\/\/wizardly-davinci.82-223-8-23.plesk.page\/en\/wp-json\/wp\/v2\/media\/19211"}],"wp:attachment":[{"href":"https:\/\/wizardly-davinci.82-223-8-23.plesk.page\/en\/wp-json\/wp\/v2\/media?parent=19210"}],"wp:term":[{"taxonomy":"product_cat","embeddable":true,"href":"https:\/\/wizardly-davinci.82-223-8-23.plesk.page\/en\/wp-json\/wp\/v2\/product_cat?post=19210"},{"taxonomy":"product_tag","embeddable":true,"href":"https:\/\/wizardly-davinci.82-223-8-23.plesk.page\/en\/wp-json\/wp\/v2\/product_tag?post=19210"},{"taxonomy":"edicion","embeddable":true,"href":"https:\/\/wizardly-davinci.82-223-8-23.plesk.page\/en\/wp-json\/wp\/v2\/edicion?post=19210"},{"taxonomy":"editoriales","embeddable":true,"href":"https:\/\/wizardly-davinci.82-223-8-23.plesk.page\/en\/wp-json\/wp\/v2\/editoriales?post=19210"},{"taxonomy":"tienda","embeddable":true,"href":"https:\/\/wizardly-davinci.82-223-8-23.plesk.page\/en\/wp-json\/wp\/v2\/tienda?post=19210"},{"taxonomy":"autor_id","embeddable":true,"href":"https:\/\/wizardly-davinci.82-223-8-23.plesk.page\/en\/wp-json\/wp\/v2\/autor_id?post=19210"},{"taxonomy":"universidades_coeditoras","embeddable":true,"href":"https:\/\/wizardly-davinci.82-223-8-23.plesk.page\/en\/wp-json\/wp\/v2\/universidades_coeditoras?post=19210"},{"taxonomy":"palabras_clave","embeddable":true,"href":"https:\/\/wizardly-davinci.82-223-8-23.plesk.page\/en\/wp-json\/wp\/v2\/palabras_clave?post=19210"},{"taxonomy":"listado_alfabetico","embeddable":true,"href":"https:\/\/wizardly-davinci.82-223-8-23.plesk.page\/en\/wp-json\/wp\/v2\/listado_alfabetico?post=19210"}],"curies":[{"name":"wp","href":"https:\/\/api.w.org\/{rel}","templated":true}]}}