{"id":19216,"date":"2019-04-09T23:01:18","date_gmt":"2019-04-09T23:01:18","guid":{"rendered":"https:\/\/octaedro.com\/producto\/el-jardi-de-la-joanina\/"},"modified":"2023-04-25T13:21:48","modified_gmt":"2023-04-25T11:21:48","slug":"el-jardi-de-la-joanina","status":"publish","type":"product","link":"https:\/\/wizardly-davinci.82-223-8-23.plesk.page\/en\/producto\/el-jardi-de-la-joanina\/","title":{"rendered":"El jard\u00ed de la Joanina"},"content":{"rendered":"<p><strong> <emEl jard\u00ed de la Joanina<\/em><\/strong> \u00e9s un conte de la s\u00e8rie <strong>La Joanina i els seus amics<\/strong>, que s\u2019inclou dins de la col\u00b7lecci\u00f3 <strong>Contes per pensar<\/strong>, que forma part de la l\u00ednia educativa Filosofia per a Nens. Aquest projecte uneix la literatura infantil a la finalitat de desenvolupar la capacitat de pensar dels nens i les nenes. Aix\u00ed mateix, el conte forma part del moviment Filosofia L\u00fadica, que proposa jugar a pensar i pensar jugant.<\/p>\n<p>    Durant els anys 2016 i 2017 s\u2019ha dut a terme un projecte pilot en diverses escoles i organitzacions relacionades amb la inf\u00e0ncia de diversos pa\u00efsos, en qu\u00e8 nens i nenes de 3 a 11 anys han estat pensant, imaginant, creant, cuidant i utilitzant jardins en els seus entorns, de la m\u00e0 de persones adultes que els acompanyen en aquesta aventura. Durant aquest proc\u00e9s, va sorgir la necessitat d\u2019un conte que pogu\u00e9s convidar m\u00e9s nens i nenes a compartir el desig d\u2019iniciar-se en aquesta experi\u00e8ncia. I \u00e9s aix\u00ed com sorgeix aquest conte, que nom\u00e9s \u00e9s un element m\u00e9s en un gran moviment d\u2019\u00e8tica i est\u00e8tica ambiental que ja es va encetar arran del lideratge de la inf\u00e0ncia.<\/p>\n<p>    Al final del llibre s\u2019hi inclou un apartat amb orientacions per abordar algunes de les q\u00fcestions plantejades en el conte i per sumar-se al projecte de crear jardins arreu del planeta.  <\/p>\n","protected":false},"excerpt":{"rendered":"<p><strong> <emEl jard\u00ed de la Joanina<\/em><\/strong> \u00e9s un conte de la s\u00e8rie <strong>La Joanina i els seus amics<\/strong>, que s\u2019inclou dins de la col\u00b7lecci\u00f3 <strong>Contes per pensar<\/strong>, que forma part de la l\u00ednia educativa Filosofia per a Nens. Aquest projecte uneix la literatura infantil a la finalitat de desenvolupar la capacitat de pensar dels nens i les nenes. Aix\u00ed mateix, el conte forma part del moviment Filosofia L\u00fadica, que proposa jugar a pensar i pensar jugant.<\/p>\n<p>    Durant els anys 2016 i 2017 s\u2019ha dut a terme un projecte pilot en diverses escoles i organitzacions relacionades amb la inf\u00e0ncia de diversos pa\u00efsos, en qu\u00e8 nens i nenes de 3 a 11 anys han estat pensant, imaginant, creant, cuidant i utilitzant jardins en els seus entorns, de la m\u00e0 de persones adultes que els acompanyen en aquesta aventura. Durant aquest proc\u00e9s, va sorgir la necessitat d\u2019un conte que pogu\u00e9s convidar m\u00e9s nens i nenes a compartir el desig d\u2019iniciar-se en aquesta experi\u00e8ncia. I \u00e9s aix\u00ed com sorgeix aquest conte, que nom\u00e9s \u00e9s un element m\u00e9s en un gran moviment d\u2019\u00e8tica i est\u00e8tica ambiental que ja es va encetar arran del lideratge de la inf\u00e0ncia.<\/p>\n<p>    Al final del llibre s\u2019hi inclou un apartat amb orientacions per abordar algunes de les q\u00fcestions plantejades en el conte i per sumar-se al projecte de crear jardins arreu del planeta.  <\/p>\n","protected":false},"featured_media":19217,"comment_status":"open","ping_status":"closed","template":"","meta":{"_et_pb_use_builder":"","_et_pb_old_content":"","_et_gb_content_width":""},"product_cat":[6675,7649,1510],"product_tag":[],"edicion":[],"editoriales":[1160],"tienda":[],"autor_id":[5620,6468],"universidades_coeditoras":[],"palabras_clave":[],"listado_alfabetico":[],"acf":[],"_links":{"self":[{"href":"https:\/\/wizardly-davinci.82-223-8-23.plesk.page\/en\/wp-json\/wp\/v2\/product\/19216"}],"collection":[{"href":"https:\/\/wizardly-davinci.82-223-8-23.plesk.page\/en\/wp-json\/wp\/v2\/product"}],"about":[{"href":"https:\/\/wizardly-davinci.82-223-8-23.plesk.page\/en\/wp-json\/wp\/v2\/types\/product"}],"replies":[{"embeddable":true,"href":"https:\/\/wizardly-davinci.82-223-8-23.plesk.page\/en\/wp-json\/wp\/v2\/comments?post=19216"}],"wp:featuredmedia":[{"embeddable":true,"href":"https:\/\/wizardly-davinci.82-223-8-23.plesk.page\/en\/wp-json\/wp\/v2\/media\/19217"}],"wp:attachment":[{"href":"https:\/\/wizardly-davinci.82-223-8-23.plesk.page\/en\/wp-json\/wp\/v2\/media?parent=19216"}],"wp:term":[{"taxonomy":"product_cat","embeddable":true,"href":"https:\/\/wizardly-davinci.82-223-8-23.plesk.page\/en\/wp-json\/wp\/v2\/product_cat?post=19216"},{"taxonomy":"product_tag","embeddable":true,"href":"https:\/\/wizardly-davinci.82-223-8-23.plesk.page\/en\/wp-json\/wp\/v2\/product_tag?post=19216"},{"taxonomy":"edicion","embeddable":true,"href":"https:\/\/wizardly-davinci.82-223-8-23.plesk.page\/en\/wp-json\/wp\/v2\/edicion?post=19216"},{"taxonomy":"editoriales","embeddable":true,"href":"https:\/\/wizardly-davinci.82-223-8-23.plesk.page\/en\/wp-json\/wp\/v2\/editoriales?post=19216"},{"taxonomy":"tienda","embeddable":true,"href":"https:\/\/wizardly-davinci.82-223-8-23.plesk.page\/en\/wp-json\/wp\/v2\/tienda?post=19216"},{"taxonomy":"autor_id","embeddable":true,"href":"https:\/\/wizardly-davinci.82-223-8-23.plesk.page\/en\/wp-json\/wp\/v2\/autor_id?post=19216"},{"taxonomy":"universidades_coeditoras","embeddable":true,"href":"https:\/\/wizardly-davinci.82-223-8-23.plesk.page\/en\/wp-json\/wp\/v2\/universidades_coeditoras?post=19216"},{"taxonomy":"palabras_clave","embeddable":true,"href":"https:\/\/wizardly-davinci.82-223-8-23.plesk.page\/en\/wp-json\/wp\/v2\/palabras_clave?post=19216"},{"taxonomy":"listado_alfabetico","embeddable":true,"href":"https:\/\/wizardly-davinci.82-223-8-23.plesk.page\/en\/wp-json\/wp\/v2\/listado_alfabetico?post=19216"}],"curies":[{"name":"wp","href":"https:\/\/api.w.org\/{rel}","templated":true}]}}