{"id":19220,"date":"2012-03-01T13:12:19","date_gmt":"2012-03-01T13:12:19","guid":{"rendered":"https:\/\/octaedro.com\/producto\/vull-larrel\/"},"modified":"2023-04-25T13:21:57","modified_gmt":"2023-04-25T11:21:57","slug":"vull-larrel","status":"publish","type":"product","link":"https:\/\/wizardly-davinci.82-223-8-23.plesk.page\/en\/producto\/vull-larrel\/","title":{"rendered":"Vull l&#8217;arrel!"},"content":{"rendered":"<p><strong><em>Vull l\u2019arrel!<\/em><\/strong> forma part de la s\u00e8rie <strong>Sense nom<\/strong>, de la col\u00b7lecci\u00f3 <strong>Contes per pensar<\/strong>, que inclou llibres per aprendre a pensar, entendre el m\u00f3n i conviure.<\/p>\n<p>Aquesta s\u00e8rie, adre\u00e7ada a nens i nenes de 3 a 5 anys, reuneix hist\u00f2ries d\u2019un nen que comen\u00e7a a adonar-se de diverses coses relacionades amb si mateix i amb el seu entorn. Les hist\u00f2ries reflecteixen el di\u00e0leg interior d\u2019aquest nen sense nom, cosa que permetr\u00e0 plantejar-nos amb les nenes i els nens petits algunes q\u00fcestions fonamentals. Al final del conte s\u2019inclou un apartat adre\u00e7at als adults que proposa activitats i reflexions per tractar aquestes q\u00fcestions en profunditat.<\/p>\n<p>Aquest conte s\u2019inicia amb un experiment molt cl\u00e0ssic: el proc\u00e9s de germinaci\u00f3 d\u2019un llegum. A partir d\u2019aqu\u00ed, el personatge comen\u00e7a a preguntar-se per l\u2019arrel de les coses. Es planteja, en realitat, un important tema filos\u00f2fic.<\/p>\n","protected":false},"excerpt":{"rendered":"<p><strong><em>Vull l\u2019arrel!<\/em><\/strong> forma part de la s\u00e8rie <strong>Sense nom<\/strong>, de la col\u00b7lecci\u00f3 <strong>Contes per pensar<\/strong>, que inclou llibres per aprendre a pensar, entendre el m\u00f3n i conviure.<\/p>\n<p>Aquesta s\u00e8rie, adre\u00e7ada a nens i nenes de 3 a 5 anys, reuneix hist\u00f2ries d\u2019un nen que comen\u00e7a a adonar-se de diverses coses relacionades amb si mateix i amb el seu entorn. Les hist\u00f2ries reflecteixen el di\u00e0leg interior d\u2019aquest nen sense nom, cosa que permetr\u00e0 plantejar-nos amb les nenes i els nens petits algunes q\u00fcestions fonamentals. Al final del conte s\u2019inclou un apartat adre\u00e7at als adults que proposa activitats i reflexions per tractar aquestes q\u00fcestions en profunditat.<\/p>\n<p>Aquest conte s\u2019inicia amb un experiment molt cl\u00e0ssic: el proc\u00e9s de germinaci\u00f3 d\u2019un llegum. A partir d\u2019aqu\u00ed, el personatge comen\u00e7a a preguntar-se per l\u2019arrel de les coses. Es planteja, en realitat, un important tema filos\u00f2fic.<\/p>\n","protected":false},"featured_media":19221,"comment_status":"open","ping_status":"closed","template":"","meta":{"_et_pb_use_builder":"","_et_pb_old_content":"","_et_gb_content_width":""},"product_cat":[1512,6675,7649,1510],"product_tag":[2602],"edicion":[1083],"editoriales":[1160],"tienda":[],"autor_id":[6224,6468],"universidades_coeditoras":[],"palabras_clave":[],"listado_alfabetico":[],"acf":[],"_links":{"self":[{"href":"https:\/\/wizardly-davinci.82-223-8-23.plesk.page\/en\/wp-json\/wp\/v2\/product\/19220"}],"collection":[{"href":"https:\/\/wizardly-davinci.82-223-8-23.plesk.page\/en\/wp-json\/wp\/v2\/product"}],"about":[{"href":"https:\/\/wizardly-davinci.82-223-8-23.plesk.page\/en\/wp-json\/wp\/v2\/types\/product"}],"replies":[{"embeddable":true,"href":"https:\/\/wizardly-davinci.82-223-8-23.plesk.page\/en\/wp-json\/wp\/v2\/comments?post=19220"}],"wp:featuredmedia":[{"embeddable":true,"href":"https:\/\/wizardly-davinci.82-223-8-23.plesk.page\/en\/wp-json\/wp\/v2\/media\/19221"}],"wp:attachment":[{"href":"https:\/\/wizardly-davinci.82-223-8-23.plesk.page\/en\/wp-json\/wp\/v2\/media?parent=19220"}],"wp:term":[{"taxonomy":"product_cat","embeddable":true,"href":"https:\/\/wizardly-davinci.82-223-8-23.plesk.page\/en\/wp-json\/wp\/v2\/product_cat?post=19220"},{"taxonomy":"product_tag","embeddable":true,"href":"https:\/\/wizardly-davinci.82-223-8-23.plesk.page\/en\/wp-json\/wp\/v2\/product_tag?post=19220"},{"taxonomy":"edicion","embeddable":true,"href":"https:\/\/wizardly-davinci.82-223-8-23.plesk.page\/en\/wp-json\/wp\/v2\/edicion?post=19220"},{"taxonomy":"editoriales","embeddable":true,"href":"https:\/\/wizardly-davinci.82-223-8-23.plesk.page\/en\/wp-json\/wp\/v2\/editoriales?post=19220"},{"taxonomy":"tienda","embeddable":true,"href":"https:\/\/wizardly-davinci.82-223-8-23.plesk.page\/en\/wp-json\/wp\/v2\/tienda?post=19220"},{"taxonomy":"autor_id","embeddable":true,"href":"https:\/\/wizardly-davinci.82-223-8-23.plesk.page\/en\/wp-json\/wp\/v2\/autor_id?post=19220"},{"taxonomy":"universidades_coeditoras","embeddable":true,"href":"https:\/\/wizardly-davinci.82-223-8-23.plesk.page\/en\/wp-json\/wp\/v2\/universidades_coeditoras?post=19220"},{"taxonomy":"palabras_clave","embeddable":true,"href":"https:\/\/wizardly-davinci.82-223-8-23.plesk.page\/en\/wp-json\/wp\/v2\/palabras_clave?post=19220"},{"taxonomy":"listado_alfabetico","embeddable":true,"href":"https:\/\/wizardly-davinci.82-223-8-23.plesk.page\/en\/wp-json\/wp\/v2\/listado_alfabetico?post=19220"}],"curies":[{"name":"wp","href":"https:\/\/api.w.org\/{rel}","templated":true}]}}