{"id":19228,"date":"2019-04-09T23:01:20","date_gmt":"2019-04-09T23:01:20","guid":{"rendered":"https:\/\/octaedro.com\/producto\/perdut\/"},"modified":"2023-04-25T13:22:18","modified_gmt":"2023-04-25T11:22:18","slug":"perdut","status":"publish","type":"product","link":"https:\/\/wizardly-davinci.82-223-8-23.plesk.page\/en\/producto\/perdut\/","title":{"rendered":"Perdut"},"content":{"rendered":"<p><em>Perdut<\/em> explica el dia en qu\u00e8 en Gabriel es va perdre en un centre comercial. La Carla el troba tremolant de por en un rac\u00f3 d\u2019un passad\u00eds. Ella es presenta com una bona persona disposada a ajudar-lo. Per\u00f2, com pot saber en Gabriel si \u00e9s veritat? Podr\u00e0 confiar en la Carla? A trav\u00e9s d\u2019un di\u00e0leg intel\u2022ligent entre els dos personatges, aquest llibre mostra als infants les precauciones que han de prendre en una situaci\u00f3 com aquesta.<\/p>\n","protected":false},"excerpt":{"rendered":"<p><em>Perdut<\/em> explica el dia en qu\u00e8 en Gabriel es va perdre en un centre comercial. La Carla el troba tremolant de por en un rac\u00f3 d\u2019un passad\u00eds. Ella es presenta com una bona persona disposada a ajudar-lo. Per\u00f2, com pot saber en Gabriel si \u00e9s veritat? Podr\u00e0 confiar en la Carla? A trav\u00e9s d\u2019un di\u00e0leg intel\u2022ligent entre els dos personatges, aquest llibre mostra als infants les precauciones que han de prendre en una situaci\u00f3 com aquesta.<\/p>\n","protected":false},"featured_media":19229,"comment_status":"open","ping_status":"closed","template":"","meta":{"_et_pb_use_builder":"","_et_pb_old_content":"","_et_gb_content_width":""},"product_cat":[6675,7649,1510],"product_tag":[],"edicion":[],"editoriales":[1160],"tienda":[],"autor_id":[5001,6137],"universidades_coeditoras":[],"palabras_clave":[],"listado_alfabetico":[],"acf":[],"_links":{"self":[{"href":"https:\/\/wizardly-davinci.82-223-8-23.plesk.page\/en\/wp-json\/wp\/v2\/product\/19228"}],"collection":[{"href":"https:\/\/wizardly-davinci.82-223-8-23.plesk.page\/en\/wp-json\/wp\/v2\/product"}],"about":[{"href":"https:\/\/wizardly-davinci.82-223-8-23.plesk.page\/en\/wp-json\/wp\/v2\/types\/product"}],"replies":[{"embeddable":true,"href":"https:\/\/wizardly-davinci.82-223-8-23.plesk.page\/en\/wp-json\/wp\/v2\/comments?post=19228"}],"wp:featuredmedia":[{"embeddable":true,"href":"https:\/\/wizardly-davinci.82-223-8-23.plesk.page\/en\/wp-json\/wp\/v2\/media\/19229"}],"wp:attachment":[{"href":"https:\/\/wizardly-davinci.82-223-8-23.plesk.page\/en\/wp-json\/wp\/v2\/media?parent=19228"}],"wp:term":[{"taxonomy":"product_cat","embeddable":true,"href":"https:\/\/wizardly-davinci.82-223-8-23.plesk.page\/en\/wp-json\/wp\/v2\/product_cat?post=19228"},{"taxonomy":"product_tag","embeddable":true,"href":"https:\/\/wizardly-davinci.82-223-8-23.plesk.page\/en\/wp-json\/wp\/v2\/product_tag?post=19228"},{"taxonomy":"edicion","embeddable":true,"href":"https:\/\/wizardly-davinci.82-223-8-23.plesk.page\/en\/wp-json\/wp\/v2\/edicion?post=19228"},{"taxonomy":"editoriales","embeddable":true,"href":"https:\/\/wizardly-davinci.82-223-8-23.plesk.page\/en\/wp-json\/wp\/v2\/editoriales?post=19228"},{"taxonomy":"tienda","embeddable":true,"href":"https:\/\/wizardly-davinci.82-223-8-23.plesk.page\/en\/wp-json\/wp\/v2\/tienda?post=19228"},{"taxonomy":"autor_id","embeddable":true,"href":"https:\/\/wizardly-davinci.82-223-8-23.plesk.page\/en\/wp-json\/wp\/v2\/autor_id?post=19228"},{"taxonomy":"universidades_coeditoras","embeddable":true,"href":"https:\/\/wizardly-davinci.82-223-8-23.plesk.page\/en\/wp-json\/wp\/v2\/universidades_coeditoras?post=19228"},{"taxonomy":"palabras_clave","embeddable":true,"href":"https:\/\/wizardly-davinci.82-223-8-23.plesk.page\/en\/wp-json\/wp\/v2\/palabras_clave?post=19228"},{"taxonomy":"listado_alfabetico","embeddable":true,"href":"https:\/\/wizardly-davinci.82-223-8-23.plesk.page\/en\/wp-json\/wp\/v2\/listado_alfabetico?post=19228"}],"curies":[{"name":"wp","href":"https:\/\/api.w.org\/{rel}","templated":true}]}}