{"id":19232,"date":"2015-10-01T14:01:20","date_gmt":"2015-10-01T14:01:20","guid":{"rendered":"https:\/\/octaedro.com\/producto\/planta-juga-i-cuina-amb-en-brots\/"},"modified":"2023-04-25T13:22:28","modified_gmt":"2023-04-25T11:22:28","slug":"planta-juga-i-cuina-amb-en-brots","status":"publish","type":"product","link":"https:\/\/wizardly-davinci.82-223-8-23.plesk.page\/en\/producto\/planta-juga-i-cuina-amb-en-brots\/","title":{"rendered":"Planta, juga i cuina amb en Brots"},"content":{"rendered":"<p>\u00c9s possible implicar els nostres fills en la seva pr\u00f2pia alimentaci\u00f3?<br \/>\n<strong>En Brots \u00e9s un genu\u00ed personatge capa\u00e7 de transmetre als m\u00e9s petits les necessitats que t\u00e9 per convertir-se en un meravell\u00f3s hortet. Amb ell prendran consci\u00e8ncia sobre el medi ambient, el menjar s\u00e0 i de qualitat i en definitiva el consum responsable.<\/strong><br \/>\nUn material educatiu amb una hist\u00f2ria interactiva i emocionant, on el nen \u00e9s el protagonista i apr\u00e8n, de la forma m\u00e9s pr\u00e0ctica i divertida, conceptes sobre la natura, la vida i l\u2019amistat.<br \/>\nPlanta, juga i cuina amb en Brots \u00e9s un nou producte de la fam\u00edlia SeedBox, la revoluci\u00f3 dels horts urbans. Els SeedBox son petites capses que contenen tot all\u00f2 necessari per introduir-se al m\u00f3n de l&#8217;autocultiu, per a totes les edats i gustos.<br \/>\nEn aquest cas, est\u00e0 <em>destinat a nens de 6 a 9 anys<\/em>, que cont\u00ednuament es pregunten d&#8217;on v\u00e9nen les coses, per qu\u00e8 existeixen i per qu\u00e8 serveixen\u2026; a nens amb una curiositat insaciable i amb m\u00e9s sensibilitat per un aprenentatge pr\u00e0ctic, que prefereixen embrutar-se i descobrir les coses per ells mateixos, i que sempre estan disposats a jugar!<br \/>\nA m\u00e9s, amb en Brots aprendran a tenir una responsabilitat, l\u2019hauran de cuidar perqu\u00e8 finalment doni els seus fruits i amb aquests poder fer unes delicioses receptes. Una primera introducci\u00f3 a la cuina ecol\u00f2gica i sana!<br \/>\nConverteix-los en experts hortolans amb en Brots!<\/p>\n","protected":false},"excerpt":{"rendered":"<p>\u00c9s possible implicar els nostres fills en la seva pr\u00f2pia alimentaci\u00f3?<br \/>\n<strong>En Brots \u00e9s un genu\u00ed personatge capa\u00e7 de transmetre als m\u00e9s petits les necessitats que t\u00e9 per convertir-se en un meravell\u00f3s hortet. Amb ell prendran consci\u00e8ncia sobre el medi ambient, el menjar s\u00e0 i de qualitat i en definitiva el consum responsable.<\/strong><br \/>\nUn material educatiu amb una hist\u00f2ria interactiva i emocionant, on el nen \u00e9s el protagonista i apr\u00e8n, de la forma m\u00e9s pr\u00e0ctica i divertida, conceptes sobre la natura, la vida i l\u2019amistat.<br \/>\nPlanta, juga i cuina amb en Brots \u00e9s un nou producte de la fam\u00edlia SeedBox, la revoluci\u00f3 dels horts urbans. Els SeedBox son petites capses que contenen tot all\u00f2 necessari per introduir-se al m\u00f3n de l&#8217;autocultiu, per a totes les edats i gustos.<br \/>\nEn aquest cas, est\u00e0 <em>destinat a nens de 6 a 9 anys<\/em>, que cont\u00ednuament es pregunten d&#8217;on v\u00e9nen les coses, per qu\u00e8 existeixen i per qu\u00e8 serveixen\u2026; a nens amb una curiositat insaciable i amb m\u00e9s sensibilitat per un aprenentatge pr\u00e0ctic, que prefereixen embrutar-se i descobrir les coses per ells mateixos, i que sempre estan disposats a jugar!<br \/>\nA m\u00e9s, amb en Brots aprendran a tenir una responsabilitat, l\u2019hauran de cuidar perqu\u00e8 finalment doni els seus fruits i amb aquests poder fer unes delicioses receptes. Una primera introducci\u00f3 a la cuina ecol\u00f2gica i sana!<br \/>\nConverteix-los en experts hortolans amb en Brots!<\/p>\n","protected":false},"featured_media":19233,"comment_status":"open","ping_status":"closed","template":"","meta":{"_et_pb_use_builder":"","_et_pb_old_content":"","_et_gb_content_width":""},"product_cat":[1512,6675,1510],"product_tag":[2602],"edicion":[1083],"editoriales":[1160],"tienda":[],"autor_id":[5818],"universidades_coeditoras":[],"palabras_clave":[],"listado_alfabetico":[],"acf":[],"_links":{"self":[{"href":"https:\/\/wizardly-davinci.82-223-8-23.plesk.page\/en\/wp-json\/wp\/v2\/product\/19232"}],"collection":[{"href":"https:\/\/wizardly-davinci.82-223-8-23.plesk.page\/en\/wp-json\/wp\/v2\/product"}],"about":[{"href":"https:\/\/wizardly-davinci.82-223-8-23.plesk.page\/en\/wp-json\/wp\/v2\/types\/product"}],"replies":[{"embeddable":true,"href":"https:\/\/wizardly-davinci.82-223-8-23.plesk.page\/en\/wp-json\/wp\/v2\/comments?post=19232"}],"wp:featuredmedia":[{"embeddable":true,"href":"https:\/\/wizardly-davinci.82-223-8-23.plesk.page\/en\/wp-json\/wp\/v2\/media\/19233"}],"wp:attachment":[{"href":"https:\/\/wizardly-davinci.82-223-8-23.plesk.page\/en\/wp-json\/wp\/v2\/media?parent=19232"}],"wp:term":[{"taxonomy":"product_cat","embeddable":true,"href":"https:\/\/wizardly-davinci.82-223-8-23.plesk.page\/en\/wp-json\/wp\/v2\/product_cat?post=19232"},{"taxonomy":"product_tag","embeddable":true,"href":"https:\/\/wizardly-davinci.82-223-8-23.plesk.page\/en\/wp-json\/wp\/v2\/product_tag?post=19232"},{"taxonomy":"edicion","embeddable":true,"href":"https:\/\/wizardly-davinci.82-223-8-23.plesk.page\/en\/wp-json\/wp\/v2\/edicion?post=19232"},{"taxonomy":"editoriales","embeddable":true,"href":"https:\/\/wizardly-davinci.82-223-8-23.plesk.page\/en\/wp-json\/wp\/v2\/editoriales?post=19232"},{"taxonomy":"tienda","embeddable":true,"href":"https:\/\/wizardly-davinci.82-223-8-23.plesk.page\/en\/wp-json\/wp\/v2\/tienda?post=19232"},{"taxonomy":"autor_id","embeddable":true,"href":"https:\/\/wizardly-davinci.82-223-8-23.plesk.page\/en\/wp-json\/wp\/v2\/autor_id?post=19232"},{"taxonomy":"universidades_coeditoras","embeddable":true,"href":"https:\/\/wizardly-davinci.82-223-8-23.plesk.page\/en\/wp-json\/wp\/v2\/universidades_coeditoras?post=19232"},{"taxonomy":"palabras_clave","embeddable":true,"href":"https:\/\/wizardly-davinci.82-223-8-23.plesk.page\/en\/wp-json\/wp\/v2\/palabras_clave?post=19232"},{"taxonomy":"listado_alfabetico","embeddable":true,"href":"https:\/\/wizardly-davinci.82-223-8-23.plesk.page\/en\/wp-json\/wp\/v2\/listado_alfabetico?post=19232"}],"curies":[{"name":"wp","href":"https:\/\/api.w.org\/{rel}","templated":true}]}}