{"id":19234,"date":"2019-04-09T23:01:20","date_gmt":"2019-04-09T23:01:20","guid":{"rendered":"https:\/\/octaedro.com\/producto\/la-marina-una-superheroina-diferent\/"},"modified":"2023-04-25T13:22:32","modified_gmt":"2023-04-25T11:22:32","slug":"la-marina-una-superheroina-diferent","status":"publish","type":"product","link":"https:\/\/wizardly-davinci.82-223-8-23.plesk.page\/en\/producto\/la-marina-una-superheroina-diferent\/","title":{"rendered":"La Marina: una superhero\u00efna diferent"},"content":{"rendered":"<p><em>La Marina: una superhero\u00efna diferent<\/em> \u00e9s un conte del projecte Superherois (<a href=\"&quot;http:\/\/www.superherois.cat\/&quot;\">www.superherois.cat<\/a>), que pret\u00e9n apropar-nos als trastorns de l\u2019espectre autista o TEA des d\u2019una perspectiva propera i de car\u00e0cter po\u00e8tic i metaf\u00f2ric.<\/p>\n<p>Els dos contes que componen aquest projecte se centren en dues perspectives poc tractades fins ara: la dels progenitors amb un fill amb TEA i la d\u2019una nena que pateix aquest trastorn.<\/p>\n<p>En aquest conte es narren algunes de les viv\u00e8ncies dels nens i nenes amb aquests tipus de trastorns del desenvolupament i les dels seus familiars, cosa que ens permet apropar-nos d\u2019una forma educativa i senzilla a algunes de les dificultats i els reptes amb qu\u00e8 conviuen tots plegats. Al final del conte s\u2019inclou un apartat dirigit als adults que acompanyen en la lectura, en qu\u00e8 s\u2019explica el projecte i s\u2019ofereixen reflexions i activitats per tractar els continguts amb m\u00e9s profunditat.<\/p>\n<p>Les il\u00b7lustracions s\u00f3n de:<\/p>\n<p><strong>L\u2019\u00d2scar Sarramia<\/strong>, il\u00b7lustrador i director art\u00edstic d\u2019aquest conte. Treballa en la il\u00b7lustraci\u00f3 de diaris, revistes, contes, dibuixos animats, etc. Ha treballat en s\u00e8ries i pel\u00b7l\u00edcules, i combina tota aquesta tasca amb la doc\u00e8ncia (<a href=\"&quot;http:\/\/www.oscarsarramia.com\/&quot;\"> www.oscarsarramia.com<\/a>).<\/p>\n<p>L\u2019<strong>Alicia Rodr\u00edguez<\/strong>, la <strong>Laura P\u00e9rez<\/strong>, la <strong>Marina Luque<\/strong>, la <strong>Raquel Galobart<\/strong> i en <strong>Sergi Lapuerta<\/strong>, il\u00b7lustradors en formaci\u00f3 del segon curs del Cicle de Grau Superior d\u2019Il\u00b7lustraci\u00f3 de l\u2019Escola d\u2019ART La Industrial de Barcelona. Cada il\u00b7lustrador ha tingut llibertat per fer la seva interpretaci\u00f3 de les l\u00e0mines que se li demanaven, per\u00f2 el conte mant\u00e9 una l\u00ednia de continu\u00eftat entre els diferents estils gr\u00e0cies a la direcci\u00f3 art\u00edstica.<\/p>\n","protected":false},"excerpt":{"rendered":"<p><em>La Marina: una superhero\u00efna diferent<\/em> \u00e9s un conte del projecte Superherois (<a href=\"&quot;http:\/\/www.superherois.cat\/&quot;\">www.superherois.cat<\/a>), que pret\u00e9n apropar-nos als trastorns de l\u2019espectre autista o TEA des d\u2019una perspectiva propera i de car\u00e0cter po\u00e8tic i metaf\u00f2ric.<\/p>\n<p>Els dos contes que componen aquest projecte se centren en dues perspectives poc tractades fins ara: la dels progenitors amb un fill amb TEA i la d\u2019una nena que pateix aquest trastorn.<\/p>\n<p>En aquest conte es narren algunes de les viv\u00e8ncies dels nens i nenes amb aquests tipus de trastorns del desenvolupament i les dels seus familiars, cosa que ens permet apropar-nos d\u2019una forma educativa i senzilla a algunes de les dificultats i els reptes amb qu\u00e8 conviuen tots plegats. Al final del conte s\u2019inclou un apartat dirigit als adults que acompanyen en la lectura, en qu\u00e8 s\u2019explica el projecte i s\u2019ofereixen reflexions i activitats per tractar els continguts amb m\u00e9s profunditat.<\/p>\n<p>Les il\u00b7lustracions s\u00f3n de:<\/p>\n<p><strong>L\u2019\u00d2scar Sarramia<\/strong>, il\u00b7lustrador i director art\u00edstic d\u2019aquest conte. Treballa en la il\u00b7lustraci\u00f3 de diaris, revistes, contes, dibuixos animats, etc. Ha treballat en s\u00e8ries i pel\u00b7l\u00edcules, i combina tota aquesta tasca amb la doc\u00e8ncia (<a href=\"&quot;http:\/\/www.oscarsarramia.com\/&quot;\"> www.oscarsarramia.com<\/a>).<\/p>\n<p>L\u2019<strong>Alicia Rodr\u00edguez<\/strong>, la <strong>Laura P\u00e9rez<\/strong>, la <strong>Marina Luque<\/strong>, la <strong>Raquel Galobart<\/strong> i en <strong>Sergi Lapuerta<\/strong>, il\u00b7lustradors en formaci\u00f3 del segon curs del Cicle de Grau Superior d\u2019Il\u00b7lustraci\u00f3 de l\u2019Escola d\u2019ART La Industrial de Barcelona. Cada il\u00b7lustrador ha tingut llibertat per fer la seva interpretaci\u00f3 de les l\u00e0mines que se li demanaven, per\u00f2 el conte mant\u00e9 una l\u00ednia de continu\u00eftat entre els diferents estils gr\u00e0cies a la direcci\u00f3 art\u00edstica.<\/p>\n","protected":false},"featured_media":19235,"comment_status":"open","ping_status":"closed","template":"","meta":{"_et_pb_use_builder":"","_et_pb_old_content":"","_et_gb_content_width":""},"product_cat":[6675,7649,1510],"product_tag":[2602],"edicion":[1083],"editoriales":[1160],"tienda":[],"autor_id":[6248],"universidades_coeditoras":[],"palabras_clave":[],"listado_alfabetico":[],"acf":[],"_links":{"self":[{"href":"https:\/\/wizardly-davinci.82-223-8-23.plesk.page\/en\/wp-json\/wp\/v2\/product\/19234"}],"collection":[{"href":"https:\/\/wizardly-davinci.82-223-8-23.plesk.page\/en\/wp-json\/wp\/v2\/product"}],"about":[{"href":"https:\/\/wizardly-davinci.82-223-8-23.plesk.page\/en\/wp-json\/wp\/v2\/types\/product"}],"replies":[{"embeddable":true,"href":"https:\/\/wizardly-davinci.82-223-8-23.plesk.page\/en\/wp-json\/wp\/v2\/comments?post=19234"}],"wp:featuredmedia":[{"embeddable":true,"href":"https:\/\/wizardly-davinci.82-223-8-23.plesk.page\/en\/wp-json\/wp\/v2\/media\/19235"}],"wp:attachment":[{"href":"https:\/\/wizardly-davinci.82-223-8-23.plesk.page\/en\/wp-json\/wp\/v2\/media?parent=19234"}],"wp:term":[{"taxonomy":"product_cat","embeddable":true,"href":"https:\/\/wizardly-davinci.82-223-8-23.plesk.page\/en\/wp-json\/wp\/v2\/product_cat?post=19234"},{"taxonomy":"product_tag","embeddable":true,"href":"https:\/\/wizardly-davinci.82-223-8-23.plesk.page\/en\/wp-json\/wp\/v2\/product_tag?post=19234"},{"taxonomy":"edicion","embeddable":true,"href":"https:\/\/wizardly-davinci.82-223-8-23.plesk.page\/en\/wp-json\/wp\/v2\/edicion?post=19234"},{"taxonomy":"editoriales","embeddable":true,"href":"https:\/\/wizardly-davinci.82-223-8-23.plesk.page\/en\/wp-json\/wp\/v2\/editoriales?post=19234"},{"taxonomy":"tienda","embeddable":true,"href":"https:\/\/wizardly-davinci.82-223-8-23.plesk.page\/en\/wp-json\/wp\/v2\/tienda?post=19234"},{"taxonomy":"autor_id","embeddable":true,"href":"https:\/\/wizardly-davinci.82-223-8-23.plesk.page\/en\/wp-json\/wp\/v2\/autor_id?post=19234"},{"taxonomy":"universidades_coeditoras","embeddable":true,"href":"https:\/\/wizardly-davinci.82-223-8-23.plesk.page\/en\/wp-json\/wp\/v2\/universidades_coeditoras?post=19234"},{"taxonomy":"palabras_clave","embeddable":true,"href":"https:\/\/wizardly-davinci.82-223-8-23.plesk.page\/en\/wp-json\/wp\/v2\/palabras_clave?post=19234"},{"taxonomy":"listado_alfabetico","embeddable":true,"href":"https:\/\/wizardly-davinci.82-223-8-23.plesk.page\/en\/wp-json\/wp\/v2\/listado_alfabetico?post=19234"}],"curies":[{"name":"wp","href":"https:\/\/api.w.org\/{rel}","templated":true}]}}