{"id":19236,"date":"2019-04-09T23:01:21","date_gmt":"2019-04-09T23:01:21","guid":{"rendered":"https:\/\/octaedro.com\/producto\/en-marc-i-els-superherois\/"},"modified":"2023-04-25T13:22:36","modified_gmt":"2023-04-25T11:22:36","slug":"en-marc-i-els-superherois","status":"publish","type":"product","link":"https:\/\/wizardly-davinci.82-223-8-23.plesk.page\/en\/producto\/en-marc-i-els-superherois\/","title":{"rendered":"En Marc i els superherois"},"content":{"rendered":"<p><em>En Marc i els superherois<\/em> \u00e9s un conte del projecte Superherois (<a href=\"&quot;http:\/\/www.superherois.cat\/&quot;\">www.superherois.cat<\/a>), que pret\u00e9n apropar-nos als trastorns de l\u2019espectre autista o TEA des d\u2019una perspectiva propera i de car\u00e0cter po\u00e8tic i metaf\u00f2ric.<\/p>\n<p>Els dos contes que componen aquest projecte se centren en dues perspectives poc tractades fins ara: la dels progenitors amb un fill amb TEA i la d\u2019una nena que pateix aquest trastorn.<\/p>\n<p>En aquest conte es narren algunes de les viv\u00e8ncies dels nens i nenes amb aquests tipus de trastorns del desenvolupament i les dels seus familiars, cosa que ens permet apropar-nos d\u2019una forma educativa i senzilla a algunes de les dificultats i els reptes amb qu\u00e8 conviuen tots plegats. Al final del conte s\u2019inclou un apartat dirigit als adults que acompanyen en la lectura, en qu\u00e8 s\u2019explica el projecte i s\u2019ofereixen reflexions i activitats per tractar els continguts amb m\u00e9s profunditat.<\/p>\n<p>Les il\u00b7lustracions s\u00f3n de l\u2019<strong>Eduard Blanch<\/strong>, dissenyador i il\u00b7lustrador, aplica els seus coneixements a les arts visuals, el cartellisme i el <em>packaging<\/em> i treballa l\u2019obra pl\u00e0stica i gr\u00e0fica (<a href=\"&quot;http:\/\/www.edublanch.com\/&quot;\"> www.edublanch.com<\/a>).<\/p>\n","protected":false},"excerpt":{"rendered":"<p><em>En Marc i els superherois<\/em> \u00e9s un conte del projecte Superherois (<a href=\"&quot;http:\/\/www.superherois.cat\/&quot;\">www.superherois.cat<\/a>), que pret\u00e9n apropar-nos als trastorns de l\u2019espectre autista o TEA des d\u2019una perspectiva propera i de car\u00e0cter po\u00e8tic i metaf\u00f2ric.<\/p>\n<p>Els dos contes que componen aquest projecte se centren en dues perspectives poc tractades fins ara: la dels progenitors amb un fill amb TEA i la d\u2019una nena que pateix aquest trastorn.<\/p>\n<p>En aquest conte es narren algunes de les viv\u00e8ncies dels nens i nenes amb aquests tipus de trastorns del desenvolupament i les dels seus familiars, cosa que ens permet apropar-nos d\u2019una forma educativa i senzilla a algunes de les dificultats i els reptes amb qu\u00e8 conviuen tots plegats. Al final del conte s\u2019inclou un apartat dirigit als adults que acompanyen en la lectura, en qu\u00e8 s\u2019explica el projecte i s\u2019ofereixen reflexions i activitats per tractar els continguts amb m\u00e9s profunditat.<\/p>\n<p>Les il\u00b7lustracions s\u00f3n de l\u2019<strong>Eduard Blanch<\/strong>, dissenyador i il\u00b7lustrador, aplica els seus coneixements a les arts visuals, el cartellisme i el <em>packaging<\/em> i treballa l\u2019obra pl\u00e0stica i gr\u00e0fica (<a href=\"&quot;http:\/\/www.edublanch.com\/&quot;\"> www.edublanch.com<\/a>).<\/p>\n","protected":false},"featured_media":19237,"comment_status":"open","ping_status":"closed","template":"","meta":{"_et_pb_use_builder":"","_et_pb_old_content":"","_et_gb_content_width":""},"product_cat":[6675,7649,1510],"product_tag":[2602],"edicion":[1083],"editoriales":[1160],"tienda":[],"autor_id":[6248],"universidades_coeditoras":[],"palabras_clave":[],"listado_alfabetico":[],"acf":[],"_links":{"self":[{"href":"https:\/\/wizardly-davinci.82-223-8-23.plesk.page\/en\/wp-json\/wp\/v2\/product\/19236"}],"collection":[{"href":"https:\/\/wizardly-davinci.82-223-8-23.plesk.page\/en\/wp-json\/wp\/v2\/product"}],"about":[{"href":"https:\/\/wizardly-davinci.82-223-8-23.plesk.page\/en\/wp-json\/wp\/v2\/types\/product"}],"replies":[{"embeddable":true,"href":"https:\/\/wizardly-davinci.82-223-8-23.plesk.page\/en\/wp-json\/wp\/v2\/comments?post=19236"}],"wp:featuredmedia":[{"embeddable":true,"href":"https:\/\/wizardly-davinci.82-223-8-23.plesk.page\/en\/wp-json\/wp\/v2\/media\/19237"}],"wp:attachment":[{"href":"https:\/\/wizardly-davinci.82-223-8-23.plesk.page\/en\/wp-json\/wp\/v2\/media?parent=19236"}],"wp:term":[{"taxonomy":"product_cat","embeddable":true,"href":"https:\/\/wizardly-davinci.82-223-8-23.plesk.page\/en\/wp-json\/wp\/v2\/product_cat?post=19236"},{"taxonomy":"product_tag","embeddable":true,"href":"https:\/\/wizardly-davinci.82-223-8-23.plesk.page\/en\/wp-json\/wp\/v2\/product_tag?post=19236"},{"taxonomy":"edicion","embeddable":true,"href":"https:\/\/wizardly-davinci.82-223-8-23.plesk.page\/en\/wp-json\/wp\/v2\/edicion?post=19236"},{"taxonomy":"editoriales","embeddable":true,"href":"https:\/\/wizardly-davinci.82-223-8-23.plesk.page\/en\/wp-json\/wp\/v2\/editoriales?post=19236"},{"taxonomy":"tienda","embeddable":true,"href":"https:\/\/wizardly-davinci.82-223-8-23.plesk.page\/en\/wp-json\/wp\/v2\/tienda?post=19236"},{"taxonomy":"autor_id","embeddable":true,"href":"https:\/\/wizardly-davinci.82-223-8-23.plesk.page\/en\/wp-json\/wp\/v2\/autor_id?post=19236"},{"taxonomy":"universidades_coeditoras","embeddable":true,"href":"https:\/\/wizardly-davinci.82-223-8-23.plesk.page\/en\/wp-json\/wp\/v2\/universidades_coeditoras?post=19236"},{"taxonomy":"palabras_clave","embeddable":true,"href":"https:\/\/wizardly-davinci.82-223-8-23.plesk.page\/en\/wp-json\/wp\/v2\/palabras_clave?post=19236"},{"taxonomy":"listado_alfabetico","embeddable":true,"href":"https:\/\/wizardly-davinci.82-223-8-23.plesk.page\/en\/wp-json\/wp\/v2\/listado_alfabetico?post=19236"}],"curies":[{"name":"wp","href":"https:\/\/api.w.org\/{rel}","templated":true}]}}