{"id":19274,"date":"2019-04-04T23:01:29","date_gmt":"2019-04-04T23:01:29","guid":{"rendered":"https:\/\/octaedro.com\/producto\/passos-1-quadern-dexercicis-basic-3-2\/"},"modified":"2023-04-25T13:22:45","modified_gmt":"2023-04-25T11:22:45","slug":"passos-1-quadern-dexercicis-basic-3-2","status":"publish","type":"product","link":"https:\/\/wizardly-davinci.82-223-8-23.plesk.page\/en\/producto\/passos-1-quadern-dexercicis-basic-3-2\/","title":{"rendered":"Passos 1. Quadern d&#8217;exercicis b\u00e0sic 3"},"content":{"rendered":"<p><strong>Passos<\/strong> \u00e9s un programa de cursos de catal\u00e0 presencial per a adults basat en l\u2019enfocament comunicatiu per tasques.<strong> Passos<\/strong> parteix de l\u2019estima per la nostra llengua\u00a0 i de l\u2019estima pels nostres alumnes, amb el convenciment que la llengua \u00e9s vehicle d\u2019arrelament a la societat que els acull.<\/p>\n<p>Per aquest curs, mantenim sense canvis les \u00faltimes edicions on es van revisar tant els llibres com els quaderns i les guies dels <strong>Passos 1<\/strong>, <strong>Passos 2<\/strong> i <strong>Passos 3.<\/strong> En aquesta revisi\u00f3, d\u2019una banda, tenim en compte les novetats ortogr\u00e0fiques i gramaticals de l\u2019IEC i, de l\u2019altra, aprofitem l\u2019avinentesa per revisar novament la feina feta, de manera que milloraran alguns \u00e0udios, algunes graelles, algunes fotografies i unes quantes activitats.<\/p>\n","protected":false},"excerpt":{"rendered":"<p><strong> Nova edici\u00f3 actualitzada 2017!<\/strong><\/p>\n<p>Hem revisant els <strong><em>Passos<\/em><\/strong>: tant els llibres com els quaderns i les guies dels <em>Passos 1<\/em>, <em>Passos 2<\/em> i <em>Passos 3<\/em>.<\/p>\n<p>En aquesta revisi\u00f3, d\u2019una banda, tenim en compte les novetats ortogr\u00e0fiques i gramaticals de l\u2019IEC i, de l\u2019altra, aprofitem l\u2019avinentesa per revisar novament la feina feta, de manera que milloraran alguns \u00e0udios, algunes graelles, algunes fotografies i unes quantes activitats, per\u00f2 hem procurat que la paginaci\u00f3 sigui pr\u00e0cticament la mateixa, per fer m\u00e9s f\u00e0cil la conviv\u00e8ncia, durant un temps, de l\u2019edici\u00f3 del 2011 i l\u2019actual.<\/p>\n","protected":false},"featured_media":19275,"comment_status":"open","ping_status":"closed","template":"","meta":{"_et_pb_use_builder":"","_et_pb_old_content":"","_et_gb_content_width":""},"product_cat":[1512,6675,1510,1506],"product_tag":[2602],"edicion":[1083],"editoriales":[1160],"tienda":[],"autor_id":[5235,6104,6282],"universidades_coeditoras":[],"palabras_clave":[],"listado_alfabetico":[],"acf":[],"_links":{"self":[{"href":"https:\/\/wizardly-davinci.82-223-8-23.plesk.page\/en\/wp-json\/wp\/v2\/product\/19274"}],"collection":[{"href":"https:\/\/wizardly-davinci.82-223-8-23.plesk.page\/en\/wp-json\/wp\/v2\/product"}],"about":[{"href":"https:\/\/wizardly-davinci.82-223-8-23.plesk.page\/en\/wp-json\/wp\/v2\/types\/product"}],"replies":[{"embeddable":true,"href":"https:\/\/wizardly-davinci.82-223-8-23.plesk.page\/en\/wp-json\/wp\/v2\/comments?post=19274"}],"wp:featuredmedia":[{"embeddable":true,"href":"https:\/\/wizardly-davinci.82-223-8-23.plesk.page\/en\/wp-json\/wp\/v2\/media\/19275"}],"wp:attachment":[{"href":"https:\/\/wizardly-davinci.82-223-8-23.plesk.page\/en\/wp-json\/wp\/v2\/media?parent=19274"}],"wp:term":[{"taxonomy":"product_cat","embeddable":true,"href":"https:\/\/wizardly-davinci.82-223-8-23.plesk.page\/en\/wp-json\/wp\/v2\/product_cat?post=19274"},{"taxonomy":"product_tag","embeddable":true,"href":"https:\/\/wizardly-davinci.82-223-8-23.plesk.page\/en\/wp-json\/wp\/v2\/product_tag?post=19274"},{"taxonomy":"edicion","embeddable":true,"href":"https:\/\/wizardly-davinci.82-223-8-23.plesk.page\/en\/wp-json\/wp\/v2\/edicion?post=19274"},{"taxonomy":"editoriales","embeddable":true,"href":"https:\/\/wizardly-davinci.82-223-8-23.plesk.page\/en\/wp-json\/wp\/v2\/editoriales?post=19274"},{"taxonomy":"tienda","embeddable":true,"href":"https:\/\/wizardly-davinci.82-223-8-23.plesk.page\/en\/wp-json\/wp\/v2\/tienda?post=19274"},{"taxonomy":"autor_id","embeddable":true,"href":"https:\/\/wizardly-davinci.82-223-8-23.plesk.page\/en\/wp-json\/wp\/v2\/autor_id?post=19274"},{"taxonomy":"universidades_coeditoras","embeddable":true,"href":"https:\/\/wizardly-davinci.82-223-8-23.plesk.page\/en\/wp-json\/wp\/v2\/universidades_coeditoras?post=19274"},{"taxonomy":"palabras_clave","embeddable":true,"href":"https:\/\/wizardly-davinci.82-223-8-23.plesk.page\/en\/wp-json\/wp\/v2\/palabras_clave?post=19274"},{"taxonomy":"listado_alfabetico","embeddable":true,"href":"https:\/\/wizardly-davinci.82-223-8-23.plesk.page\/en\/wp-json\/wp\/v2\/listado_alfabetico?post=19274"}],"curies":[{"name":"wp","href":"https:\/\/api.w.org\/{rel}","templated":true}]}}