{"id":19472,"date":"2000-04-09T23:01:59","date_gmt":"2000-04-09T21:01:59","guid":{"rendered":"https:\/\/octaedro.com\/producto\/la-pedagogia-como-ciencia\/"},"modified":"2023-04-25T14:05:57","modified_gmt":"2023-04-25T12:05:57","slug":"la-pedagogia-como-ciencia","status":"publish","type":"product","link":"https:\/\/wizardly-davinci.82-223-8-23.plesk.page\/en\/producto\/la-pedagogia-como-ciencia\/","title":{"rendered":"La pedagog\u00eda como ciencia"},"content":{"rendered":"<p>Algunos de los trabajo m\u00e1s significativos de <span class=\"destacat\">Dietrich Benner<\/span>, catedr\u00e1tico de Pedagog\u00eda de la Universidad Humboldt de Berl\u00edn. A partir de la tradici\u00f3n renovada del pensamiento pedag\u00f3gico alem\u00e1n, el autor elabora una teor\u00eda que ilustra el establecimiento de una Pedagog\u00eda como ciencia centrada en la pr\u00e1ctica pedag\u00f3gica, as\u00ed como la creaci\u00f3n de una teor\u00eda educativa favorecedora de la acci\u00f3n independiente y la transformaci\u00f3n de la determinaci\u00f3n social, es decir, producida socialmente por sujetos activos.<\/p>\n","protected":false},"excerpt":{"rendered":"<p>Algunos de los trabajo m\u00e1s significativos de <span class=\"destacat\">Dietrich Benner<\/span>, catedr\u00e1tico de Pedagog\u00eda de la Universidad Humboldt de Berl\u00edn. A partir de la tradici\u00f3n renovada del pensamiento pedag\u00f3gico alem\u00e1n, el autor elabora una teor\u00eda que ilustra el establecimiento de una Pedagog\u00eda como ciencia centrada en la pr\u00e1ctica pedag\u00f3gica, as\u00ed como la creaci\u00f3n de una teor\u00eda educativa favorecedora de la acci\u00f3n independiente y la transformaci\u00f3n de la determinaci\u00f3n social, es decir, producida socialmente por sujetos activos.<\/p>\n","protected":false},"featured_media":19473,"comment_status":"open","ping_status":"closed","template":"","meta":{"_et_pb_use_builder":"","_et_pb_old_content":"","_et_gb_content_width":""},"product_cat":[2614,6675],"product_tag":[],"edicion":[1083],"editoriales":[1157],"tienda":[],"autor_id":[5143],"universidades_coeditoras":[],"palabras_clave":[],"listado_alfabetico":[],"acf":[],"_links":{"self":[{"href":"https:\/\/wizardly-davinci.82-223-8-23.plesk.page\/en\/wp-json\/wp\/v2\/product\/19472"}],"collection":[{"href":"https:\/\/wizardly-davinci.82-223-8-23.plesk.page\/en\/wp-json\/wp\/v2\/product"}],"about":[{"href":"https:\/\/wizardly-davinci.82-223-8-23.plesk.page\/en\/wp-json\/wp\/v2\/types\/product"}],"replies":[{"embeddable":true,"href":"https:\/\/wizardly-davinci.82-223-8-23.plesk.page\/en\/wp-json\/wp\/v2\/comments?post=19472"}],"wp:featuredmedia":[{"embeddable":true,"href":"https:\/\/wizardly-davinci.82-223-8-23.plesk.page\/en\/wp-json\/wp\/v2\/media\/19473"}],"wp:attachment":[{"href":"https:\/\/wizardly-davinci.82-223-8-23.plesk.page\/en\/wp-json\/wp\/v2\/media?parent=19472"}],"wp:term":[{"taxonomy":"product_cat","embeddable":true,"href":"https:\/\/wizardly-davinci.82-223-8-23.plesk.page\/en\/wp-json\/wp\/v2\/product_cat?post=19472"},{"taxonomy":"product_tag","embeddable":true,"href":"https:\/\/wizardly-davinci.82-223-8-23.plesk.page\/en\/wp-json\/wp\/v2\/product_tag?post=19472"},{"taxonomy":"edicion","embeddable":true,"href":"https:\/\/wizardly-davinci.82-223-8-23.plesk.page\/en\/wp-json\/wp\/v2\/edicion?post=19472"},{"taxonomy":"editoriales","embeddable":true,"href":"https:\/\/wizardly-davinci.82-223-8-23.plesk.page\/en\/wp-json\/wp\/v2\/editoriales?post=19472"},{"taxonomy":"tienda","embeddable":true,"href":"https:\/\/wizardly-davinci.82-223-8-23.plesk.page\/en\/wp-json\/wp\/v2\/tienda?post=19472"},{"taxonomy":"autor_id","embeddable":true,"href":"https:\/\/wizardly-davinci.82-223-8-23.plesk.page\/en\/wp-json\/wp\/v2\/autor_id?post=19472"},{"taxonomy":"universidades_coeditoras","embeddable":true,"href":"https:\/\/wizardly-davinci.82-223-8-23.plesk.page\/en\/wp-json\/wp\/v2\/universidades_coeditoras?post=19472"},{"taxonomy":"palabras_clave","embeddable":true,"href":"https:\/\/wizardly-davinci.82-223-8-23.plesk.page\/en\/wp-json\/wp\/v2\/palabras_clave?post=19472"},{"taxonomy":"listado_alfabetico","embeddable":true,"href":"https:\/\/wizardly-davinci.82-223-8-23.plesk.page\/en\/wp-json\/wp\/v2\/listado_alfabetico?post=19472"}],"curies":[{"name":"wp","href":"https:\/\/api.w.org\/{rel}","templated":true}]}}